{"id":6979,"date":"2024-09-27T10:04:42","date_gmt":"2024-09-27T08:04:42","guid":{"rendered":"https:\/\/www.domaine-2soleils.com\/?page_id=6979"},"modified":"2026-03-23T14:09:04","modified_gmt":"2026-03-23T13:09:04","slug":"camping-orpierre","status":"publish","type":"page","link":"https:\/\/www.domaine-2soleils.com\/fr\/camping-orpierre\/","title":{"rendered":"Camping aux portes d\u2019Orpierre"},"content":{"rendered":"\n<p>Envie d&rsquo;une immersion en pleine nature dans un environnement riche en paysages vari\u00e9s pour vos prochaines vacances en famille ? Et si vous mettiez le cap sur les Hautes-Alpes, en Provence-Alpes-C\u00f4te d&rsquo;Azur ? D\u00e9couvrez notre <a href=\"\/fr\/\">camping dans les Hautes-Alpes \u00e0 Serres<\/a>, le Domaine Les 2 Soleils, un<strong> camping proche d\u2019Orpierre <\/strong>(18 km) situ\u00e9 \u00e0 Serres, entre montagnes, lacs et parcs naturels.&nbsp;<\/p>\n\n\n\n<figure class=\"wp-block-gallery has-nested-images columns-default is-cropped wp-block-gallery-1 is-layout-flex wp-block-gallery-is-layout-flex\">\n<figure class=\"wp-block-image size-full\"><img decoding=\"async\" width=\"601\" height=\"400\" src=\"https:\/\/www.domaine-2soleils.com\/wp-content\/uploads\/2023\/10\/304-Camping-Hautes-Alpes-avec-piscine-Les-Deux-Soleils-Ciela-Village.jpg\" alt=\"camping avec piscine orpierre\" class=\"wp-image-5931\" srcset=\"https:\/\/www.domaine-2soleils.com\/wp-content\/uploads\/2023\/10\/304-Camping-Hautes-Alpes-avec-piscine-Les-Deux-Soleils-Ciela-Village.jpg 601w, https:\/\/www.domaine-2soleils.com\/wp-content\/uploads\/2023\/10\/304-Camping-Hautes-Alpes-avec-piscine-Les-Deux-Soleils-Ciela-Village-300x200.jpg 300w\" sizes=\"(max-width: 601px) 100vw, 601px\" \/><\/figure>\n\n\n\n<figure class=\"wp-block-image size-full\"><img decoding=\"async\" width=\"600\" height=\"400\" src=\"https:\/\/www.domaine-2soleils.com\/wp-content\/uploads\/2023\/11\/camping-hautes-alpes-terrains-multisports.jpg\" alt=\"camping orpierre terrains multisports\" class=\"wp-image-6408\" srcset=\"https:\/\/www.domaine-2soleils.com\/wp-content\/uploads\/2023\/11\/camping-hautes-alpes-terrains-multisports.jpg 600w, https:\/\/www.domaine-2soleils.com\/wp-content\/uploads\/2023\/11\/camping-hautes-alpes-terrains-multisports-300x200.jpg 300w\" sizes=\"(max-width: 600px) 100vw, 600px\" \/><\/figure>\n\n\n\n<figure class=\"wp-block-image size-large\"><img decoding=\"async\" width=\"600\" height=\"801\" src=\"https:\/\/www.domaine-2soleils.com\/wp-content\/uploads\/2023\/11\/camping-dans-les-alpes-les-deux-soleils-en-pleine-nature.jpg\" alt=\"camping dans les alpes les deux soleils en pleine nature orpierre\" class=\"wp-image-6484\" srcset=\"https:\/\/www.domaine-2soleils.com\/wp-content\/uploads\/2023\/11\/camping-dans-les-alpes-les-deux-soleils-en-pleine-nature.jpg 600w, https:\/\/www.domaine-2soleils.com\/wp-content\/uploads\/2023\/11\/camping-dans-les-alpes-les-deux-soleils-en-pleine-nature-225x300.jpg 225w\" sizes=\"(max-width: 600px) 100vw, 600px\" \/><\/figure>\n<\/figure>\n\n\n\n<h2 class=\"wp-block-heading\">Des h\u00e9bergements sous le signe de la qualit\u00e9<\/h2>\n\n\n\n<p>Dans notre camping 3 \u00e9toiles, vous avez le choix entre l\u2019emplacement de camping et le mobil-home pour vos vacances dans les Hautes-Alpes, dans le sud de la France.<\/p>\n\n\n\n<p>Si <strong>la d\u00e9connexion <\/strong>est votre principale motivation pour vos vacances, r\u00e9servez sans h\u00e9siter un emplacement de camping dans les Hautes Alpes. Notre<strong> camping pr\u00e8s d&rsquo;Orpierre <\/strong>vous accueille sur des emplacements mesurant entre 80 et 150 m<sup>2<\/sup>. Vous pourrez planter dessus votre tente ou bien stationner votre van, camping-car ou caravane ou m\u00eame passer vos nuits \u00e0 la belle \u00e9toile. En choisissant cette option d\u2019h\u00e9bergement pour votre s\u00e9jour en camping en Provence-Alpes-C\u00f4te d&rsquo;Azur, vous optez pour<strong> le d\u00e9paysement en pleine nature<\/strong>. Nos emplacements sont en effet entour\u00e9s d\u2019arbres, d&rsquo;arbustes et de plantes, et jouissent d\u2019une vue sur la belle nature environnante. De plus, l\u2019intimit\u00e9 est pr\u00e9serv\u00e9e au moyen de haies ou bien d\u2019une v\u00e9g\u00e9tation dense.&nbsp;<\/p>\n\n\n\n<p>Si vous n\u2019\u00eates pas contre <strong>un peu plus de confort<\/strong>, d\u00e9couvrez <strong>la <\/strong>location de mobil-home<strong> <\/strong>de notre <strong>camping \u00e0 proximit\u00e9 d\u2019Orpierre<\/strong>. Dot\u00e9s de 2 \u00e0 3 chambres, ces h\u00e9bergements sont \u00e9quip\u00e9s de <strong>pi\u00e8ces fonctionnelles et bien agenc\u00e9es <\/strong>(cuisine, salle de bain, salon-salle \u00e0 manger, terrasse ext\u00e9rieure). Tout au long de vos vacances en camping, vous appr\u00e9cierez le grand confort de ces h\u00e9bergements ainsi que l\u2019aspect convivial de l\u2019espace salon et de la terrasse ext\u00e9rieure. B\u00e9n\u00e9ficiant d\u2019une vue sur la v\u00e9g\u00e9tation ext\u00e9rieure, cette terrasse sera <strong>votre point de ralliement<\/strong> pour vos repas ou jeux de soci\u00e9t\u00e9 en famille. Vos nuits seront reposantes et vous serez en pleine forme pour visiter les plus beaux coins de Provence-Alpes-C\u00f4te d&rsquo;Azur !<br>Mais ce n&rsquo;est pas tout : nous vous proposons de passer une nuit insolite dans les Hautes Alpes :<strong> <\/strong>dans <strong>la tente Ciela Nature<\/strong>. C\u2019est une petite cabane en structure bois et en toit et murs en toile qui offre un confort rudimentaire. Ici, pas de WC ni de salle de bain, histoire de <strong>d\u00e9connecter du quotidien<\/strong> !<\/p>\n\n\n\n<div class=\"wp-block-columns is-layout-flex wp-container-core-columns-is-layout-9d6595d7 wp-block-columns-is-layout-flex\">\n<div class=\"wp-block-column is-vertically-aligned-center is-layout-flow wp-block-column-is-layout-flow\">\n<h2 class=\"wp-block-heading\">Un espace aquatique de toute beaut\u00e9<\/h2>\n\n\n\n<p>Les amoureux de l\u2019eau seront ravis de d\u00e9couvrir, dans notre <strong>camping pr\u00e8s d\u2019Orpierre<\/strong>, une <strong>belle piscine chauff\u00e9e<\/strong> ! Ici, le bleu turquoise de l\u2019eau contraste avec le vert de la nature environnante. En nageant dans notre piscine, vous b\u00e9n\u00e9ficiez en effet d\u2019une<strong> vue renversante sur les Alpes <\/strong>et sur les collines environnantes. Peu de campings, dans ce coin de France, peuvent se targuer de proposer une piscine avec une si belle vue sur les Alpes !&nbsp;<\/p>\n\n\n\n<p>Entre deux brasses, accordez-vous donc une pause bien m\u00e9rit\u00e9e sur la terrasse, sur un <strong>transat au bord de l\u2019eau<\/strong>, sous une paillote, pour admirer ces splendides paysages.<br>Les enfants passeront de longs moments \u00e0 s\u2019amuser dans la piscine avec leurs copains de vacances et \u00e0 barboter dans la <strong>pataugeoire chauff\u00e9e<\/strong> durant les vacances en camping en Provence-Alpes-C\u00f4te d&rsquo;Azur.<br>Vous appr\u00e9cierez encore davantage <a href=\"\/fr\/camping-piscine-hautes-alpes\/\">camping avec piscine dans les Hautes-Alpes<\/a> apr\u00e8s une journ\u00e9e riche en visites de la r\u00e9gion ou en activit\u00e9s de plein air, comme le <a href=\"\/fr\/decouvrir-hautes-alpes\/le-canyoning-dans-les-hautes-alpes\/\">canyoning dans les Hautes-Alpes<\/a> !<\/p>\n<\/div>\n\n\n\n<div class=\"wp-block-column is-vertically-aligned-center is-layout-flow wp-block-column-is-layout-flow\"><div class=\"wp-block-image\">\n<figure class=\"aligncenter size-large\"><img decoding=\"async\" width=\"1024\" height=\"636\" src=\"https:\/\/www.domaine-2soleils.com\/wp-content\/uploads\/2023\/12\/img_test_homepage-1024x636.jpg\" alt=\"camping avec piscine orpierre\" class=\"wp-image-6776\" srcset=\"https:\/\/www.domaine-2soleils.com\/wp-content\/uploads\/2023\/12\/img_test_homepage-1024x636.jpg 1024w, https:\/\/www.domaine-2soleils.com\/wp-content\/uploads\/2023\/12\/img_test_homepage-300x186.jpg 300w, https:\/\/www.domaine-2soleils.com\/wp-content\/uploads\/2023\/12\/img_test_homepage-768x477.jpg 768w, https:\/\/www.domaine-2soleils.com\/wp-content\/uploads\/2023\/12\/img_test_homepage-1536x955.jpg 1536w, https:\/\/www.domaine-2soleils.com\/wp-content\/uploads\/2023\/12\/img_test_homepage.jpg 1900w\" sizes=\"(max-width: 1024px) 100vw, 1024px\" \/><\/figure>\n<\/div><\/div>\n<\/div>\n\n\n\n<h2 class=\"wp-block-heading\">Des activit\u00e9s pour toute la famille<\/h2>\n\n\n\n<p>Vos enfants sont les bienvenus au Ciela Kids Club, le <strong>club enfants<\/strong> de notre <strong>camping proche d\u2019Orpierre<\/strong>, o\u00f9 ils sont invit\u00e9s \u00e0 participer \u00e0 des ateliers cr\u00e9atifs, des activit\u00e9s sportives et des jeux en plein air.&nbsp;<\/p>\n\n\n\n<p>Les vacances en camping dans les Hautes-Alpes seront \u00e9galement synonymes de sport pour toute la famille gr\u00e2ce \u00e0 nos <strong>installations sportives <\/strong>: terrain de p\u00e9tanque, tables de ping-pong, terrain multisport pour le volley, le foot ou le basket, sans oublier la piscine o\u00f9 sont organis\u00e9s des tournois de water-polo.<br>Pour s&rsquo;amuser le soir avec les enfants, l\u2019\u00e9quipe de notre camping 3 \u00e9toiles vous concocte un <strong>joyeux programme d&rsquo;animations <\/strong>comprenant karaok\u00e9, jeux loup-garou, projection de films, pot de bienvenue, mais aussi concerts et soir\u00e9es dansantes.&nbsp;<\/p>\n\n\n\n<h2 class=\"wp-block-heading\">Des services complets pour des vacances optimales<\/h2>\n\n\n\n<p>Pour que nos clients ne manquent de rien pendant leurs vacances en famille dans notre <strong>camping proche d\u2019Orpierre<\/strong>, notre \u00e9tablissement met \u00e0 leur disposition un <strong>snack-bar<\/strong> pour se restaurer et siroter une boisson fra\u00eeche. Profitez \u00e9galement d\u2019un service de<strong> d\u00e9p\u00f4t de pain <\/strong>ainsi que d\u2019une <strong>\u00e9picerie<\/strong> comprenant des produits de premi\u00e8re n\u00e9cessit\u00e9. Pour laver votre linge, notre camping vous donne acc\u00e8s \u00e0 une<strong> laverie <\/strong>avec machines \u00e0 laver et s\u00e8che-linges. Enfin, dans notre<strong> camping \u00e0 proximit\u00e9 d\u2019Orpierre<\/strong>, vous pouvez vous servir du <strong>barbecue collectif <\/strong>et b\u00e9n\u00e9ficier de notre<strong> service de location<\/strong> (plancha, r\u00e9frig\u00e9rateur, cong\u00e9lateur\u2026).<\/p>\n\n\n\n<h2 class=\"wp-block-heading\">Que visiter lors d\u2019un s\u00e9jour en camping pr\u00e8s d&rsquo;Orpierre ?&nbsp;<\/h2>\n\n\n\n<p>Profitez de votre s\u00e9jour en camping dans les Hautes-Alpes, \u00e0 quelques kilom\u00e8tres d\u2019Orpierre, pour visiter les plus beaux sites de ce coin de Provence-Alpes-C\u00f4te d&rsquo;Azur et vous immerger dans la nature. Le <a href=\"\/fr\/camping-rosans\/\">camping \u00e0 proximit\u00e9 de Rosans<\/a> est \u00e9galement accessible depuis notre \u00e9tablissement.&nbsp;<\/p>\n\n\n\n<figure class=\"wp-block-gallery has-nested-images columns-default is-cropped wp-block-gallery-2 is-layout-flex wp-block-gallery-is-layout-flex\">\n<figure class=\"wp-block-image size-large\"><img decoding=\"async\" width=\"603\" height=\"401\" src=\"https:\/\/www.domaine-2soleils.com\/wp-content\/uploads\/2023\/11\/camping-serres-piscine-jeu-deau-enfant.jpg\" alt=\"camping serres piscine jeu d'eau enfant\" class=\"wp-image-6440\" srcset=\"https:\/\/www.domaine-2soleils.com\/wp-content\/uploads\/2023\/11\/camping-serres-piscine-jeu-deau-enfant.jpg 603w, https:\/\/www.domaine-2soleils.com\/wp-content\/uploads\/2023\/11\/camping-serres-piscine-jeu-deau-enfant-300x200.jpg 300w\" sizes=\"(max-width: 603px) 100vw, 603px\" \/><\/figure>\n\n\n\n<figure class=\"wp-block-image size-large\"><img decoding=\"async\" width=\"600\" height=\"400\" src=\"https:\/\/www.domaine-2soleils.com\/wp-content\/uploads\/2023\/04\/activites-hautes-alpes-1.jpg\" alt=\"Camping Serres Ciela Village Les 2 Soleils Hautes Alpes Sisteron\" class=\"wp-image-4536\" srcset=\"https:\/\/www.domaine-2soleils.com\/wp-content\/uploads\/2023\/04\/activites-hautes-alpes-1.jpg 600w, https:\/\/www.domaine-2soleils.com\/wp-content\/uploads\/2023\/04\/activites-hautes-alpes-1-300x200.jpg 300w\" sizes=\"(max-width: 600px) 100vw, 600px\" \/><\/figure>\n\n\n\n<figure class=\"wp-block-image size-large\"><img decoding=\"async\" width=\"600\" height=\"450\" src=\"https:\/\/www.domaine-2soleils.com\/wp-content\/uploads\/2023\/10\/camping-hautes-alpes-randonnee.jpg\" alt=\"camping hautes alpes randonn\u00e9e\" class=\"wp-image-6352\" srcset=\"https:\/\/www.domaine-2soleils.com\/wp-content\/uploads\/2023\/10\/camping-hautes-alpes-randonnee.jpg 600w, https:\/\/www.domaine-2soleils.com\/wp-content\/uploads\/2023\/10\/camping-hautes-alpes-randonnee-300x225.jpg 300w\" sizes=\"(max-width: 600px) 100vw, 600px\" \/><\/figure>\n<\/figure>\n\n\n\n<p>Voici l\u2019avis de notre \u00e9tablissement sur ceux \u00e0 visiter \u00e0 tout prix avec les enfants :<\/p>\n\n\n\n<ul class=\"wp-block-list\">\n<li><strong>Serres<\/strong> : prenez le temps de d\u00e9couvrir Serres, ses maisons en pierre, ses remparts et la vue imprenable sur la vall\u00e9e du Bu\u00ebch.<\/li>\n\n\n\n<li>Visiter Sisteron<strong> <\/strong>: grimpez jusqu&rsquo;\u00e0 la citadelle de Sisteron, \u00e0 33 km de notre <a href=\"\/fr\/camping-sisteron\/\">camping proche de Sisteron<\/a> et profitez d&rsquo;une vue panoramique sur la Durance et les Alpes.<\/li>\n\n\n\n<li>Visiter Laragne-Mont\u00e9glin<strong> <\/strong>: immergez-vous dans l&rsquo;ambiance proven\u00e7ale de ce village des Hautes-Alpes et ne manquez pas le march\u00e9.<\/li>\n\n\n\n<li><strong>L\u2019escalade <\/strong>: l\u2019<a href=\"\/fr\/decouvrir-hautes-alpes\/escalade-orpierre\/\">escalade \u00e0 Orpierre et ses 600 voies<\/a> est un sport incontournable. Haut lieu de l&rsquo;escalade gr\u00e2ce \u00e0 ses nombreuses falaises, Orpierre ravira les grands sportifs lors de leur s\u00e9jour en camping en Provence-Alpes-C\u00f4te d&rsquo;Azur.<\/li>\n\n\n\n<li><strong>Les gorges de la M\u00e9ouge<\/strong> : roulez jusqu\u2019\u00e0 ce beau site des Hautes-Alpes, \u00e0 22 km de notre <strong>camping non loin d\u2019Orpierre<\/strong>. Pr\u00e9voyez une randonn\u00e9e en famille ainsi qu\u2019une session baignade dans ce site naturel exceptionnel, avec ses cascades et ses formations rocheuses.<\/li>\n\n\n\n<li><strong>Randonn\u00e9e au-dessus de Serres<\/strong> : plusieurs sentiers de randonn\u00e9e sont pr\u00e9vus au d\u00e9part de Serres, offrant des vues panoramiques sur la vall\u00e9e des Alpes. Vous traverserez des paysages vari\u00e9s avec des senteurs de la garrigue, et profiterez d\u2019une immersion en pleine nature avec des passages bois\u00e9s et des points de vue uniques sur les montagnes des Alpes.<\/li>\n<\/ul>\n\n\n\n<p>Vous \u00eates s\u00e9duits par cette belle r\u00e9gion du sud de la France et par la qualit\u00e9 de notre \u00e9tablissement 3 \u00e9toiles ? Alors n&rsquo;attendez plus pour r\u00e9server votre s\u00e9jour en <strong>camping pr\u00e8s d\u2019Orpierre<\/strong>, en Provence-Alpes-C\u00f4te d&rsquo;Azur !<\/p>\n","protected":false},"excerpt":{"rendered":"<p>Envie d&rsquo;une immersion en pleine nature dans un environnement riche en paysages vari\u00e9s pour vos prochaines vacances en famille ? Et si vous mettiez le cap sur les Hautes-Alpes, en Provence-Alpes-C\u00f4te d&rsquo;Azur ? D\u00e9couvrez notre camping dans les Hautes-Alpes \u00e0 Serres, le Domaine Les 2 Soleils, un camping proche d\u2019Orpierre (18 km) situ\u00e9 \u00e0 Serres, [&hellip;]<\/p>\n","protected":false},"author":3,"featured_media":0,"parent":0,"menu_order":0,"comment_status":"closed","ping_status":"closed","template":"","meta":{"_acf_changed":false,"footnotes":""},"class_list":["post-6979","page","type-page","status-publish","hentry"],"acf":[],"yoast_head":"<!-- This site is optimized with the Yoast SEO plugin v27.3 - https:\/\/yoast.com\/product\/yoast-seo-wordpress\/ -->\n<title>Camping Orpierre : votre camping pr\u00e8s d&#039;Orpierre avec Ciela Village<\/title>\n<meta name=\"description\" content=\"Le Domaine des 2 Soleils Ciela Village est un camping pr\u00e8s d&#039;Orpierre o\u00f9 vous pourrez s\u00e9journer en toute qui\u00e9tude, entour\u00e9 par la nature, avec une piscine...\" \/>\n<meta name=\"robots\" content=\"index, follow, max-snippet:-1, max-image-preview:large, max-video-preview:-1\" \/>\n<link rel=\"canonical\" href=\"https:\/\/www.domaine-2soleils.com\/fr\/camping-orpierre\/\" \/>\n<meta property=\"og:locale\" content=\"fr_FR\" \/>\n<meta property=\"og:type\" content=\"article\" \/>\n<meta property=\"og:title\" content=\"Camping Orpierre : votre camping pr\u00e8s d&#039;Orpierre avec Ciela Village\" \/>\n<meta property=\"og:description\" content=\"Le Domaine des 2 Soleils Ciela Village est un camping pr\u00e8s d&#039;Orpierre o\u00f9 vous pourrez s\u00e9journer en toute qui\u00e9tude, entour\u00e9 par la nature, avec une piscine...\" \/>\n<meta property=\"og:url\" content=\"https:\/\/www.domaine-2soleils.com\/fr\/camping-orpierre\/\" \/>\n<meta property=\"og:site_name\" content=\"Domaine des 2 soleils\" \/>\n<meta property=\"article:modified_time\" content=\"2026-03-23T13:09:04+00:00\" \/>\n<meta property=\"og:image\" content=\"https:\/\/www.domaine-2soleils.com\/wp-content\/uploads\/2023\/10\/304-Camping-Hautes-Alpes-avec-piscine-Les-Deux-Soleils-Ciela-Village.jpg\" \/>\n\t<meta property=\"og:image:width\" content=\"601\" \/>\n\t<meta property=\"og:image:height\" content=\"400\" \/>\n\t<meta property=\"og:image:type\" content=\"image\/jpeg\" \/>\n<meta name=\"twitter:card\" content=\"summary_large_image\" \/>\n<meta name=\"twitter:label1\" content=\"Dur\u00e9e de lecture estim\u00e9e\" \/>\n\t<meta name=\"twitter:data1\" content=\"7 minutes\" \/>\n<script type=\"application\/ld+json\" class=\"yoast-schema-graph\">{\"@context\":\"https:\\\/\\\/schema.org\",\"@graph\":[{\"@type\":\"WebPage\",\"@id\":\"https:\\\/\\\/www.domaine-2soleils.com\\\/fr\\\/camping-orpierre\\\/\",\"url\":\"https:\\\/\\\/www.domaine-2soleils.com\\\/fr\\\/camping-orpierre\\\/\",\"name\":\"Camping Orpierre : votre camping pr\u00e8s d'Orpierre avec Ciela Village\",\"isPartOf\":{\"@id\":\"https:\\\/\\\/www.domaine-2soleils.com\\\/fr\\\/#website\"},\"primaryImageOfPage\":{\"@id\":\"https:\\\/\\\/www.domaine-2soleils.com\\\/fr\\\/camping-orpierre\\\/#primaryimage\"},\"image\":{\"@id\":\"https:\\\/\\\/www.domaine-2soleils.com\\\/fr\\\/camping-orpierre\\\/#primaryimage\"},\"thumbnailUrl\":\"https:\\\/\\\/www.domaine-2soleils.com\\\/wp-content\\\/uploads\\\/2023\\\/10\\\/304-Camping-Hautes-Alpes-avec-piscine-Les-Deux-Soleils-Ciela-Village.jpg\",\"datePublished\":\"2024-09-27T08:04:42+00:00\",\"dateModified\":\"2026-03-23T13:09:04+00:00\",\"description\":\"Le Domaine des 2 Soleils Ciela Village est un camping pr\u00e8s d'Orpierre o\u00f9 vous pourrez s\u00e9journer en toute qui\u00e9tude, entour\u00e9 par la nature, avec une piscine...\",\"breadcrumb\":{\"@id\":\"https:\\\/\\\/www.domaine-2soleils.com\\\/fr\\\/camping-orpierre\\\/#breadcrumb\"},\"inLanguage\":\"fr-FR\",\"potentialAction\":[{\"@type\":\"ReadAction\",\"target\":[\"https:\\\/\\\/www.domaine-2soleils.com\\\/fr\\\/camping-orpierre\\\/\"]}]},{\"@type\":\"ImageObject\",\"inLanguage\":\"fr-FR\",\"@id\":\"https:\\\/\\\/www.domaine-2soleils.com\\\/fr\\\/camping-orpierre\\\/#primaryimage\",\"url\":\"https:\\\/\\\/www.domaine-2soleils.com\\\/wp-content\\\/uploads\\\/2023\\\/10\\\/304-Camping-Hautes-Alpes-avec-piscine-Les-Deux-Soleils-Ciela-Village.jpg\",\"contentUrl\":\"https:\\\/\\\/www.domaine-2soleils.com\\\/wp-content\\\/uploads\\\/2023\\\/10\\\/304-Camping-Hautes-Alpes-avec-piscine-Les-Deux-Soleils-Ciela-Village.jpg\"},{\"@type\":\"BreadcrumbList\",\"@id\":\"https:\\\/\\\/www.domaine-2soleils.com\\\/fr\\\/camping-orpierre\\\/#breadcrumb\",\"itemListElement\":[{\"@type\":\"ListItem\",\"position\":1,\"name\":\"Camping Hautes-Alpes\",\"item\":\"https:\\\/\\\/www.domaine-2soleils.com\\\/fr\\\/\"},{\"@type\":\"ListItem\",\"position\":2,\"name\":\"Camping aux portes d\u2019Orpierre\"}]},{\"@type\":\"WebSite\",\"@id\":\"https:\\\/\\\/www.domaine-2soleils.com\\\/fr\\\/#website\",\"url\":\"https:\\\/\\\/www.domaine-2soleils.com\\\/fr\\\/\",\"name\":\"Domaine des 2 soleils\",\"description\":\"\",\"potentialAction\":[{\"@type\":\"SearchAction\",\"target\":{\"@type\":\"EntryPoint\",\"urlTemplate\":\"https:\\\/\\\/www.domaine-2soleils.com\\\/fr\\\/?s={search_term_string}\"},\"query-input\":{\"@type\":\"PropertyValueSpecification\",\"valueRequired\":true,\"valueName\":\"search_term_string\"}}],\"inLanguage\":\"fr-FR\"}]}<\/script>\n<!-- \/ Yoast SEO plugin. -->","yoast_head_json":{"title":"Camping Orpierre : votre camping pr\u00e8s d'Orpierre avec Ciela Village","description":"Le Domaine des 2 Soleils Ciela Village est un camping pr\u00e8s d'Orpierre o\u00f9 vous pourrez s\u00e9journer en toute qui\u00e9tude, entour\u00e9 par la nature, avec une piscine...","robots":{"index":"index","follow":"follow","max-snippet":"max-snippet:-1","max-image-preview":"max-image-preview:large","max-video-preview":"max-video-preview:-1"},"canonical":"https:\/\/www.domaine-2soleils.com\/fr\/camping-orpierre\/","og_locale":"fr_FR","og_type":"article","og_title":"Camping Orpierre : votre camping pr\u00e8s d'Orpierre avec Ciela Village","og_description":"Le Domaine des 2 Soleils Ciela Village est un camping pr\u00e8s d'Orpierre o\u00f9 vous pourrez s\u00e9journer en toute qui\u00e9tude, entour\u00e9 par la nature, avec une piscine...","og_url":"https:\/\/www.domaine-2soleils.com\/fr\/camping-orpierre\/","og_site_name":"Domaine des 2 soleils","article_modified_time":"2026-03-23T13:09:04+00:00","og_image":[{"width":601,"height":400,"url":"https:\/\/www.domaine-2soleils.com\/wp-content\/uploads\/2023\/10\/304-Camping-Hautes-Alpes-avec-piscine-Les-Deux-Soleils-Ciela-Village.jpg","type":"image\/jpeg"}],"twitter_card":"summary_large_image","twitter_misc":{"Dur\u00e9e de lecture estim\u00e9e":"7 minutes"},"schema":{"@context":"https:\/\/schema.org","@graph":[{"@type":"WebPage","@id":"https:\/\/www.domaine-2soleils.com\/fr\/camping-orpierre\/","url":"https:\/\/www.domaine-2soleils.com\/fr\/camping-orpierre\/","name":"Camping Orpierre : votre camping pr\u00e8s d'Orpierre avec Ciela Village","isPartOf":{"@id":"https:\/\/www.domaine-2soleils.com\/fr\/#website"},"primaryImageOfPage":{"@id":"https:\/\/www.domaine-2soleils.com\/fr\/camping-orpierre\/#primaryimage"},"image":{"@id":"https:\/\/www.domaine-2soleils.com\/fr\/camping-orpierre\/#primaryimage"},"thumbnailUrl":"https:\/\/www.domaine-2soleils.com\/wp-content\/uploads\/2023\/10\/304-Camping-Hautes-Alpes-avec-piscine-Les-Deux-Soleils-Ciela-Village.jpg","datePublished":"2024-09-27T08:04:42+00:00","dateModified":"2026-03-23T13:09:04+00:00","description":"Le Domaine des 2 Soleils Ciela Village est un camping pr\u00e8s d'Orpierre o\u00f9 vous pourrez s\u00e9journer en toute qui\u00e9tude, entour\u00e9 par la nature, avec une piscine...","breadcrumb":{"@id":"https:\/\/www.domaine-2soleils.com\/fr\/camping-orpierre\/#breadcrumb"},"inLanguage":"fr-FR","potentialAction":[{"@type":"ReadAction","target":["https:\/\/www.domaine-2soleils.com\/fr\/camping-orpierre\/"]}]},{"@type":"ImageObject","inLanguage":"fr-FR","@id":"https:\/\/www.domaine-2soleils.com\/fr\/camping-orpierre\/#primaryimage","url":"https:\/\/www.domaine-2soleils.com\/wp-content\/uploads\/2023\/10\/304-Camping-Hautes-Alpes-avec-piscine-Les-Deux-Soleils-Ciela-Village.jpg","contentUrl":"https:\/\/www.domaine-2soleils.com\/wp-content\/uploads\/2023\/10\/304-Camping-Hautes-Alpes-avec-piscine-Les-Deux-Soleils-Ciela-Village.jpg"},{"@type":"BreadcrumbList","@id":"https:\/\/www.domaine-2soleils.com\/fr\/camping-orpierre\/#breadcrumb","itemListElement":[{"@type":"ListItem","position":1,"name":"Camping Hautes-Alpes","item":"https:\/\/www.domaine-2soleils.com\/fr\/"},{"@type":"ListItem","position":2,"name":"Camping aux portes d\u2019Orpierre"}]},{"@type":"WebSite","@id":"https:\/\/www.domaine-2soleils.com\/fr\/#website","url":"https:\/\/www.domaine-2soleils.com\/fr\/","name":"Domaine des 2 soleils","description":"","potentialAction":[{"@type":"SearchAction","target":{"@type":"EntryPoint","urlTemplate":"https:\/\/www.domaine-2soleils.com\/fr\/?s={search_term_string}"},"query-input":{"@type":"PropertyValueSpecification","valueRequired":true,"valueName":"search_term_string"}}],"inLanguage":"fr-FR"}]}},"_links":{"self":[{"href":"https:\/\/www.domaine-2soleils.com\/fr\/wp-json\/wp\/v2\/pages\/6979","targetHints":{"allow":["GET"]}}],"collection":[{"href":"https:\/\/www.domaine-2soleils.com\/fr\/wp-json\/wp\/v2\/pages"}],"about":[{"href":"https:\/\/www.domaine-2soleils.com\/fr\/wp-json\/wp\/v2\/types\/page"}],"author":[{"embeddable":true,"href":"https:\/\/www.domaine-2soleils.com\/fr\/wp-json\/wp\/v2\/users\/3"}],"replies":[{"embeddable":true,"href":"https:\/\/www.domaine-2soleils.com\/fr\/wp-json\/wp\/v2\/comments?post=6979"}],"version-history":[{"count":5,"href":"https:\/\/www.domaine-2soleils.com\/fr\/wp-json\/wp\/v2\/pages\/6979\/revisions"}],"predecessor-version":[{"id":556187,"href":"https:\/\/www.domaine-2soleils.com\/fr\/wp-json\/wp\/v2\/pages\/6979\/revisions\/556187"}],"wp:attachment":[{"href":"https:\/\/www.domaine-2soleils.com\/fr\/wp-json\/wp\/v2\/media?parent=6979"}],"curies":[{"name":"wp","href":"https:\/\/api.w.org\/{rel}","templated":true}]}}