{"id":4591,"date":"2023-04-25T11:04:50","date_gmt":"2023-04-25T09:04:50","guid":{"rendered":"https:\/\/www.domaine-2soleils.com\/?page_id=4591"},"modified":"2024-01-29T11:24:42","modified_gmt":"2024-01-29T10:24:42","slug":"mentions-legales","status":"publish","type":"page","link":"https:\/\/www.domaine-2soleils.com\/fr\/mentions-legales\/","title":{"rendered":"Mentions l\u00e9gales"},"content":{"rendered":"\n<h2 class=\"wp-block-heading\">Pr\u00e9ambule<\/h2>\n\n\n\n<p>Les pr\u00e9sentes Conditions G\u00e9n\u00e9rales d\u2019Utilisation d\u00e9terminent les r\u00e8gles d\u2019acc\u00e8s au pr\u00e9sent site et ses conditions d\u2019utilisation que tout utilisateur reconna\u00eet accepter, sans r\u00e9serve, du seul fait de sa connexion au site.<\/p>\n\n\n\n<h2 class=\"wp-block-heading\">Mentions l\u00e9gales<\/h2>\n\n\n\n<p>Conform\u00e9ment aux dispositions de l\u2019article 6 III-1 de la loi n\u00b0 2004-575 du 21 juin 2004 pour la confiance dans l\u2019\u00e9conomie num\u00e9rique, nous vous informons que le site www.domaine-2soleils.com (ci-apr\u00e8s le \u00ab Site \u00bb) est \u00e9dit\u00e9 par :<\/p>\n\n\n\n<p><strong>Groupe GB<\/strong><\/p>\n\n\n\n<p>Tel +33(0)4 94 291 690 <\/p>\n\n\n\n<p>SAS au capital de 1\u00a0776 366, 82 Euros \u2013 RCS Toulon 413 562 604                                                                     <\/p>\n\n\n\n<p>TVA Intracommunautaire FR12413562604<\/p>\n\n\n\n<p>Le Pergol\u00e8se, 1155 Avenue dei Reganeu, 83150 BANDOL<\/p>\n\n\n\n<p>Le Directeur de la publication est M. Thierry Bouchard.<\/p>\n\n\n\n<h2 class=\"wp-block-heading\">H\u00e9bergement<\/h2>\n\n\n\n<p><strong>OVH<\/strong><br>SAS au capital de 10 059 500 \u20ac<br>RCS Lille M\u00e9tropole 424 761 419 00045<br>Code APE 6202A<br>N\u00b0 TVA : FR 22 424 761 419<br>Si\u00e8ge social : 2 rue Kellermann \u2013 59100 Roubaix \u2013 France<\/p>\n\n\n\n<h2 class=\"wp-block-heading\">Graphisme et d\u00e9veloppement<\/h2>\n\n\n\n<p><strong>M7creation<\/strong><br>12, all\u00e9e des arbousiers \u2013 Les collines 2 \u2013 Furiani<br>T\u00e9l. : + 33 (0)6 16 21 81 70<br><a href=\"https:\/\/m7creation.com\/\" target=\"_blank\" rel=\"noreferrer noopener\">www.m7creation.com<\/a><\/p>\n\n\n\n<h2 class=\"wp-block-heading\">Protection des donn\u00e9es personnelles<\/h2>\n\n\n\n<p>Groupe GB utilise les donn\u00e9es personnelles de l\u2019internaute en tant qu\u2019informations confidentielles. Elles seront utilis\u00e9es uniquement par les services internes de Ciela Village, pour le traitement de votre demande et pour renforcer et personnaliser la communication et l\u2019offre de services r\u00e9serv\u00e9s aux clients.<\/p>\n\n\n\n<p>Conform\u00e9ment \u00e0 la loi informatique et des libert\u00e9s du 6 janvier 1978, vous disposez d\u2019un droit d\u2019acc\u00e8s, de rectification, et d\u2019opposition aux donn\u00e9es personnelles vous concernant. Pour cela il suffit de nous en faire la demande par courrier \u00e0 l\u2019adresse suivante en nous indiquant votre nom, pr\u00e9nom et adresse \u00e0 Groupe GB, Ciela Village Le Pergol\u00e8se 1155 Avenue dei Reganeu 83150 Bandol<\/p>\n\n\n\n<h2 class=\"wp-block-heading\">Propri\u00e9t\u00e9 intellectuelle<\/h2>\n\n\n\n<p>Toute utilisation sous forme de reproduction, d\u00e9naturation, transmission ou distribution d\u2019une information figurant sur le Site est soumise \u00e0 l\u2019autorisation \u00e9crite et pr\u00e9alable du Groupe GB, mise \u00e0 part la copie \u00e0 usage priv\u00e9 et non-commercial (cercle familial). Toute exploitation non autoris\u00e9e du Site ou de son contenu engagerait la responsabilit\u00e9 de l\u2019internaute et constituerait une contrefa\u00e7on.<\/p>\n\n\n\n<h2 class=\"wp-block-heading\">Limitation de Responsabilit\u00e9 et Exclusions de Garantie<\/h2>\n\n\n\n<p>Groupe GB s\u2019efforce de s\u2019assurer de la v\u00e9racit\u00e9 des informations transmises sur le Site et de maintenir le site \u00e0 jour r\u00e9guli\u00e8rement. Toutefois, des informations erron\u00e9es ou des omissions peuvent \u00eatre constat\u00e9es. Aucune garantie n\u2019est apport\u00e9e concernant l\u2019exactitude des informations pr\u00e9sentes sur le Site. Groupe GB se r\u00e9verse le droit de modifier le Site et de suspendre des fonctionnalit\u00e9s du site \u00e0 tout moment et sans pr\u00e9avis.<\/p>\n\n\n\n<h2 class=\"wp-block-heading\">Photos et plans non contractuels<\/h2>\n\n\n\n<p>Groupe GB ne peut garantir l\u2019acc\u00e8s continu au site : il peut arriver que le service soit interrompu lors de probl\u00e8mes de maintenance, ou suite \u00e0 des probl\u00e8mes informatiques, \u00e0 une perturbation du service Internet ou \u00e0 d\u2019autres circonstances impr\u00e9vues. De m\u00eame, Groupe GB n\u2019est pas responsable des retards, difficult\u00e9s d\u2019utilisation, ou de l\u2019incompatibilit\u00e9 entre le pr\u00e9sent site et des fichiers ou navigateur.<\/p>\n\n\n\n<h2 class=\"wp-block-heading\">Cookies<\/h2>\n\n\n\n<p>En visitant notre site, un \u00ab cookie \u00bb (petit fichier texte) permanent vous sera attribu\u00e9 et sera stock\u00e9 sur le disque dur de votre ordinateur. Le cookie permet de vous identifier lorsque vous visitez notre site afin que nous puissions am\u00e9liorer votre navigation sur le site et personnaliser votre exp\u00e9rience en ligne : reconnaissance automatique, m\u00e9morisation de vos r\u00e9sidences favorites\u2026<br>Nous recueillons \u00e9galement des informations techniques sur votre ordinateur chaque fois que vous ouvrez une page lors de votre visite sur nos sites. Ces informations portent sur votre adresse IP (protocole Internet), le syst\u00e8me d\u2019exploitation utilis\u00e9, le type de navigateur et l\u2019adresse d\u2019un site Web de provenance, le cas \u00e9ch\u00e9ant. Nous recueillons ces informations pour am\u00e9liorer la qualit\u00e9 de votre exp\u00e9rience pendant votre visite sur notre site, et nous ne vendons ni c\u00e9dons ces informations \u00e0 des tierces parties.<br>La plupart des navigateurs acceptent automatiquement ces cookies, mais vous pouvez les supprimer ou activer le rejet des cookies. Chaque navigateur \u00e9tant diff\u00e9rent, vous devez v\u00e9rifier dans le menu \u00ab Aide \u00bb de votre navigateur comment modifier les pr\u00e9f\u00e9rences en mati\u00e8re de cookies. Le comportement du site reste le m\u00eame et l\u2019ensemble des fonctionnalit\u00e9s sont accessibles.<\/p>\n\n\n\n<h2 class=\"wp-block-heading\">Cr\u00e9ations de liens hypertextes<\/h2>\n\n\n\n<p>Afin de faciliter l\u2019acc\u00e8s \u00e0 d\u2019autres sites pouvant apporter des informations compl\u00e9mentaires, Groupe GB a ins\u00e9r\u00e9 sur le Site un certain nombre de liens. N\u00e9anmoins, la responsabilit\u00e9 du Groupe GB ne saurait \u00eatre engag\u00e9e au titre d\u2019un site tiers auquel l\u2019internaute aurait acc\u00e8s via le Site. Groupe GB ne disposant pas de moyen de contr\u00f4le du contenu de ces sites, elle n\u2019est pas tenue responsable de leur indisponibilit\u00e9, contenu, publicit\u00e9 ou autres \u00e9l\u00e9ments. A l\u2019inverse, des sites externes peuvent contenir des liens hypertextes pointant vers le Site. Un tel lien ne pourra \u00eatre install\u00e9 sans l\u2019accord pr\u00e9alable et \u00e9crit de Groupe GB.<\/p>\n\n\n\n<h2 class=\"wp-block-heading\">Newsletters<\/h2>\n\n\n\n<p>Si vous vous abonnez sur le Site afin de recevoir les newsletters de Ciela Village, il vous sera adress\u00e9 par email des informations sur nos prestations. Ces lettres ont un caract\u00e8re informatif et vous pourrez \u00e0 tout moment vous d\u00e9sabonner en cliquant sur le lien destin\u00e9 \u00e0 cet effet en bas de la newsletter.<\/p>\n\n\n\n<h2 class=\"wp-block-heading\">Concours et Jeux<\/h2>\n\n\n\n<p>Groupe GB propose \u00e0 certaines p\u00e9riodes des concours, jeux gratuits et promotions sur le Site. Ils sont r\u00e9gis par des dispositions sp\u00e9ciales accessibles sur les pages Internet qui leur sont d\u00e9di\u00e9es.<\/p>\n\n\n\n<h2 class=\"wp-block-heading\">Loi applicable<\/h2>\n\n\n\n<p>Le site et son contenu sont r\u00e9gis par la Loi Fran\u00e7aise.<\/p>\n\n\n\n<h2 class=\"wp-block-heading\">Contact<\/h2>\n\n\n\n<p>Pour toute remarque sur le fonctionnement du site, vous pouvez nous contacter par courrier \u00e9lectronique <a href=\"https:\/\/www.domaine-2soleils.com\/fr\/contact\/\">ici<\/a>.<\/p>\n","protected":false},"excerpt":{"rendered":"<p>Pr\u00e9ambule Les pr\u00e9sentes Conditions G\u00e9n\u00e9rales d\u2019Utilisation d\u00e9terminent les r\u00e8gles d\u2019acc\u00e8s au pr\u00e9sent site et ses conditions d\u2019utilisation que tout utilisateur reconna\u00eet accepter, sans r\u00e9serve, du seul fait de sa connexion au site. Mentions l\u00e9gales Conform\u00e9ment aux dispositions de l\u2019article 6 III-1 de la loi n\u00b0 2004-575 du 21 juin 2004 pour la confiance dans l\u2019\u00e9conomie [&hellip;]<\/p>\n","protected":false},"author":1,"featured_media":0,"parent":0,"menu_order":0,"comment_status":"closed","ping_status":"closed","template":"","meta":{"_acf_changed":false,"footnotes":""},"class_list":["post-4591","page","type-page","status-publish","hentry"],"acf":[],"yoast_head":"<!-- This site is optimized with the Yoast SEO plugin v27.3 - https:\/\/yoast.com\/product\/yoast-seo-wordpress\/ -->\n<title>Mentions l\u00e9gales - Domaine des 2 soleils<\/title>\n<meta name=\"robots\" content=\"index, follow, max-snippet:-1, max-image-preview:large, max-video-preview:-1\" \/>\n<link rel=\"canonical\" href=\"https:\/\/www.domaine-2soleils.com\/fr\/mentions-legales\/\" \/>\n<meta property=\"og:locale\" content=\"fr_FR\" \/>\n<meta property=\"og:type\" content=\"article\" \/>\n<meta property=\"og:title\" content=\"Mentions l\u00e9gales - Domaine des 2 soleils\" \/>\n<meta property=\"og:description\" content=\"Pr\u00e9ambule Les pr\u00e9sentes Conditions G\u00e9n\u00e9rales d\u2019Utilisation d\u00e9terminent les r\u00e8gles d\u2019acc\u00e8s au pr\u00e9sent site et ses conditions d\u2019utilisation que tout utilisateur reconna\u00eet accepter, sans r\u00e9serve, du seul fait de sa connexion au site. Mentions l\u00e9gales Conform\u00e9ment aux dispositions de l\u2019article 6 III-1 de la loi n\u00b0 2004-575 du 21 juin 2004 pour la confiance dans l\u2019\u00e9conomie [&hellip;]\" \/>\n<meta property=\"og:url\" content=\"https:\/\/www.domaine-2soleils.com\/fr\/mentions-legales\/\" \/>\n<meta property=\"og:site_name\" content=\"Domaine des 2 soleils\" \/>\n<meta property=\"article:modified_time\" content=\"2024-01-29T10:24:42+00:00\" \/>\n<meta name=\"twitter:card\" content=\"summary_large_image\" \/>\n<meta name=\"twitter:label1\" content=\"Dur\u00e9e de lecture estim\u00e9e\" \/>\n\t<meta name=\"twitter:data1\" content=\"5 minutes\" \/>\n<script type=\"application\/ld+json\" class=\"yoast-schema-graph\">{\"@context\":\"https:\\\/\\\/schema.org\",\"@graph\":[{\"@type\":\"WebPage\",\"@id\":\"https:\\\/\\\/www.domaine-2soleils.com\\\/fr\\\/mentions-legales\\\/\",\"url\":\"https:\\\/\\\/www.domaine-2soleils.com\\\/fr\\\/mentions-legales\\\/\",\"name\":\"Mentions l\u00e9gales - Domaine des 2 soleils\",\"isPartOf\":{\"@id\":\"https:\\\/\\\/www.domaine-2soleils.com\\\/fr\\\/#website\"},\"datePublished\":\"2023-04-25T09:04:50+00:00\",\"dateModified\":\"2024-01-29T10:24:42+00:00\",\"breadcrumb\":{\"@id\":\"https:\\\/\\\/www.domaine-2soleils.com\\\/fr\\\/mentions-legales\\\/#breadcrumb\"},\"inLanguage\":\"fr-FR\",\"potentialAction\":[{\"@type\":\"ReadAction\",\"target\":[\"https:\\\/\\\/www.domaine-2soleils.com\\\/fr\\\/mentions-legales\\\/\"]}]},{\"@type\":\"BreadcrumbList\",\"@id\":\"https:\\\/\\\/www.domaine-2soleils.com\\\/fr\\\/mentions-legales\\\/#breadcrumb\",\"itemListElement\":[{\"@type\":\"ListItem\",\"position\":1,\"name\":\"Camping Hautes-Alpes\",\"item\":\"https:\\\/\\\/www.domaine-2soleils.com\\\/fr\\\/\"},{\"@type\":\"ListItem\",\"position\":2,\"name\":\"Mentions l\u00e9gales\"}]},{\"@type\":\"WebSite\",\"@id\":\"https:\\\/\\\/www.domaine-2soleils.com\\\/fr\\\/#website\",\"url\":\"https:\\\/\\\/www.domaine-2soleils.com\\\/fr\\\/\",\"name\":\"Domaine des 2 soleils\",\"description\":\"\",\"potentialAction\":[{\"@type\":\"SearchAction\",\"target\":{\"@type\":\"EntryPoint\",\"urlTemplate\":\"https:\\\/\\\/www.domaine-2soleils.com\\\/fr\\\/?s={search_term_string}\"},\"query-input\":{\"@type\":\"PropertyValueSpecification\",\"valueRequired\":true,\"valueName\":\"search_term_string\"}}],\"inLanguage\":\"fr-FR\"}]}<\/script>\n<!-- \/ Yoast SEO plugin. -->","yoast_head_json":{"title":"Mentions l\u00e9gales - Domaine des 2 soleils","robots":{"index":"index","follow":"follow","max-snippet":"max-snippet:-1","max-image-preview":"max-image-preview:large","max-video-preview":"max-video-preview:-1"},"canonical":"https:\/\/www.domaine-2soleils.com\/fr\/mentions-legales\/","og_locale":"fr_FR","og_type":"article","og_title":"Mentions l\u00e9gales - Domaine des 2 soleils","og_description":"Pr\u00e9ambule Les pr\u00e9sentes Conditions G\u00e9n\u00e9rales d\u2019Utilisation d\u00e9terminent les r\u00e8gles d\u2019acc\u00e8s au pr\u00e9sent site et ses conditions d\u2019utilisation que tout utilisateur reconna\u00eet accepter, sans r\u00e9serve, du seul fait de sa connexion au site. Mentions l\u00e9gales Conform\u00e9ment aux dispositions de l\u2019article 6 III-1 de la loi n\u00b0 2004-575 du 21 juin 2004 pour la confiance dans l\u2019\u00e9conomie [&hellip;]","og_url":"https:\/\/www.domaine-2soleils.com\/fr\/mentions-legales\/","og_site_name":"Domaine des 2 soleils","article_modified_time":"2024-01-29T10:24:42+00:00","twitter_card":"summary_large_image","twitter_misc":{"Dur\u00e9e de lecture estim\u00e9e":"5 minutes"},"schema":{"@context":"https:\/\/schema.org","@graph":[{"@type":"WebPage","@id":"https:\/\/www.domaine-2soleils.com\/fr\/mentions-legales\/","url":"https:\/\/www.domaine-2soleils.com\/fr\/mentions-legales\/","name":"Mentions l\u00e9gales - Domaine des 2 soleils","isPartOf":{"@id":"https:\/\/www.domaine-2soleils.com\/fr\/#website"},"datePublished":"2023-04-25T09:04:50+00:00","dateModified":"2024-01-29T10:24:42+00:00","breadcrumb":{"@id":"https:\/\/www.domaine-2soleils.com\/fr\/mentions-legales\/#breadcrumb"},"inLanguage":"fr-FR","potentialAction":[{"@type":"ReadAction","target":["https:\/\/www.domaine-2soleils.com\/fr\/mentions-legales\/"]}]},{"@type":"BreadcrumbList","@id":"https:\/\/www.domaine-2soleils.com\/fr\/mentions-legales\/#breadcrumb","itemListElement":[{"@type":"ListItem","position":1,"name":"Camping Hautes-Alpes","item":"https:\/\/www.domaine-2soleils.com\/fr\/"},{"@type":"ListItem","position":2,"name":"Mentions l\u00e9gales"}]},{"@type":"WebSite","@id":"https:\/\/www.domaine-2soleils.com\/fr\/#website","url":"https:\/\/www.domaine-2soleils.com\/fr\/","name":"Domaine des 2 soleils","description":"","potentialAction":[{"@type":"SearchAction","target":{"@type":"EntryPoint","urlTemplate":"https:\/\/www.domaine-2soleils.com\/fr\/?s={search_term_string}"},"query-input":{"@type":"PropertyValueSpecification","valueRequired":true,"valueName":"search_term_string"}}],"inLanguage":"fr-FR"}]}},"_links":{"self":[{"href":"https:\/\/www.domaine-2soleils.com\/fr\/wp-json\/wp\/v2\/pages\/4591","targetHints":{"allow":["GET"]}}],"collection":[{"href":"https:\/\/www.domaine-2soleils.com\/fr\/wp-json\/wp\/v2\/pages"}],"about":[{"href":"https:\/\/www.domaine-2soleils.com\/fr\/wp-json\/wp\/v2\/types\/page"}],"author":[{"embeddable":true,"href":"https:\/\/www.domaine-2soleils.com\/fr\/wp-json\/wp\/v2\/users\/1"}],"replies":[{"embeddable":true,"href":"https:\/\/www.domaine-2soleils.com\/fr\/wp-json\/wp\/v2\/comments?post=4591"}],"version-history":[{"count":4,"href":"https:\/\/www.domaine-2soleils.com\/fr\/wp-json\/wp\/v2\/pages\/4591\/revisions"}],"predecessor-version":[{"id":6504,"href":"https:\/\/www.domaine-2soleils.com\/fr\/wp-json\/wp\/v2\/pages\/4591\/revisions\/6504"}],"wp:attachment":[{"href":"https:\/\/www.domaine-2soleils.com\/fr\/wp-json\/wp\/v2\/media?parent=4591"}],"curies":[{"name":"wp","href":"https:\/\/api.w.org\/{rel}","templated":true}]}}