{"id":4589,"date":"2023-04-25T11:02:28","date_gmt":"2023-04-25T09:02:28","guid":{"rendered":"https:\/\/www.domaine-2soleils.com\/?page_id=4589"},"modified":"2024-01-29T11:24:41","modified_gmt":"2024-01-29T10:24:41","slug":"inscription-a-la-newsletter","status":"publish","type":"page","link":"https:\/\/www.domaine-2soleils.com\/fr\/inscription-a-la-newsletter\/","title":{"rendered":"Inscription \u00e0 la newsletter"},"content":{"rendered":"\n<p><strong>Toutes les actualit\u00e9s de vos vacances Ciela Village<\/strong><\/p>\n\n\n\n<p>Pour d\u00e9couvrir toute l\u2019actualit\u00e9 des campings Ciela Village, n\u2019h\u00e9sitez pas \u00e0 vous abonner \u00e0 notre newsletter. Vous recevrez alors en exclusivit\u00e9 tous nos bons plans, nos op\u00e9rations sp\u00e9ciales et nos promotions.<\/p>\n\n\n\n<script type=\"text\/javascript\" src=\"https:\/\/crm.secureholiday.net\/CRM\/Prospect\/GetWidgetProviderFile\"><\/script>\n<script>\nvar customOptions = { Identity:{ CompanyId: '14', EstablishmentIds: '2952', ShowHeader: 'false', Language: 'FR'}};\n!function()\n{var e=new window.CTV.Widget(\"CRM\", \"NewsLetter\", customOptions);\ndocument.write(e.Write()),window.CTV.WidgetsCollection.push(e), e.Send()}();\n\n<\/script>\n","protected":false},"excerpt":{"rendered":"<p>Toutes les actualit\u00e9s de vos vacances Ciela Village Pour d\u00e9couvrir toute l\u2019actualit\u00e9 des campings Ciela Village, n\u2019h\u00e9sitez pas \u00e0 vous abonner \u00e0 notre newsletter. Vous recevrez alors en exclusivit\u00e9 tous nos bons plans, nos op\u00e9rations sp\u00e9ciales et nos promotions.<\/p>\n","protected":false},"author":1,"featured_media":0,"parent":0,"menu_order":0,"comment_status":"closed","ping_status":"closed","template":"","meta":{"_acf_changed":false,"footnotes":""},"class_list":["post-4589","page","type-page","status-publish","hentry"],"acf":[],"yoast_head":"<!-- This site is optimized with the Yoast SEO plugin v27.3 - https:\/\/yoast.com\/product\/yoast-seo-wordpress\/ -->\n<title>Inscription \u00e0 la newsletter - Domaine des 2 soleils<\/title>\n<meta name=\"robots\" content=\"index, follow, max-snippet:-1, max-image-preview:large, max-video-preview:-1\" \/>\n<link rel=\"canonical\" href=\"https:\/\/www.domaine-2soleils.com\/fr\/inscription-a-la-newsletter\/\" \/>\n<meta property=\"og:locale\" content=\"fr_FR\" \/>\n<meta property=\"og:type\" content=\"article\" \/>\n<meta property=\"og:title\" content=\"Inscription \u00e0 la newsletter - Domaine des 2 soleils\" \/>\n<meta property=\"og:description\" content=\"Toutes les actualit\u00e9s de vos vacances Ciela Village Pour d\u00e9couvrir toute l\u2019actualit\u00e9 des campings Ciela Village, n\u2019h\u00e9sitez pas \u00e0 vous abonner \u00e0 notre newsletter. Vous recevrez alors en exclusivit\u00e9 tous nos bons plans, nos op\u00e9rations sp\u00e9ciales et nos promotions.\" \/>\n<meta property=\"og:url\" content=\"https:\/\/www.domaine-2soleils.com\/fr\/inscription-a-la-newsletter\/\" \/>\n<meta property=\"og:site_name\" content=\"Domaine des 2 soleils\" \/>\n<meta property=\"article:modified_time\" content=\"2024-01-29T10:24:41+00:00\" \/>\n<meta name=\"twitter:card\" content=\"summary_large_image\" \/>\n<meta name=\"twitter:label1\" content=\"Dur\u00e9e de lecture estim\u00e9e\" \/>\n\t<meta name=\"twitter:data1\" content=\"1 minute\" \/>\n<script type=\"application\/ld+json\" class=\"yoast-schema-graph\">{\"@context\":\"https:\\\/\\\/schema.org\",\"@graph\":[{\"@type\":\"WebPage\",\"@id\":\"https:\\\/\\\/www.domaine-2soleils.com\\\/fr\\\/inscription-a-la-newsletter\\\/\",\"url\":\"https:\\\/\\\/www.domaine-2soleils.com\\\/fr\\\/inscription-a-la-newsletter\\\/\",\"name\":\"Inscription \u00e0 la newsletter - Domaine des 2 soleils\",\"isPartOf\":{\"@id\":\"https:\\\/\\\/www.domaine-2soleils.com\\\/fr\\\/#website\"},\"datePublished\":\"2023-04-25T09:02:28+00:00\",\"dateModified\":\"2024-01-29T10:24:41+00:00\",\"breadcrumb\":{\"@id\":\"https:\\\/\\\/www.domaine-2soleils.com\\\/fr\\\/inscription-a-la-newsletter\\\/#breadcrumb\"},\"inLanguage\":\"fr-FR\",\"potentialAction\":[{\"@type\":\"ReadAction\",\"target\":[\"https:\\\/\\\/www.domaine-2soleils.com\\\/fr\\\/inscription-a-la-newsletter\\\/\"]}]},{\"@type\":\"BreadcrumbList\",\"@id\":\"https:\\\/\\\/www.domaine-2soleils.com\\\/fr\\\/inscription-a-la-newsletter\\\/#breadcrumb\",\"itemListElement\":[{\"@type\":\"ListItem\",\"position\":1,\"name\":\"Camping Hautes-Alpes\",\"item\":\"https:\\\/\\\/www.domaine-2soleils.com\\\/fr\\\/\"},{\"@type\":\"ListItem\",\"position\":2,\"name\":\"Inscription \u00e0 la newsletter\"}]},{\"@type\":\"WebSite\",\"@id\":\"https:\\\/\\\/www.domaine-2soleils.com\\\/fr\\\/#website\",\"url\":\"https:\\\/\\\/www.domaine-2soleils.com\\\/fr\\\/\",\"name\":\"Domaine des 2 soleils\",\"description\":\"\",\"potentialAction\":[{\"@type\":\"SearchAction\",\"target\":{\"@type\":\"EntryPoint\",\"urlTemplate\":\"https:\\\/\\\/www.domaine-2soleils.com\\\/fr\\\/?s={search_term_string}\"},\"query-input\":{\"@type\":\"PropertyValueSpecification\",\"valueRequired\":true,\"valueName\":\"search_term_string\"}}],\"inLanguage\":\"fr-FR\"}]}<\/script>\n<!-- \/ Yoast SEO plugin. -->","yoast_head_json":{"title":"Inscription \u00e0 la newsletter - Domaine des 2 soleils","robots":{"index":"index","follow":"follow","max-snippet":"max-snippet:-1","max-image-preview":"max-image-preview:large","max-video-preview":"max-video-preview:-1"},"canonical":"https:\/\/www.domaine-2soleils.com\/fr\/inscription-a-la-newsletter\/","og_locale":"fr_FR","og_type":"article","og_title":"Inscription \u00e0 la newsletter - Domaine des 2 soleils","og_description":"Toutes les actualit\u00e9s de vos vacances Ciela Village Pour d\u00e9couvrir toute l\u2019actualit\u00e9 des campings Ciela Village, n\u2019h\u00e9sitez pas \u00e0 vous abonner \u00e0 notre newsletter. Vous recevrez alors en exclusivit\u00e9 tous nos bons plans, nos op\u00e9rations sp\u00e9ciales et nos promotions.","og_url":"https:\/\/www.domaine-2soleils.com\/fr\/inscription-a-la-newsletter\/","og_site_name":"Domaine des 2 soleils","article_modified_time":"2024-01-29T10:24:41+00:00","twitter_card":"summary_large_image","twitter_misc":{"Dur\u00e9e de lecture estim\u00e9e":"1 minute"},"schema":{"@context":"https:\/\/schema.org","@graph":[{"@type":"WebPage","@id":"https:\/\/www.domaine-2soleils.com\/fr\/inscription-a-la-newsletter\/","url":"https:\/\/www.domaine-2soleils.com\/fr\/inscription-a-la-newsletter\/","name":"Inscription \u00e0 la newsletter - Domaine des 2 soleils","isPartOf":{"@id":"https:\/\/www.domaine-2soleils.com\/fr\/#website"},"datePublished":"2023-04-25T09:02:28+00:00","dateModified":"2024-01-29T10:24:41+00:00","breadcrumb":{"@id":"https:\/\/www.domaine-2soleils.com\/fr\/inscription-a-la-newsletter\/#breadcrumb"},"inLanguage":"fr-FR","potentialAction":[{"@type":"ReadAction","target":["https:\/\/www.domaine-2soleils.com\/fr\/inscription-a-la-newsletter\/"]}]},{"@type":"BreadcrumbList","@id":"https:\/\/www.domaine-2soleils.com\/fr\/inscription-a-la-newsletter\/#breadcrumb","itemListElement":[{"@type":"ListItem","position":1,"name":"Camping Hautes-Alpes","item":"https:\/\/www.domaine-2soleils.com\/fr\/"},{"@type":"ListItem","position":2,"name":"Inscription \u00e0 la newsletter"}]},{"@type":"WebSite","@id":"https:\/\/www.domaine-2soleils.com\/fr\/#website","url":"https:\/\/www.domaine-2soleils.com\/fr\/","name":"Domaine des 2 soleils","description":"","potentialAction":[{"@type":"SearchAction","target":{"@type":"EntryPoint","urlTemplate":"https:\/\/www.domaine-2soleils.com\/fr\/?s={search_term_string}"},"query-input":{"@type":"PropertyValueSpecification","valueRequired":true,"valueName":"search_term_string"}}],"inLanguage":"fr-FR"}]}},"_links":{"self":[{"href":"https:\/\/www.domaine-2soleils.com\/fr\/wp-json\/wp\/v2\/pages\/4589","targetHints":{"allow":["GET"]}}],"collection":[{"href":"https:\/\/www.domaine-2soleils.com\/fr\/wp-json\/wp\/v2\/pages"}],"about":[{"href":"https:\/\/www.domaine-2soleils.com\/fr\/wp-json\/wp\/v2\/types\/page"}],"author":[{"embeddable":true,"href":"https:\/\/www.domaine-2soleils.com\/fr\/wp-json\/wp\/v2\/users\/1"}],"replies":[{"embeddable":true,"href":"https:\/\/www.domaine-2soleils.com\/fr\/wp-json\/wp\/v2\/comments?post=4589"}],"version-history":[{"count":1,"href":"https:\/\/www.domaine-2soleils.com\/fr\/wp-json\/wp\/v2\/pages\/4589\/revisions"}],"predecessor-version":[{"id":4590,"href":"https:\/\/www.domaine-2soleils.com\/fr\/wp-json\/wp\/v2\/pages\/4589\/revisions\/4590"}],"wp:attachment":[{"href":"https:\/\/www.domaine-2soleils.com\/fr\/wp-json\/wp\/v2\/media?parent=4589"}],"curies":[{"name":"wp","href":"https:\/\/api.w.org\/{rel}","templated":true}]}}