{"id":4575,"date":"2023-04-20T14:38:50","date_gmt":"2023-04-20T12:38:50","guid":{"rendered":"https:\/\/www.domaine-2soleils.com\/?page_id=4575"},"modified":"2026-03-23T14:05:31","modified_gmt":"2026-03-23T13:05:31","slug":"camping-gorges-de-la-meouge","status":"publish","type":"page","link":"https:\/\/www.domaine-2soleils.com\/fr\/camping-gorges-de-la-meouge\/","title":{"rendered":"Camping 3 \u00e9toiles \u00e0 26 min des Gorges de la M\u00e9ouge"},"content":{"rendered":"\n<p>Vous cherchez un camping 3 \u00e9toiles dans les Hautes-Alpes ? Ne cherchez pas plus loin que notre&nbsp;<a href=\"\/fr\/\">camping dans les Hautes-Alpes<\/a>. Situ\u00e9 \u00e0 proximit\u00e9 des&nbsp;<strong>Gorges de la M\u00e9ouge<\/strong>, notre camping est l\u2019endroit id\u00e9al pour se ressourcer. Avec un&nbsp;<strong>large choix<\/strong>&nbsp;<strong>d\u2019h\u00e9bergements et d\u2019\u00e9quipements de qualit\u00e9<\/strong>, on vous promet de passer un s\u00e9jour inoubliable !<\/p>\n\n\n\n<div class=\"wp-block-yootheme-widgetkit\">\n<div class=\" \" uk-slider=\"sets: true\">\n\n    \n    <div class=\"uk-position-relative uk-visible-toggle uk-margin\">\n\n        <ul class=\"uk-slider-items uk-grid uk-grid-match uk-child-width-1-1 uk-child-width-1-2@s uk-child-width-1-4@m uk-grid-small\">\n        \n            <li >\n\n                <div class=\"uk-panel uk-text-center\">\n\n                    \n                    \n                                        <div class=\"uk-text-center uk-margin uk-margin-remove-top\"><img decoding=\"async\" src=\"\/wp-content\/plugins\/widgetkit\/cache\/056-Camping-Hautes-Alpes-avec-piscine-Drone-Les-Deux-Soleils-Ciela-Village-69439319ff61a59a9d6c3206dc83f484.jpg\" class=\" uk-transition-scale-up uk-transition-opaque\" alt=\"Camping Hautes Alpes gorges de la m\u00e9ouge\" width=\"500\" height=\"400\"><\/div>\n                    \n                    \n                        \n                        \n                        \n                        \n                        \n                        \n                        \n                    \n                <\/div>\n\n            <\/li>\n\n        \n            <li >\n\n                <div class=\"uk-panel uk-text-center\">\n\n                    \n                    \n                                        <div class=\"uk-text-center uk-margin uk-margin-remove-top\"><img decoding=\"async\" src=\"\/wp-content\/plugins\/widgetkit\/cache\/activites-enfants-camping-hautes-alpes-ed9c9d670f48ec53b523fb5961cd5314.jpg\" class=\" uk-transition-scale-up uk-transition-opaque\" alt=\"Camping Hautes Alpes gorges de la m\u00e9ouge\" width=\"500\" height=\"400\"><\/div>\n                    \n                    \n                        \n                        \n                        \n                        \n                        \n                        \n                        \n                    \n                <\/div>\n\n            <\/li>\n\n        \n            <li >\n\n                <div class=\"uk-panel uk-text-center\">\n\n                    \n                    \n                                        <div class=\"uk-text-center uk-margin uk-margin-remove-top\"><img decoding=\"async\" src=\"\/wp-content\/plugins\/widgetkit\/cache\/322-Camping-Hautes-Alpes-Serres-Parc-Aquatique-Les-Deux-Soleils-Ciela-Village-1-bc092f2e6620c8a3e2499258dc77f0ca.jpg\" class=\" uk-transition-scale-up uk-transition-opaque\" alt=\"Camping Hautes Alpes gorges de la m\u00e9ouge\" width=\"500\" height=\"400\"><\/div>\n                    \n                    \n                        \n                        \n                        \n                        \n                        \n                        \n                        \n                    \n                <\/div>\n\n            <\/li>\n\n                <\/ul>\n\n        \n            \n                \n                    <a href=\"#\" class=\"uk-position-center-left uk-position-small uk-hidden-hover\" uk-slidenav-previous uk-slider-item=\"previous\"><\/a>\n                    <a href=\"#\" class=\"uk-position-center-right uk-position-small uk-hidden-hover\" uk-slidenav-next uk-slider-item=\"next\"><\/a>\n\n                \n            \n        \n    <\/div>\n\n    \n        <ul class=\"uk-slider-nav uk-dotnav uk-flex-center uk-margin-remove-bottom\"><\/ul>\n    \n    \n<\/div>\n<\/div>\n\n\n\n<h2 class=\"wp-block-heading\">PARTICIPEZ \u00c0 DE NOMBREUSES ANIMATIONS<\/h2>\n\n\n\n<p>Le club pour enfants du camping Le Domaine 2 Soleils est un excellent moyen de&nbsp;<strong>divertir vos enfants<\/strong>&nbsp;pendant que vous profitez de votre temps libre. Avec des<strong>&nbsp;animateurs exp\u00e9riment\u00e9s<\/strong>&nbsp;et professionnels, vos enfants seront occup\u00e9s en toute s\u00e9curit\u00e9.<\/p>\n\n\n\n<p>Diverses activit\u00e9s sont propos\u00e9es, alors profitez de tout ce que notre camping proche des Gorges de la M\u00e9ouge a \u00e0 offrir et inscrivez vos enfants au club d\u00e8s aujourd\u2019hui ! Que vous soyez adolescent ou adulte, vous pouvez profiter d\u2019animations qui sont parfaites pour tous les \u00e2ges.<\/p>\n\n\n\n<p>N\u2019h\u00e9sitez pas \u00e0 participer \u00e0 nos divers tournois par exemple et si vous pr\u00e9f\u00e9rez attendre la nuit tomb\u00e9e, nos soir\u00e9es sont rythm\u00e9es par de grands divertissements, comme le karaok\u00e9, la danse et les jeux d\u2019\u00e9quipe. Nous sommes impatients de vous voir \u00e0 notre prochaine soir\u00e9e !<\/p>\n\n\n\n<h2 class=\"wp-block-heading\">TROUVEZ DES H\u00c9BERGEMENTS ET DES EMPLACEMENTS QUI VOUS CORRESPONDENT<\/h2>\n\n\n\n<p>Vous cherchez un endroit o\u00f9 s\u00e9journer pendant vos vacances dans les Hautes-Alpes ? Ne cherchez pas plus loin que notre&nbsp;<strong>camping Gorges de la M\u00e9ouge<\/strong>&nbsp;! Nos&nbsp;mobil-homes&nbsp;et&nbsp;chalets&nbsp;sont parfaits pour les couples ou les familles, et sont \u00e9quip\u00e9s de toutes les commodit\u00e9s dont vous avez besoin pour un&nbsp;<strong>s\u00e9jour confortable<\/strong>. Le gaz, l\u2019eau et l\u2019\u00e9lectricit\u00e9 sont inclus, et le linge de lit est fourni gratuitement. Des micro-ondes, des cafeti\u00e8res et toute la vaisselle n\u00e9cessaire sont \u00e9galement disponibles pour votre confort.<\/p>\n\n\n\n<p>Vous cherchez quelque chose de diff\u00e9rent pour vos prochaines vacances ? D\u00e9couvrez nos&nbsp;locations insolites&nbsp;dans la<strong>&nbsp;r\u00e9gion des Hautes-Alpes en France. Nos tentes lodges et nos cabanes&nbsp;<\/strong>offrent une&nbsp;<strong>exp\u00e9rience unique<\/strong>, en pleine nature. Donc si vous \u00eates \u00e0 la recherche de&nbsp;<strong>vacances originales et inoubliables<\/strong>, nos locations sont le choix id\u00e9al pour vous !<\/p>\n\n\n\n<p>Envie de passer une nuit ou deux sous les \u00e9toiles ? Notre&nbsp;<strong>camping Gorges de la M\u00e9ouge<\/strong>&nbsp;propose des emplacements spacieux, verdoyants et sans vis-\u00e0-vis, parfaits pour les tentes ! Et pour ceux qui aiment \u00eatre proches de la nature, nos&nbsp;emplacements&nbsp;sont tr\u00e8s agr\u00e9ables \u00e0 vivre. Nous mettons \u00e9galement \u00e0 votre disposition des cong\u00e9lateurs. Enfin, nous vous proposons la location de barbecues ou de planchas. Venez vite en profiter !<\/p>\n\n\n\n<h2 class=\"wp-block-heading\">PROFITEZ DE L&rsquo;ESPACE AQUATIQUE<\/h2>\n\n\n\n<p>Notre \u00e9tablissement propose \u00e0 ses clients un&nbsp;<a href=\"\/fr\/camping-piscine-hautes-alpes\/\">camping avec piscine dans les Hautes-Alpes<\/a>, ainsi que des infrastructures pour les enfants.<\/p>\n\n\n\n<p>Les jeunes enfants pourront profiter de la&nbsp;<strong>pataugeoire<\/strong>&nbsp;pour le bonheur des parents, et le&nbsp;<strong>toboggan<\/strong>&nbsp;est une v\u00e9ritable&nbsp;<strong>attraction pour les jeunes<\/strong>&nbsp;! Toute la famille pourra<strong>&nbsp;profiter de l\u2019espace solarium<\/strong>, avec chaises longues et parasols, pour se&nbsp;<strong>d\u00e9tendre au soleil<\/strong>.<\/p>\n\n\n\n<p>Vous trouverez dans notre camping des Hautes Alpes, des infrastructures de qualit\u00e9, pour vos vacances proches des&nbsp;<strong>Gorges de la M\u00e9ouge<\/strong>. Notre \u00e9quipe s\u2019efforce chaque jour de vous offrir des moments inoubliables !<\/p>\n\n\n\n<h2 class=\"wp-block-heading\">LES ALENTOURS DE NOTRE CAMPING DOMAINE 2 SOLEILS<\/h2>\n\n\n\n<p>Quand il s\u2019agit d\u2019\u00e9chapper \u00e0 l\u2019agitation de la ville, notre&nbsp;<strong>camping Gorges de la M\u00e9ouge<\/strong>&nbsp;est l\u2019endroit id\u00e9al.<\/p>\n\n\n\n<p>Nich\u00e9 dans le village de&nbsp;Serres, nous proposons des&nbsp;h\u00e9bergements pour toutes les bourses&nbsp;jusqu\u2019\u00e0 trois chambres. Entour\u00e9 d\u2019une beaut\u00e9 naturelle \u00e9poustouflante, les choses \u00e0 faire ne manquent pas dans la r\u00e9gion. Nombre de randonn\u00e9es \u00e0 pied ou en VTT sont possibles ! Les superbes&nbsp;<a href=\"\/fr\/decouvrir-hautes-alpes\/les-gorges-de-la-meouge\/\">gorges de la M\u00e9ouge, randonn\u00e9e et baignade<\/a>, situ\u00e9es \u00e0 26 minutes de route du camping, sont parfaites pour une journ\u00e9e de randonn\u00e9e ou de pique-nique.<\/p>\n\n\n\n<p>Si vous recherchez une activit\u00e9 plus dynamique pr\u00e9f\u00e9rez l\u2019escalade ou le cano\u00eb-kayak, le site des&nbsp;<strong>Gorges de la M\u00e9ouge<\/strong>&nbsp;s\u2019y pr\u00eate parfaitement. Quels que soient vos centres d\u2019int\u00e9r\u00eat, vous \u00eates s\u00fbr de trouver quelque chose \u00e0 appr\u00e9cier pendant votre s\u00e9jour dans notre<strong>&nbsp;camping des Hautes-Alpes<\/strong>.<\/p>\n\n\n\n<p>Si vous souhaitez partir \u00e0 la d\u00e9couverte de la beaut\u00e9 des villes et villages non loin du camping vous serez s\u00e9duit par les villes de&nbsp;<a href=\"\/fr\/camping-sisteron\/\">camping \u00e0 proximit\u00e9 de Sisteron<\/a>&nbsp;et&nbsp;Veynes&nbsp;ou encore le village de&nbsp;<a href=\"\/fr\/camping-rosans\/\">camping proche de Rosans<\/a>. Ne manquez pas non plus <a href=\"\/fr\/decouvrir-hautes-alpes\/saint-andre-de-rosans-et-son-prieure\/\">Saint-Andr\u00e9-de-Rosans et son prieur\u00e9<\/a>.<\/p>\n","protected":false},"excerpt":{"rendered":"<p>Vous cherchez un camping 3 \u00e9toiles dans les Hautes-Alpes ? Ne cherchez pas plus loin que notre&nbsp;camping dans les Hautes-Alpes. Situ\u00e9 \u00e0 proximit\u00e9 des&nbsp;Gorges de la M\u00e9ouge, notre camping est l\u2019endroit id\u00e9al pour se ressourcer. Avec un&nbsp;large choix&nbsp;d\u2019h\u00e9bergements et d\u2019\u00e9quipements de qualit\u00e9, on vous promet de passer un s\u00e9jour inoubliable ! PARTICIPEZ \u00c0 DE NOMBREUSES [&hellip;]<\/p>\n","protected":false},"author":1,"featured_media":0,"parent":0,"menu_order":0,"comment_status":"closed","ping_status":"closed","template":"","meta":{"_acf_changed":false,"footnotes":""},"class_list":["post-4575","page","type-page","status-publish","hentry"],"acf":[],"yoast_head":"<!-- This site is optimized with the Yoast SEO plugin v27.3 - https:\/\/yoast.com\/product\/yoast-seo-wordpress\/ -->\n<title>Camping Gorges de la M\u00e9ouge : r\u00e9server votre s\u00e9jour dans les Hautes-Alpes<\/title>\n<meta name=\"description\" content=\"A 26 minutes de Gorges, d\u00e9couvrez notre camping avec piscine et nos h\u00e9bergements pour vos prochaines vacances dans les Hautes-Alpes.\" \/>\n<meta name=\"robots\" content=\"index, follow, max-snippet:-1, max-image-preview:large, max-video-preview:-1\" \/>\n<link rel=\"canonical\" href=\"https:\/\/www.domaine-2soleils.com\/fr\/camping-gorges-de-la-meouge\/\" \/>\n<meta property=\"og:locale\" content=\"fr_FR\" \/>\n<meta property=\"og:type\" content=\"article\" \/>\n<meta property=\"og:title\" content=\"Camping Gorges de la M\u00e9ouge : r\u00e9server votre s\u00e9jour dans les Hautes-Alpes\" \/>\n<meta property=\"og:description\" content=\"A 26 minutes de Gorges, d\u00e9couvrez notre camping avec piscine et nos h\u00e9bergements pour vos prochaines vacances dans les Hautes-Alpes.\" \/>\n<meta property=\"og:url\" content=\"https:\/\/www.domaine-2soleils.com\/fr\/camping-gorges-de-la-meouge\/\" \/>\n<meta property=\"og:site_name\" content=\"Domaine des 2 soleils\" \/>\n<meta property=\"article:modified_time\" content=\"2026-03-23T13:05:31+00:00\" \/>\n<meta name=\"twitter:card\" content=\"summary_large_image\" \/>\n<meta name=\"twitter:label1\" content=\"Dur\u00e9e de lecture estim\u00e9e\" \/>\n\t<meta name=\"twitter:data1\" content=\"4 minutes\" \/>\n<script type=\"application\/ld+json\" class=\"yoast-schema-graph\">{\"@context\":\"https:\\\/\\\/schema.org\",\"@graph\":[{\"@type\":\"WebPage\",\"@id\":\"https:\\\/\\\/www.domaine-2soleils.com\\\/fr\\\/camping-gorges-de-la-meouge\\\/\",\"url\":\"https:\\\/\\\/www.domaine-2soleils.com\\\/fr\\\/camping-gorges-de-la-meouge\\\/\",\"name\":\"Camping Gorges de la M\u00e9ouge : r\u00e9server votre s\u00e9jour dans les Hautes-Alpes\",\"isPartOf\":{\"@id\":\"https:\\\/\\\/www.domaine-2soleils.com\\\/fr\\\/#website\"},\"datePublished\":\"2023-04-20T12:38:50+00:00\",\"dateModified\":\"2026-03-23T13:05:31+00:00\",\"description\":\"A 26 minutes de Gorges, d\u00e9couvrez notre camping avec piscine et nos h\u00e9bergements pour vos prochaines vacances dans les Hautes-Alpes.\",\"breadcrumb\":{\"@id\":\"https:\\\/\\\/www.domaine-2soleils.com\\\/fr\\\/camping-gorges-de-la-meouge\\\/#breadcrumb\"},\"inLanguage\":\"fr-FR\",\"potentialAction\":[{\"@type\":\"ReadAction\",\"target\":[\"https:\\\/\\\/www.domaine-2soleils.com\\\/fr\\\/camping-gorges-de-la-meouge\\\/\"]}]},{\"@type\":\"BreadcrumbList\",\"@id\":\"https:\\\/\\\/www.domaine-2soleils.com\\\/fr\\\/camping-gorges-de-la-meouge\\\/#breadcrumb\",\"itemListElement\":[{\"@type\":\"ListItem\",\"position\":1,\"name\":\"Camping Hautes-Alpes\",\"item\":\"https:\\\/\\\/www.domaine-2soleils.com\\\/fr\\\/\"},{\"@type\":\"ListItem\",\"position\":2,\"name\":\"Camping 3 \u00e9toiles \u00e0 26 min des Gorges de la M\u00e9ouge\"}]},{\"@type\":\"WebSite\",\"@id\":\"https:\\\/\\\/www.domaine-2soleils.com\\\/fr\\\/#website\",\"url\":\"https:\\\/\\\/www.domaine-2soleils.com\\\/fr\\\/\",\"name\":\"Domaine des 2 soleils\",\"description\":\"\",\"potentialAction\":[{\"@type\":\"SearchAction\",\"target\":{\"@type\":\"EntryPoint\",\"urlTemplate\":\"https:\\\/\\\/www.domaine-2soleils.com\\\/fr\\\/?s={search_term_string}\"},\"query-input\":{\"@type\":\"PropertyValueSpecification\",\"valueRequired\":true,\"valueName\":\"search_term_string\"}}],\"inLanguage\":\"fr-FR\"}]}<\/script>\n<!-- \/ Yoast SEO plugin. -->","yoast_head_json":{"title":"Camping Gorges de la M\u00e9ouge : r\u00e9server votre s\u00e9jour dans les Hautes-Alpes","description":"A 26 minutes de Gorges, d\u00e9couvrez notre camping avec piscine et nos h\u00e9bergements pour vos prochaines vacances dans les Hautes-Alpes.","robots":{"index":"index","follow":"follow","max-snippet":"max-snippet:-1","max-image-preview":"max-image-preview:large","max-video-preview":"max-video-preview:-1"},"canonical":"https:\/\/www.domaine-2soleils.com\/fr\/camping-gorges-de-la-meouge\/","og_locale":"fr_FR","og_type":"article","og_title":"Camping Gorges de la M\u00e9ouge : r\u00e9server votre s\u00e9jour dans les Hautes-Alpes","og_description":"A 26 minutes de Gorges, d\u00e9couvrez notre camping avec piscine et nos h\u00e9bergements pour vos prochaines vacances dans les Hautes-Alpes.","og_url":"https:\/\/www.domaine-2soleils.com\/fr\/camping-gorges-de-la-meouge\/","og_site_name":"Domaine des 2 soleils","article_modified_time":"2026-03-23T13:05:31+00:00","twitter_card":"summary_large_image","twitter_misc":{"Dur\u00e9e de lecture estim\u00e9e":"4 minutes"},"schema":{"@context":"https:\/\/schema.org","@graph":[{"@type":"WebPage","@id":"https:\/\/www.domaine-2soleils.com\/fr\/camping-gorges-de-la-meouge\/","url":"https:\/\/www.domaine-2soleils.com\/fr\/camping-gorges-de-la-meouge\/","name":"Camping Gorges de la M\u00e9ouge : r\u00e9server votre s\u00e9jour dans les Hautes-Alpes","isPartOf":{"@id":"https:\/\/www.domaine-2soleils.com\/fr\/#website"},"datePublished":"2023-04-20T12:38:50+00:00","dateModified":"2026-03-23T13:05:31+00:00","description":"A 26 minutes de Gorges, d\u00e9couvrez notre camping avec piscine et nos h\u00e9bergements pour vos prochaines vacances dans les Hautes-Alpes.","breadcrumb":{"@id":"https:\/\/www.domaine-2soleils.com\/fr\/camping-gorges-de-la-meouge\/#breadcrumb"},"inLanguage":"fr-FR","potentialAction":[{"@type":"ReadAction","target":["https:\/\/www.domaine-2soleils.com\/fr\/camping-gorges-de-la-meouge\/"]}]},{"@type":"BreadcrumbList","@id":"https:\/\/www.domaine-2soleils.com\/fr\/camping-gorges-de-la-meouge\/#breadcrumb","itemListElement":[{"@type":"ListItem","position":1,"name":"Camping Hautes-Alpes","item":"https:\/\/www.domaine-2soleils.com\/fr\/"},{"@type":"ListItem","position":2,"name":"Camping 3 \u00e9toiles \u00e0 26 min des Gorges de la M\u00e9ouge"}]},{"@type":"WebSite","@id":"https:\/\/www.domaine-2soleils.com\/fr\/#website","url":"https:\/\/www.domaine-2soleils.com\/fr\/","name":"Domaine des 2 soleils","description":"","potentialAction":[{"@type":"SearchAction","target":{"@type":"EntryPoint","urlTemplate":"https:\/\/www.domaine-2soleils.com\/fr\/?s={search_term_string}"},"query-input":{"@type":"PropertyValueSpecification","valueRequired":true,"valueName":"search_term_string"}}],"inLanguage":"fr-FR"}]}},"_links":{"self":[{"href":"https:\/\/www.domaine-2soleils.com\/fr\/wp-json\/wp\/v2\/pages\/4575","targetHints":{"allow":["GET"]}}],"collection":[{"href":"https:\/\/www.domaine-2soleils.com\/fr\/wp-json\/wp\/v2\/pages"}],"about":[{"href":"https:\/\/www.domaine-2soleils.com\/fr\/wp-json\/wp\/v2\/types\/page"}],"author":[{"embeddable":true,"href":"https:\/\/www.domaine-2soleils.com\/fr\/wp-json\/wp\/v2\/users\/1"}],"replies":[{"embeddable":true,"href":"https:\/\/www.domaine-2soleils.com\/fr\/wp-json\/wp\/v2\/comments?post=4575"}],"version-history":[{"count":11,"href":"https:\/\/www.domaine-2soleils.com\/fr\/wp-json\/wp\/v2\/pages\/4575\/revisions"}],"predecessor-version":[{"id":556186,"href":"https:\/\/www.domaine-2soleils.com\/fr\/wp-json\/wp\/v2\/pages\/4575\/revisions\/556186"}],"wp:attachment":[{"href":"https:\/\/www.domaine-2soleils.com\/fr\/wp-json\/wp\/v2\/media?parent=4575"}],"curies":[{"name":"wp","href":"https:\/\/api.w.org\/{rel}","templated":true}]}}