{"id":4572,"date":"2023-04-20T14:35:52","date_gmt":"2023-04-20T12:35:52","guid":{"rendered":"https:\/\/www.domaine-2soleils.com\/?page_id=4572"},"modified":"2026-03-23T14:03:28","modified_gmt":"2026-03-23T13:03:28","slug":"camping-veynes","status":"publish","type":"page","link":"https:\/\/www.domaine-2soleils.com\/fr\/camping-veynes\/","title":{"rendered":"CAMPING 3 \u00c9TOILES PROCHE DE VEYNES"},"content":{"rendered":"\n<p>Si vous \u00eates \u00e0 la recherche d\u2019une exp\u00e9rience de&nbsp;<strong>camping unique et idyllique<\/strong>, ne cherchez pas plus loin que notre&nbsp;<a href=\"\/fr\/\">camping dans les Hautes-Alpes \u00e0 Serres<\/a>. Notre camping est situ\u00e9 \u00e0 seulement<strong>&nbsp;24 min de Veynes<\/strong>, en France, et offre une vue imprenable sur la campagne environnante. Nous disposons d\u2019une&nbsp;vari\u00e9t\u00e9 d\u2019h\u00e9bergements \u00e0 tous les prix&nbsp; sur place, afin que vous puissiez choisir l\u2019option qui convient le mieux \u00e0 vos besoins.<\/p>\n\n\n\n<div class=\"wp-block-yootheme-widgetkit\">\n<div class=\" \" uk-slider=\"sets: true\">\n\n    \n    <div class=\"uk-position-relative uk-visible-toggle uk-margin\">\n\n        <ul class=\"uk-slider-items uk-grid uk-grid-match uk-child-width-1-1 uk-child-width-1-2@s uk-child-width-1-3@m uk-grid-small\">\n        \n            <li >\n\n                <div class=\"uk-panel uk-text-center\">\n\n                    \n                    \n                                        <div class=\"uk-text-center uk-margin uk-margin-remove-top\"><img decoding=\"async\" src=\"\/wp-content\/plugins\/widgetkit\/cache\/059-Camping-Hautes-Alpes-Serres-Les-Deux-Soleils-Ciela-Village-1-74086efaff51f99d147b8451a7417a92.jpg\" class=\" uk-transition-scale-up uk-transition-opaque\" alt=\"camping hautes alpes veynes\" width=\"500\" height=\"400\"><\/div>\n                    \n                    \n                        \n                        \n                        \n                        \n                        \n                        \n                        \n                    \n                <\/div>\n\n            <\/li>\n\n        \n            <li >\n\n                <div class=\"uk-panel uk-text-center\">\n\n                    \n                    \n                                        <div class=\"uk-text-center uk-margin uk-margin-remove-top\"><img decoding=\"async\" src=\"\/wp-content\/plugins\/widgetkit\/cache\/activites-enfants-camping-hautes-alpes-ed9c9d670f48ec53b523fb5961cd5314.jpg\" class=\" uk-transition-scale-up uk-transition-opaque\" alt=\"camping hautes alpes veynes\" width=\"500\" height=\"400\"><\/div>\n                    \n                    \n                        \n                        \n                        \n                        \n                        \n                        \n                        \n                    \n                <\/div>\n\n            <\/li>\n\n        \n            <li >\n\n                <div class=\"uk-panel uk-text-center\">\n\n                    \n                    \n                                        <div class=\"uk-text-center uk-margin uk-margin-remove-top\"><img decoding=\"async\" src=\"\/wp-content\/plugins\/widgetkit\/cache\/361-Camping-Hautes-Alpes-avec-piscine-Les-Deux-Soleils-Ciela-Village-5e8b02025541e8a50639872afe26b61a.jpg\" class=\" uk-transition-scale-up uk-transition-opaque\" alt=\"camping hautes alpes veynes\" width=\"500\" height=\"400\"><\/div>\n                    \n                    \n                        \n                        \n                        \n                        \n                        \n                        \n                        \n                    \n                <\/div>\n\n            <\/li>\n\n                <\/ul>\n\n        \n            \n                \n                    <a href=\"#\" class=\"uk-position-center-left uk-position-small uk-hidden-hover\" uk-slidenav-previous uk-slider-item=\"previous\"><\/a>\n                    <a href=\"#\" class=\"uk-position-center-right uk-position-small uk-hidden-hover\" uk-slidenav-next uk-slider-item=\"next\"><\/a>\n\n                \n            \n        \n    <\/div>\n\n    \n        <ul class=\"uk-slider-nav uk-dotnav uk-flex-center uk-margin-remove-bottom\"><\/ul>\n    \n    \n<\/div>\n<\/div>\n\n\n\n<h2 class=\"wp-block-heading\">ANIMATIONS ET ACTIVIT\u00c9S POUR TOUS<\/h2>\n\n\n\n<p>Notre camping propose un&nbsp;<strong>club pour enfants<\/strong>&nbsp;avec une<strong>&nbsp;vari\u00e9t\u00e9 d\u2019activit\u00e9s<\/strong>&nbsp;encadr\u00e9es pour les enfants \u00e2g\u00e9s de&nbsp;<strong>5 \u00e0 12 ans<\/strong>, comme la fabrication de bracelets, des jeux de plein air, des ateliers de maquillage\u2026<\/p>\n\n\n\n<p>Pour les adolescents et les adultes, nous proposons des tournois sportifs, un terrain multisports, un parc de fitness en plein air, et plus encore. Le soir, nous vous proposons des&nbsp;<strong>karaok\u00e9s<\/strong>, de la&nbsp;<strong>danse<\/strong>&nbsp;ou des&nbsp;<strong>jeux d\u2019\u00e9quipe<\/strong>&nbsp;en fonction du programme.<\/p>\n\n\n\n<p>Vous \u00eates s\u00fbr de trouver quelque chose que vous allez adorer dans notre<strong>&nbsp;camping pr\u00e8s de Veynes<\/strong>&nbsp;!<\/p>\n\n\n\n<h2 class=\"wp-block-heading\">LES DIFF\u00c9RENTS H\u00c9BERGEMENTS<\/h2>\n\n\n\n<p>Pour vos vacances, louez votre h\u00e9bergement au camping 3 \u00e9toiles Le Domaine des 2 Soleils. Notre&nbsp;<strong>camping proche de Veynes<\/strong>&nbsp;offre une vue imprenable. Les clients peuvent choisir de s\u00e9journer dans l\u2019un des&nbsp;<strong>nombreux logements disponibles<\/strong>&nbsp;sur le site, notamment des&nbsp;mobil-homes de deux ou trois chambres&nbsp;et des&nbsp;chalets \u00e9quip\u00e9s. Le linge de lit est fourni gratuitement. Notre camping propose \u00e9galement une buanderie \u00e9quip\u00e9e de machines \u00e0 laver et de s\u00e8che-linge.<\/p>\n\n\n\n<p>Pour une&nbsp;<strong>exp\u00e9rience de camping originale et unique<\/strong>, s\u00e9journez dans l\u2019une de nos&nbsp;<strong>tentes lodges<\/strong>&nbsp;ou&nbsp;<strong>cabanes<\/strong>. Nos&nbsp;h\u00e9bergements insolites&nbsp;sont situ\u00e9s dans la r\u00e9gion des Hautes-Alpes, o\u00f9 vous pourrez profiter au mieux de la nature. Nos tentes lodges dot\u00e9s de deux chambres poss\u00e8dent une&nbsp;<strong>terrasse priv\u00e9e<\/strong>&nbsp;vous permettant de profiter au mieux de vos vacances.<\/p>\n\n\n\n<p>Notre camping offre une&nbsp;<strong>vari\u00e9t\u00e9 d\u2019exp\u00e9riences de camping diff\u00e9rentes<\/strong>&nbsp;pour nos vacanciers et en plus de nos chalets et de nos tentes lodges, ceux qui souhaitent passer la&nbsp;<strong>nuit sous une tente<\/strong>&nbsp;le pourront gr\u00e2ce \u00e0 nos&nbsp;&nbsp;! Cela vous permet de profiter des sons qu\u2019offre le cadre de la nature pendant votre s\u00e9jour. Nous disposons \u00e9galement de&nbsp;<strong>cong\u00e9lateur, barbecue et plancha<\/strong>&nbsp;pour am\u00e9liorer votre s\u00e9jour. Quel que soit le type d\u2019exp\u00e9rience de camping que vous recherchez, nous avons quelque chose qui r\u00e9pondra \u00e0 vos besoins.<\/p>\n\n\n\n<h2 class=\"wp-block-heading\">Profitez de l\u2019espace aquatique<\/h2>\n\n\n\n<p>Notre<strong>&nbsp;camping Veynes<\/strong>&nbsp;vous propose de vous pr\u00e9lasser dans la piscine de notre <a href=\"\/fr\/camping-piscine-hautes-alpes\/\">camping avec piscine dans les Hautes-Alpes<\/a>. Avec ses 140 m\u00b2 et pour les plus petits de barboter dans une&nbsp;<strong>pataugeoire<\/strong>. Les premi\u00e8res d\u00e9couvertes de l\u2019eau pourront se faire en toute s\u00e9curit\u00e9 pour le&nbsp;<strong>bonheur des enfants comme des parents<\/strong>.<\/p>\n\n\n\n<p>Nous disposons \u00e9galement d\u2019un&nbsp;<strong>toboggan<\/strong>&nbsp;tr\u00e8s appr\u00e9ci\u00e9 de nos jeunes vacanciers. Reposez-vous et&nbsp;<strong>d\u00e9tendez-vous au bord de la piscine \u00e0 l\u2019espace solarium<\/strong>&nbsp;et profitez des&nbsp;<strong>chaises longues, transats&nbsp;<\/strong>et&nbsp;<strong>parasols<\/strong>&nbsp;mis \u00e0 disposition dans notre&nbsp;<strong>camping Le Domaine des 2 Soleils<\/strong>.<\/p>\n\n\n\n<p>Nous mettons toutes les infrastructures n\u00e9cessaires pour un&nbsp;<strong>s\u00e9jour inoubliable<\/strong>&nbsp;dans le&nbsp;Parc Naturel r\u00e9gional des Baronnies proven\u00e7ales.<\/p>\n\n\n\n<h2 class=\"wp-block-heading\">QUE FAIRE DANS LES ENVIRONS DU CAMPING ?<\/h2>\n\n\n\n<p>Notre&nbsp;<strong>camping Le Domaine des 2 Soleils<\/strong>&nbsp;est situ\u00e9 dans les Hautes-Alpes \u00e0 seulement 24 minutes de&nbsp;<strong>Veynes<\/strong> et non loin du <a href=\"\/fr\/camping-orpierre\/\">camping pr\u00e8s d\u2019Orpierre<\/a>. Cela permet \u00e0 nos h\u00f4tes de profiter de&nbsp;<strong>nombreuses activit\u00e9s et excursions<\/strong>&nbsp;pendant leur s\u00e9jour.<\/p>\n\n\n\n<p>Ce d\u00e9partement du sud-est de la France doit son nom \u00e0 la cha\u00eene de montagnes des Hautes-Alpes. Il compte plusieurs petites villes et villages, dont&nbsp;<strong>Veynes<\/strong>,&nbsp;Serres,&nbsp;<a href=\"\/fr\/camping-sisteron\/\">camping proche de Sisteron<\/a>&nbsp;ou encore&nbsp;Rosans.<\/p>\n\n\n\n<p>Les amateurs de plein air appr\u00e9cieront les nombreux <a href=\"\/fr\/decouvrir-hautes-alpes\/les-5-plus-belles-randonnees-dans-les-hautes-alpes\/\">randonn\u00e9es dans les Hautes-Alpes<\/a>. N\u2019h\u00e9sitez pas \u00e0 diversifier vos randonn\u00e9es en visitant les&nbsp;Gorges de la M\u00e9ouge&nbsp;en VTT, \u00e0 cheval en cyclo ou m\u00eame en quadbike&nbsp;! Ou bien laissez-vous tenter par de l\u2019escalade ou du canyoning&nbsp;!<\/p>\n\n\n\n<p>Les f\u00e9rues d\u2019histoire appr\u00e9cieront de visiter le<strong>&nbsp;mus\u00e9e des Hautes-Alpes \u00e0&nbsp;<\/strong><a href=\"\/fr\/decouvrir-hautes-alpes\/gap\/\">visiter la ville de Gap<\/a>, qui pr\u00e9sente des expositions sur l\u2019h\u00e9ritage romain de la r\u00e9gion.<\/p>\n\n\n\n<p>Et pour ceux qui veulent simplement se d\u00e9tendre, vous pourrez vous reposer et&nbsp;<strong>profiter de l\u2019espace aquatique<\/strong>&nbsp;de notre&nbsp;<strong>camping Veynes<\/strong>. Quels que soient vos centres d\u2019int\u00e9r\u00eat, vous \u00eates s\u00fbr de trouver quelque chose \u00e0 faire dans les Hautes-Alpes.<\/p>\n","protected":false},"excerpt":{"rendered":"<p>Si vous \u00eates \u00e0 la recherche d\u2019une exp\u00e9rience de&nbsp;camping unique et idyllique, ne cherchez pas plus loin que notre&nbsp;camping dans les Hautes-Alpes \u00e0 Serres. Notre camping est situ\u00e9 \u00e0 seulement&nbsp;24 min de Veynes, en France, et offre une vue imprenable sur la campagne environnante. Nous disposons d\u2019une&nbsp;vari\u00e9t\u00e9 d\u2019h\u00e9bergements \u00e0 tous les prix&nbsp; sur place, afin [&hellip;]<\/p>\n","protected":false},"author":1,"featured_media":0,"parent":0,"menu_order":0,"comment_status":"closed","ping_status":"closed","template":"","meta":{"_acf_changed":false,"footnotes":""},"class_list":["post-4572","page","type-page","status-publish","hentry"],"acf":[],"yoast_head":"<!-- This site is optimized with the Yoast SEO plugin v27.3 - https:\/\/yoast.com\/product\/yoast-seo-wordpress\/ -->\n<title>Camping Veynes : Camping 4 \u00e9toiles proche de Veynes<\/title>\n<meta name=\"robots\" content=\"index, follow, max-snippet:-1, max-image-preview:large, max-video-preview:-1\" \/>\n<link rel=\"canonical\" href=\"https:\/\/www.domaine-2soleils.com\/fr\/camping-veynes\/\" \/>\n<meta property=\"og:locale\" content=\"fr_FR\" \/>\n<meta property=\"og:type\" content=\"article\" \/>\n<meta property=\"og:title\" content=\"Camping Veynes : Camping 4 \u00e9toiles proche de Veynes\" \/>\n<meta property=\"og:description\" content=\"Si vous \u00eates \u00e0 la recherche d\u2019une exp\u00e9rience de&nbsp;camping unique et idyllique, ne cherchez pas plus loin que notre&nbsp;camping dans les Hautes-Alpes \u00e0 Serres. Notre camping est situ\u00e9 \u00e0 seulement&nbsp;24 min de Veynes, en France, et offre une vue imprenable sur la campagne environnante. Nous disposons d\u2019une&nbsp;vari\u00e9t\u00e9 d\u2019h\u00e9bergements \u00e0 tous les prix&nbsp; sur place, afin [&hellip;]\" \/>\n<meta property=\"og:url\" content=\"https:\/\/www.domaine-2soleils.com\/fr\/camping-veynes\/\" \/>\n<meta property=\"og:site_name\" content=\"Domaine des 2 soleils\" \/>\n<meta property=\"article:modified_time\" content=\"2026-03-23T13:03:28+00:00\" \/>\n<meta name=\"twitter:card\" content=\"summary_large_image\" \/>\n<meta name=\"twitter:label1\" content=\"Dur\u00e9e de lecture estim\u00e9e\" \/>\n\t<meta name=\"twitter:data1\" content=\"4 minutes\" \/>\n<script type=\"application\/ld+json\" class=\"yoast-schema-graph\">{\"@context\":\"https:\\\/\\\/schema.org\",\"@graph\":[{\"@type\":\"WebPage\",\"@id\":\"https:\\\/\\\/www.domaine-2soleils.com\\\/fr\\\/camping-veynes\\\/\",\"url\":\"https:\\\/\\\/www.domaine-2soleils.com\\\/fr\\\/camping-veynes\\\/\",\"name\":\"Camping Veynes : Camping 4 \u00e9toiles proche de Veynes\",\"isPartOf\":{\"@id\":\"https:\\\/\\\/www.domaine-2soleils.com\\\/fr\\\/#website\"},\"datePublished\":\"2023-04-20T12:35:52+00:00\",\"dateModified\":\"2026-03-23T13:03:28+00:00\",\"breadcrumb\":{\"@id\":\"https:\\\/\\\/www.domaine-2soleils.com\\\/fr\\\/camping-veynes\\\/#breadcrumb\"},\"inLanguage\":\"fr-FR\",\"potentialAction\":[{\"@type\":\"ReadAction\",\"target\":[\"https:\\\/\\\/www.domaine-2soleils.com\\\/fr\\\/camping-veynes\\\/\"]}]},{\"@type\":\"BreadcrumbList\",\"@id\":\"https:\\\/\\\/www.domaine-2soleils.com\\\/fr\\\/camping-veynes\\\/#breadcrumb\",\"itemListElement\":[{\"@type\":\"ListItem\",\"position\":1,\"name\":\"Camping Hautes-Alpes\",\"item\":\"https:\\\/\\\/www.domaine-2soleils.com\\\/fr\\\/\"},{\"@type\":\"ListItem\",\"position\":2,\"name\":\"CAMPING 3 \u00c9TOILES PROCHE DE VEYNES\"}]},{\"@type\":\"WebSite\",\"@id\":\"https:\\\/\\\/www.domaine-2soleils.com\\\/fr\\\/#website\",\"url\":\"https:\\\/\\\/www.domaine-2soleils.com\\\/fr\\\/\",\"name\":\"Domaine des 2 soleils\",\"description\":\"\",\"potentialAction\":[{\"@type\":\"SearchAction\",\"target\":{\"@type\":\"EntryPoint\",\"urlTemplate\":\"https:\\\/\\\/www.domaine-2soleils.com\\\/fr\\\/?s={search_term_string}\"},\"query-input\":{\"@type\":\"PropertyValueSpecification\",\"valueRequired\":true,\"valueName\":\"search_term_string\"}}],\"inLanguage\":\"fr-FR\"}]}<\/script>\n<!-- \/ Yoast SEO plugin. -->","yoast_head_json":{"title":"Camping Veynes : Camping 4 \u00e9toiles proche de Veynes","robots":{"index":"index","follow":"follow","max-snippet":"max-snippet:-1","max-image-preview":"max-image-preview:large","max-video-preview":"max-video-preview:-1"},"canonical":"https:\/\/www.domaine-2soleils.com\/fr\/camping-veynes\/","og_locale":"fr_FR","og_type":"article","og_title":"Camping Veynes : Camping 4 \u00e9toiles proche de Veynes","og_description":"Si vous \u00eates \u00e0 la recherche d\u2019une exp\u00e9rience de&nbsp;camping unique et idyllique, ne cherchez pas plus loin que notre&nbsp;camping dans les Hautes-Alpes \u00e0 Serres. Notre camping est situ\u00e9 \u00e0 seulement&nbsp;24 min de Veynes, en France, et offre une vue imprenable sur la campagne environnante. Nous disposons d\u2019une&nbsp;vari\u00e9t\u00e9 d\u2019h\u00e9bergements \u00e0 tous les prix&nbsp; sur place, afin [&hellip;]","og_url":"https:\/\/www.domaine-2soleils.com\/fr\/camping-veynes\/","og_site_name":"Domaine des 2 soleils","article_modified_time":"2026-03-23T13:03:28+00:00","twitter_card":"summary_large_image","twitter_misc":{"Dur\u00e9e de lecture estim\u00e9e":"4 minutes"},"schema":{"@context":"https:\/\/schema.org","@graph":[{"@type":"WebPage","@id":"https:\/\/www.domaine-2soleils.com\/fr\/camping-veynes\/","url":"https:\/\/www.domaine-2soleils.com\/fr\/camping-veynes\/","name":"Camping Veynes : Camping 4 \u00e9toiles proche de Veynes","isPartOf":{"@id":"https:\/\/www.domaine-2soleils.com\/fr\/#website"},"datePublished":"2023-04-20T12:35:52+00:00","dateModified":"2026-03-23T13:03:28+00:00","breadcrumb":{"@id":"https:\/\/www.domaine-2soleils.com\/fr\/camping-veynes\/#breadcrumb"},"inLanguage":"fr-FR","potentialAction":[{"@type":"ReadAction","target":["https:\/\/www.domaine-2soleils.com\/fr\/camping-veynes\/"]}]},{"@type":"BreadcrumbList","@id":"https:\/\/www.domaine-2soleils.com\/fr\/camping-veynes\/#breadcrumb","itemListElement":[{"@type":"ListItem","position":1,"name":"Camping Hautes-Alpes","item":"https:\/\/www.domaine-2soleils.com\/fr\/"},{"@type":"ListItem","position":2,"name":"CAMPING 3 \u00c9TOILES PROCHE DE VEYNES"}]},{"@type":"WebSite","@id":"https:\/\/www.domaine-2soleils.com\/fr\/#website","url":"https:\/\/www.domaine-2soleils.com\/fr\/","name":"Domaine des 2 soleils","description":"","potentialAction":[{"@type":"SearchAction","target":{"@type":"EntryPoint","urlTemplate":"https:\/\/www.domaine-2soleils.com\/fr\/?s={search_term_string}"},"query-input":{"@type":"PropertyValueSpecification","valueRequired":true,"valueName":"search_term_string"}}],"inLanguage":"fr-FR"}]}},"_links":{"self":[{"href":"https:\/\/www.domaine-2soleils.com\/fr\/wp-json\/wp\/v2\/pages\/4572","targetHints":{"allow":["GET"]}}],"collection":[{"href":"https:\/\/www.domaine-2soleils.com\/fr\/wp-json\/wp\/v2\/pages"}],"about":[{"href":"https:\/\/www.domaine-2soleils.com\/fr\/wp-json\/wp\/v2\/types\/page"}],"author":[{"embeddable":true,"href":"https:\/\/www.domaine-2soleils.com\/fr\/wp-json\/wp\/v2\/users\/1"}],"replies":[{"embeddable":true,"href":"https:\/\/www.domaine-2soleils.com\/fr\/wp-json\/wp\/v2\/comments?post=4572"}],"version-history":[{"count":9,"href":"https:\/\/www.domaine-2soleils.com\/fr\/wp-json\/wp\/v2\/pages\/4572\/revisions"}],"predecessor-version":[{"id":556185,"href":"https:\/\/www.domaine-2soleils.com\/fr\/wp-json\/wp\/v2\/pages\/4572\/revisions\/556185"}],"wp:attachment":[{"href":"https:\/\/www.domaine-2soleils.com\/fr\/wp-json\/wp\/v2\/media?parent=4572"}],"curies":[{"name":"wp","href":"https:\/\/api.w.org\/{rel}","templated":true}]}}