{"id":4567,"date":"2023-04-20T14:33:13","date_gmt":"2023-04-20T12:33:13","guid":{"rendered":"https:\/\/www.domaine-2soleils.com\/?page_id=4567"},"modified":"2026-03-23T13:59:31","modified_gmt":"2026-03-23T12:59:31","slug":"camping-sisteron","status":"publish","type":"page","link":"https:\/\/www.domaine-2soleils.com\/fr\/camping-sisteron\/","title":{"rendered":"CAMPING 3 \u00c9TOILES PROCHE DE SISTERON"},"content":{"rendered":"\n<p>Vous cherchez un endroit pour&nbsp;<strong>s\u00e9journer proche de Sisteron<\/strong>&nbsp;?&nbsp; Notre <a href=\"\/fr\/\">camping dans les Hautes-Alpes<\/a>&nbsp;est situ\u00e9 \u00e0&nbsp;<strong>seulement 34 km de Sisteron<\/strong>. Avec ses infrastructures de qualit\u00e9 et ses nombreuses possibilit\u00e9s d\u2019h\u00e9bergement, le camping saura r\u00e9pondre \u00e0 tous vos besoins. Son cadre pittoresque ravira petits et grands !<\/p>\n\n\n\n<div class=\"wp-block-yootheme-widgetkit\">\n<div class=\" \" uk-slider=\"sets: true\">\n\n    \n    <div class=\"uk-position-relative uk-visible-toggle uk-margin\">\n\n        <ul class=\"uk-slider-items uk-grid uk-grid-match uk-child-width-1-1 uk-child-width-1-2@s uk-child-width-1-3@m uk-grid-small\">\n        \n            <li >\n\n                <div class=\"uk-panel uk-text-center\">\n\n                    \n                    \n                                        <div class=\"uk-text-center uk-margin uk-margin-remove-top\"><img decoding=\"async\" src=\"\/wp-content\/plugins\/widgetkit\/cache\/070-Camping-Hautes-Alpes-Serres-Les-Deux-Soleils-Ciela-Village-1-0c4d3815de76f282f320ee86bf9398d6.jpg\" class=\" uk-transition-scale-up uk-transition-opaque\" alt=\"Camping sisteron\" width=\"500\" height=\"400\"><\/div>\n                    \n                    \n                        \n                        \n                        \n                        \n                        \n                        \n                        \n                    \n                <\/div>\n\n            <\/li>\n\n        \n            <li >\n\n                <div class=\"uk-panel uk-text-center\">\n\n                    \n                    \n                                        <div class=\"uk-text-center uk-margin uk-margin-remove-top\"><img decoding=\"async\" src=\"\/wp-content\/plugins\/widgetkit\/cache\/activites-enfants-camping-hautes-alpes-ed9c9d670f48ec53b523fb5961cd5314.jpg\" class=\" uk-transition-scale-up uk-transition-opaque\" alt=\"Camping sisteron\" width=\"500\" height=\"400\"><\/div>\n                    \n                    \n                        \n                        \n                        \n                        \n                        \n                        \n                        \n                    \n                <\/div>\n\n            <\/li>\n\n        \n            <li >\n\n                <div class=\"uk-panel uk-text-center\">\n\n                    \n                    \n                                        <div class=\"uk-text-center uk-margin uk-margin-remove-top\"><img decoding=\"async\" src=\"\/wp-content\/plugins\/widgetkit\/cache\/356-Camping-Hautes-Alpes-Pas-Cher-Parc-Aquatique-Les-Deux-Soleils-Ciela-Village-8ba6752ba91a50bbaea21ca730cb2f29.jpg\" class=\" uk-transition-scale-up uk-transition-opaque\" alt=\"Camping sisteron\" width=\"500\" height=\"400\"><\/div>\n                    \n                    \n                        \n                        \n                        \n                        \n                        \n                        \n                        \n                    \n                <\/div>\n\n            <\/li>\n\n                <\/ul>\n\n        \n            \n                \n                    <a href=\"#\" class=\"uk-position-center-left uk-position-small uk-hidden-hover\" uk-slidenav-previous uk-slider-item=\"previous\"><\/a>\n                    <a href=\"#\" class=\"uk-position-center-right uk-position-small uk-hidden-hover\" uk-slidenav-next uk-slider-item=\"next\"><\/a>\n\n                \n            \n        \n    <\/div>\n\n    \n        <ul class=\"uk-slider-nav uk-dotnav uk-flex-center uk-margin-remove-bottom\"><\/ul>\n    \n    \n<\/div>\n<\/div>\n\n\n\n<h2 class=\"wp-block-heading\">DES ANIMATIONS POUR PETITS ET GRANDS ENFANTS<\/h2>\n\n\n\n<p>En plus des nombreux services mis \u00e0 votre disposition, notre camping vous propose un<strong>&nbsp;club enfant encadr\u00e9 par des animateurs professionnels<\/strong>&nbsp;afin de divertir vos&nbsp;<strong>enfants \u00e2g\u00e9s de 5 \u00e0 12 ans<\/strong>. Au programme, des jeux, des copains, des activit\u00e9s manuelles et pleins d\u2019autres !<\/p>\n\n\n\n<p>Notre&nbsp;<strong>camping Sisteron<\/strong>&nbsp;propose \u00e9galement un large \u00e9ventail d\u2019activit\u00e9s pour les adolescents et les adultes. Vous pourrez profiter d\u2019animations telles que des<strong>&nbsp;tournois sportifs<\/strong>, un parc de fitness en plein air, du volley, du basket, de la p\u00e9tanque, des tables de ping-pong et un&nbsp;<strong>cin\u00e9ma en plein air<\/strong>. Les amateurs de nature appr\u00e9cieront aussi les <a href=\"\/fr\/decouvrir-hautes-alpes\/decouvrez-les-plus-belles-randonnees-du-pays-de-sisteron-buech\/\">randonn\u00e9es autour de Sisteron<\/a>. N\u2019h\u00e9sitez pas non plus \u00e0 participer \u00e0 nos soir\u00e9es anim\u00e9es !<\/p>\n\n\n\n<p>Vous cherchez une&nbsp;<strong>location proche de Sisteron<\/strong>, au c\u0153ur du parc naturel r\u00e9gional des Baronnies Proven\u00e7ales ? Notre&nbsp;<strong>camping des Hautes Alpes<\/strong>&nbsp;vous propose diff\u00e9rents types de locations : Que ce soit dans un&nbsp;mobil home&nbsp;avec une ou plusieurs chambres ou des&nbsp;chalets \u00e9quip\u00e9s&nbsp;notre camping met en place&nbsp;<strong>tout le confort n\u00e9cessaire<\/strong>&nbsp;pour que vous passiez un excellent s\u00e9jour. Notre camping Le Domaine des 2 Soleils est l\u2019endroit id\u00e9al pour se d\u00e9tendre et profiter du plein air.<\/p>\n\n\n\n<p>D\u00e9couvrez nos options de&nbsp;location uniques, diff\u00e9rentes et insolites&nbsp;pour vos prochaines vacances. Venez vous pr\u00e9lasser sur la terrasse d\u2019une&nbsp;<strong>tente lodge<\/strong>&nbsp;ou encore par le charme d\u2019une&nbsp;<strong>cabane confortable<\/strong>. Vous aurez le privil\u00e8ge de passer un s\u00e9jour dans des h\u00e9bergements de qualit\u00e9 dans notre&nbsp;<strong>camping Sisteron<\/strong>&nbsp;dans les Hautes-Alpes. Venez en faire l\u2019exp\u00e9rience par vous-m\u00eame !<\/p>\n\n\n\n<p>Pour ceux qui aiment passer du temps en plein air, notre camping des Hautes-Alpes est l\u2019endroit id\u00e9al pour&nbsp;<strong>planter une tente<\/strong>. Nos&nbsp;emplacements de camping spacieux&nbsp;sont situ\u00e9s au c\u0153ur de la nature, offrant une nuit paisible et relaxante au plus pr\u00e8s de la nature. Des cong\u00e9lateurs sont disponibles gratuitement ainsi que des barbecues et des planchas.<\/p>\n\n\n\n<h2 class=\"wp-block-heading\">NOTRE CAMPING PROCHE DE SISTERON AVEC PISCINE<\/h2>\n\n\n\n<p>La <a href=\"\/fr\/camping-piscine-hautes-alpes\/\">piscine de notre camping dans les Hautes-Alpes<\/a>&nbsp;est parfaite pour faire trempette, jouer et profiter pleinement de vos vacances.<\/p>\n\n\n\n<p>Notre&nbsp;<strong>espace aquatique<\/strong>&nbsp;dispose aussi d\u2019une&nbsp;<strong>pataugeoire id\u00e9ale<\/strong>&nbsp;<strong>pour les jeunes enfants<\/strong>&nbsp;d\u00e9sirant s\u2019adonner \u00e0 de grandes parties de jeux d\u2019eau. Pour compl\u00e9ter le tout le&nbsp;<strong>toboggan<\/strong>&nbsp;permettra beaucoup de rires et de joie \u00e0 ceux qui se lanceront dans de folles descentes.<\/p>\n\n\n\n<p>Les adultes pourront appr\u00e9cier ces moments en se d\u00e9tendant \u00e0 l\u2019espace&nbsp;<strong>solarium<\/strong>&nbsp;qui borde la piscine de notre&nbsp;<strong>camping proche de Sisteron<\/strong>. Alors venez et prenez une baignade !<\/p>\n\n\n\n<h2 class=\"wp-block-heading\">QUELQUES ID\u00c9ES DE VISITES AUX ALENTOURS<\/h2>\n\n\n\n<p>Venez s\u00e9journer dans notre magnifique&nbsp;<strong>camping Sisteron<\/strong>, situ\u00e9 dans le d\u00e9partement des Hautes-Alpes, en r\u00e9gion Provence-Alpes-C\u00f4te d\u2019Azur. Nos&nbsp;h\u00e9bergements \u00e0 tous les prix&nbsp;sont parfaits pour explorer les merveilleux sites et activit\u00e9s de cette r\u00e9gion de France.<\/p>\n\n\n\n<p>La jolie ville de&nbsp;<a href=\"\/fr\/decouvrir-hautes-alpes\/visiter-sisteron\/\">visiter Sisteron et ses incontournables<\/a>&nbsp;abrite un certain nombre de sites historiques comme la c\u00e9l\u00e8bre<strong>&nbsp;Citadelle de Sisteron<\/strong>, une forteresse historique qui offre une vue imprenable sur les montagnes environnantes.&nbsp; Pour les amoureux d\u2019histoire, le petit village m\u00e9di\u00e9val de&nbsp;Rosans&nbsp;m\u00e9rite un arr\u00eat tant l\u2019ambiance y est apaisante. Pour ceux qui aiment les activit\u00e9s de plein air, plusieurs&nbsp;<strong>sentiers de randonn\u00e9e<\/strong>&nbsp;existent dans la&nbsp;<strong>r\u00e9gion des Hautes Alpes<\/strong>. Vous d\u00e9sirez faire une activit\u00e9 sportive&nbsp;? Essayer le canyoning dans les&nbsp;Gorges de la M\u00e9ouges ou le <a href=\"\/fr\/camping-orpierre\/\">camping pr\u00e8s d\u2019Orpierre<\/a>&nbsp;! Vous \u00eates assur\u00e9 de passer de merveilleux moments.<\/p>\n\n\n\n<p>Pour les f\u00e9rues d\u2019histoire, la ville de&nbsp;<a href=\"\/fr\/camping-veynes\/\">camping proche de Veynes<\/a>&nbsp;vous propose une visite \u00e0 l\u2019<strong>\u00e9comus\u00e9e du cheminot Veynois<\/strong>, une immersion extraordinaire dans le monde du rail, de quoi filer droit&nbsp;!<\/p>\n","protected":false},"excerpt":{"rendered":"<p>Vous cherchez un endroit pour&nbsp;s\u00e9journer proche de Sisteron&nbsp;?&nbsp; Notre camping dans les Hautes-Alpes&nbsp;est situ\u00e9 \u00e0&nbsp;seulement 34 km de Sisteron. Avec ses infrastructures de qualit\u00e9 et ses nombreuses possibilit\u00e9s d\u2019h\u00e9bergement, le camping saura r\u00e9pondre \u00e0 tous vos besoins. Son cadre pittoresque ravira petits et grands ! DES ANIMATIONS POUR PETITS ET GRANDS ENFANTS En plus des [&hellip;]<\/p>\n","protected":false},"author":1,"featured_media":0,"parent":0,"menu_order":0,"comment_status":"closed","ping_status":"closed","template":"","meta":{"_acf_changed":false,"footnotes":""},"class_list":["post-4567","page","type-page","status-publish","hentry"],"acf":[],"yoast_head":"<!-- This site is optimized with the Yoast SEO plugin v27.3 - https:\/\/yoast.com\/product\/yoast-seo-wordpress\/ -->\n<title>Camping Sisteron : votre camping 3 \u00e9toiles \u00e0 Sisteron en Hautes-Alpes<\/title>\n<meta name=\"description\" content=\"D\u00e9couvrez notre camping \u00e0 quelques kilom\u00e8tres de Sisteron pour passer des vacances inoubliables en amoureux, en famille ou entre amis !\" \/>\n<meta name=\"robots\" content=\"index, follow, max-snippet:-1, max-image-preview:large, max-video-preview:-1\" \/>\n<link rel=\"canonical\" href=\"https:\/\/www.domaine-2soleils.com\/fr\/camping-sisteron\/\" \/>\n<meta property=\"og:locale\" content=\"fr_FR\" \/>\n<meta property=\"og:type\" content=\"article\" \/>\n<meta property=\"og:title\" content=\"Camping Sisteron : votre camping 3 \u00e9toiles \u00e0 Sisteron en Hautes-Alpes\" \/>\n<meta property=\"og:description\" content=\"D\u00e9couvrez notre camping \u00e0 quelques kilom\u00e8tres de Sisteron pour passer des vacances inoubliables en amoureux, en famille ou entre amis !\" \/>\n<meta property=\"og:url\" content=\"https:\/\/www.domaine-2soleils.com\/fr\/camping-sisteron\/\" \/>\n<meta property=\"og:site_name\" content=\"Domaine des 2 soleils\" \/>\n<meta property=\"article:modified_time\" content=\"2026-03-23T12:59:31+00:00\" \/>\n<meta name=\"twitter:card\" content=\"summary_large_image\" \/>\n<meta name=\"twitter:label1\" content=\"Dur\u00e9e de lecture estim\u00e9e\" \/>\n\t<meta name=\"twitter:data1\" content=\"4 minutes\" \/>\n<script type=\"application\/ld+json\" class=\"yoast-schema-graph\">{\"@context\":\"https:\\\/\\\/schema.org\",\"@graph\":[{\"@type\":\"WebPage\",\"@id\":\"https:\\\/\\\/www.domaine-2soleils.com\\\/fr\\\/camping-sisteron\\\/\",\"url\":\"https:\\\/\\\/www.domaine-2soleils.com\\\/fr\\\/camping-sisteron\\\/\",\"name\":\"Camping Sisteron : votre camping 3 \u00e9toiles \u00e0 Sisteron en Hautes-Alpes\",\"isPartOf\":{\"@id\":\"https:\\\/\\\/www.domaine-2soleils.com\\\/fr\\\/#website\"},\"datePublished\":\"2023-04-20T12:33:13+00:00\",\"dateModified\":\"2026-03-23T12:59:31+00:00\",\"description\":\"D\u00e9couvrez notre camping \u00e0 quelques kilom\u00e8tres de Sisteron pour passer des vacances inoubliables en amoureux, en famille ou entre amis !\",\"breadcrumb\":{\"@id\":\"https:\\\/\\\/www.domaine-2soleils.com\\\/fr\\\/camping-sisteron\\\/#breadcrumb\"},\"inLanguage\":\"fr-FR\",\"potentialAction\":[{\"@type\":\"ReadAction\",\"target\":[\"https:\\\/\\\/www.domaine-2soleils.com\\\/fr\\\/camping-sisteron\\\/\"]}]},{\"@type\":\"BreadcrumbList\",\"@id\":\"https:\\\/\\\/www.domaine-2soleils.com\\\/fr\\\/camping-sisteron\\\/#breadcrumb\",\"itemListElement\":[{\"@type\":\"ListItem\",\"position\":1,\"name\":\"Camping Hautes-Alpes\",\"item\":\"https:\\\/\\\/www.domaine-2soleils.com\\\/fr\\\/\"},{\"@type\":\"ListItem\",\"position\":2,\"name\":\"Camping \u00e0 Sisteron\"}]},{\"@type\":\"WebSite\",\"@id\":\"https:\\\/\\\/www.domaine-2soleils.com\\\/fr\\\/#website\",\"url\":\"https:\\\/\\\/www.domaine-2soleils.com\\\/fr\\\/\",\"name\":\"Domaine des 2 soleils\",\"description\":\"\",\"potentialAction\":[{\"@type\":\"SearchAction\",\"target\":{\"@type\":\"EntryPoint\",\"urlTemplate\":\"https:\\\/\\\/www.domaine-2soleils.com\\\/fr\\\/?s={search_term_string}\"},\"query-input\":{\"@type\":\"PropertyValueSpecification\",\"valueRequired\":true,\"valueName\":\"search_term_string\"}}],\"inLanguage\":\"fr-FR\"}]}<\/script>\n<!-- \/ Yoast SEO plugin. -->","yoast_head_json":{"title":"Camping Sisteron : votre camping 3 \u00e9toiles \u00e0 Sisteron en Hautes-Alpes","description":"D\u00e9couvrez notre camping \u00e0 quelques kilom\u00e8tres de Sisteron pour passer des vacances inoubliables en amoureux, en famille ou entre amis !","robots":{"index":"index","follow":"follow","max-snippet":"max-snippet:-1","max-image-preview":"max-image-preview:large","max-video-preview":"max-video-preview:-1"},"canonical":"https:\/\/www.domaine-2soleils.com\/fr\/camping-sisteron\/","og_locale":"fr_FR","og_type":"article","og_title":"Camping Sisteron : votre camping 3 \u00e9toiles \u00e0 Sisteron en Hautes-Alpes","og_description":"D\u00e9couvrez notre camping \u00e0 quelques kilom\u00e8tres de Sisteron pour passer des vacances inoubliables en amoureux, en famille ou entre amis !","og_url":"https:\/\/www.domaine-2soleils.com\/fr\/camping-sisteron\/","og_site_name":"Domaine des 2 soleils","article_modified_time":"2026-03-23T12:59:31+00:00","twitter_card":"summary_large_image","twitter_misc":{"Dur\u00e9e de lecture estim\u00e9e":"4 minutes"},"schema":{"@context":"https:\/\/schema.org","@graph":[{"@type":"WebPage","@id":"https:\/\/www.domaine-2soleils.com\/fr\/camping-sisteron\/","url":"https:\/\/www.domaine-2soleils.com\/fr\/camping-sisteron\/","name":"Camping Sisteron : votre camping 3 \u00e9toiles \u00e0 Sisteron en Hautes-Alpes","isPartOf":{"@id":"https:\/\/www.domaine-2soleils.com\/fr\/#website"},"datePublished":"2023-04-20T12:33:13+00:00","dateModified":"2026-03-23T12:59:31+00:00","description":"D\u00e9couvrez notre camping \u00e0 quelques kilom\u00e8tres de Sisteron pour passer des vacances inoubliables en amoureux, en famille ou entre amis !","breadcrumb":{"@id":"https:\/\/www.domaine-2soleils.com\/fr\/camping-sisteron\/#breadcrumb"},"inLanguage":"fr-FR","potentialAction":[{"@type":"ReadAction","target":["https:\/\/www.domaine-2soleils.com\/fr\/camping-sisteron\/"]}]},{"@type":"BreadcrumbList","@id":"https:\/\/www.domaine-2soleils.com\/fr\/camping-sisteron\/#breadcrumb","itemListElement":[{"@type":"ListItem","position":1,"name":"Camping Hautes-Alpes","item":"https:\/\/www.domaine-2soleils.com\/fr\/"},{"@type":"ListItem","position":2,"name":"Camping \u00e0 Sisteron"}]},{"@type":"WebSite","@id":"https:\/\/www.domaine-2soleils.com\/fr\/#website","url":"https:\/\/www.domaine-2soleils.com\/fr\/","name":"Domaine des 2 soleils","description":"","potentialAction":[{"@type":"SearchAction","target":{"@type":"EntryPoint","urlTemplate":"https:\/\/www.domaine-2soleils.com\/fr\/?s={search_term_string}"},"query-input":{"@type":"PropertyValueSpecification","valueRequired":true,"valueName":"search_term_string"}}],"inLanguage":"fr-FR"}]}},"_links":{"self":[{"href":"https:\/\/www.domaine-2soleils.com\/fr\/wp-json\/wp\/v2\/pages\/4567","targetHints":{"allow":["GET"]}}],"collection":[{"href":"https:\/\/www.domaine-2soleils.com\/fr\/wp-json\/wp\/v2\/pages"}],"about":[{"href":"https:\/\/www.domaine-2soleils.com\/fr\/wp-json\/wp\/v2\/types\/page"}],"author":[{"embeddable":true,"href":"https:\/\/www.domaine-2soleils.com\/fr\/wp-json\/wp\/v2\/users\/1"}],"replies":[{"embeddable":true,"href":"https:\/\/www.domaine-2soleils.com\/fr\/wp-json\/wp\/v2\/comments?post=4567"}],"version-history":[{"count":9,"href":"https:\/\/www.domaine-2soleils.com\/fr\/wp-json\/wp\/v2\/pages\/4567\/revisions"}],"predecessor-version":[{"id":556184,"href":"https:\/\/www.domaine-2soleils.com\/fr\/wp-json\/wp\/v2\/pages\/4567\/revisions\/556184"}],"wp:attachment":[{"href":"https:\/\/www.domaine-2soleils.com\/fr\/wp-json\/wp\/v2\/media?parent=4567"}],"curies":[{"name":"wp","href":"https:\/\/api.w.org\/{rel}","templated":true}]}}