{"id":4559,"date":"2023-04-20T14:28:55","date_gmt":"2023-04-20T12:28:55","guid":{"rendered":"https:\/\/www.domaine-2soleils.com\/?page_id=4559"},"modified":"2026-03-23T14:13:58","modified_gmt":"2026-03-23T13:13:58","slug":"camping-rosans","status":"publish","type":"page","link":"https:\/\/www.domaine-2soleils.com\/fr\/camping-rosans\/","title":{"rendered":"CAMPING 3 \u00c9TOILES \u00c0 MOINS DE 30 MIN DE ROSANS"},"content":{"rendered":"\n<p>Les Hautes-Alpes sont une destination qui permet de se ressourcer : repos, convivialit\u00e9 et activit\u00e9s pour tous les \u00e2ges et toutes les pr\u00e9f\u00e9rences ne sont que quelques-unes des choses que vous pouvez attendre en r\u00e9servant au&nbsp;<a href=\"\/fr\/\">camping dans les Hautes-Alpes<\/a>. Nous vous proposons&nbsp;plusieurs possibilit\u00e9s d\u2019h\u00e9bergement pour tous les budgets, ainsi que des infrastructures de qualit\u00e9. Notre&nbsp;<strong>camping proche de Rosans<\/strong>&nbsp;d\u00e9passera toutes vos attentes, gr\u00e2ce \u00e0 son environnement parfait.<\/p>\n\n\n\n<div class=\"wp-block-yootheme-widgetkit\">\n\n    <div id=\"wk-gridd17\" class=\"uk-child-width-1-1 uk-child-width-1-3@s uk-grid-small uk-grid-match uk-text-left \" uk-height-match=\"target: &gt; div &gt; .uk-panel, &gt; div &gt; .uk-card; row: true\" uk-grid >\n\n    \n        <div >\n            <div class=\"uk-panel\">\n\n                \n                \n                                <div class=\"uk-text-center uk-margin uk-margin-remove-top\"><div class=\"uk-inline-clip \"><img decoding=\"async\" src=\"\/wp-content\/plugins\/widgetkit\/cache\/Camping-4-etoiles-Hautes-Alpes-Serres-Les-Deux-Soleils-Ciela-Village-1-84691994ffac849d8124ea867ecf7ce7.jpg\" class=\" uk-transition-scale-up uk-transition-opaque\" alt=\"Camping Hautes Alpes Rosans\" width=\"500\" height=\"400\"><\/div><\/div>\n                \n                \n                    \n                        \n                        \n                        \n                        \n                        \n                        \n                        \n                    \n                \n            <\/div>\n        <\/div>\n\n    \n        <div >\n            <div class=\"uk-panel\">\n\n                \n                \n                                <div class=\"uk-text-center uk-margin uk-margin-remove-top\"><div class=\"uk-inline-clip \"><img decoding=\"async\" src=\"\/wp-content\/plugins\/widgetkit\/cache\/activites-enfants-camping-hautes-alpes-ed9c9d670f48ec53b523fb5961cd5314.jpg\" class=\" uk-transition-scale-up uk-transition-opaque\" alt=\"Camping Hautes Alpes Rosans\" width=\"500\" height=\"400\"><\/div><\/div>\n                \n                \n                    \n                        \n                        \n                        \n                        \n                        \n                        \n                        \n                    \n                \n            <\/div>\n        <\/div>\n\n    \n        <div >\n            <div class=\"uk-panel\">\n\n                \n                \n                                <div class=\"uk-text-center uk-margin uk-margin-remove-top\"><div class=\"uk-inline-clip \"><img decoding=\"async\" src=\"\/wp-content\/plugins\/widgetkit\/cache\/348-Camping-Hautes-Alpes-Serres-Parc-Aquatique-Les-Deux-Soleils-Ciela-Village-1-c93cbe6033ddabbb4692003d2e2b3a0e.jpg\" class=\" uk-transition-scale-up uk-transition-opaque\" alt=\"Camping Hautes Alpes Rosans\" width=\"500\" height=\"400\"><\/div><\/div>\n                \n                \n                    \n                        \n                        \n                        \n                        \n                        \n                        \n                        \n                    \n                \n            <\/div>\n        <\/div>\n\n    \n    <\/div>\n\n<\/div>\n\n\n\n<h2 class=\"wp-block-heading\">ANIMATIONS ET ACTIVIT\u00c9S POUR TOUS !<\/h2>\n\n\n\n<p>Le club enfants du camping vous permettra d\u2019occuper vos enfants.<\/p>\n\n\n\n<p>Au programme : joie, humour et jeux ! Les<strong>&nbsp;animateurs professionnels<\/strong>&nbsp;du club s\u2019engagent \u00e0 ce que vos&nbsp;<strong>enfants \u00e2g\u00e9s de 5 \u00e0 12 ans<\/strong>, soient en s\u00e9curit\u00e9 et heureux. Vos enfants pourront faire des activit\u00e9s telles que la&nbsp;<strong>fabrication de bracelets<\/strong>, des&nbsp;<strong>jeux d\u2019ext\u00e9rieur<\/strong>&nbsp;ou encore&nbsp;<strong>participer \u00e0 l\u2019atelier de maquillage<\/strong>.<\/p>\n\n\n\n<p>Vous pourrez prendre part \u00e0 de&nbsp;<strong>nombreuses activit\u00e9s<\/strong>&nbsp;quel que soit votre \u00e2ge. Les ados et adultes ne seront pas en reste et seront ravis de&nbsp;<strong>participer \u00e0 nos tournois sportifs<\/strong>. Vous pourrez utiliser notre terrain multisports, le parc de fitness en plein air, les terrains de volley-ball, de basket-ball ou encore de p\u00e9tanque. Les passionn\u00e9s d\u2019escalade appr\u00e9cieront la proximit\u00e9 de notre <a href=\"\/fr\/camping-orpierre\/\">camping pr\u00e8s d\u2019Orpierre<\/a>, site r\u00e9put\u00e9 mondialement. Pleins d\u2019autres infrastructures sont \u00e0 d\u00e9couvrir dans notre<strong>&nbsp;camping Rosans<\/strong>, n\u2019attendez plus&nbsp;!<\/p>\n\n\n\n<h2 class=\"wp-block-heading\">LOCATION DE MOBIL-HOMES ET D&rsquo;EMPLACEMENTS<\/h2>\n\n\n\n<p>Louez votre&nbsp;<strong>h\u00e9bergement<\/strong>&nbsp;dans le&nbsp;<a href=\"\/fr\/decouvrir-hautes-alpes\/parc-naturel-regional-baronnies-provencales\/\">parc naturel des Baronnies proven\u00e7ales<\/a>&nbsp;pour des vacances dans les Hautes-Alpes. Des&nbsp;mobil-homes tout confort avec terrasse&nbsp;et des&nbsp;chalets \u00e9quip\u00e9s&nbsp;sont disponibles \u00e0 la location dans notre&nbsp;<strong>camping des Hautes-Alpes<\/strong>. Un micro-ondes, un r\u00e9frig\u00e9rateur, une cafeti\u00e8re, ainsi que d\u2019autres \u00e9quipements sont pr\u00eats \u00e0 \u00eatre utilis\u00e9s.<\/p>\n\n\n\n<p>Choisissez noslocations insolites&nbsp;si vous \u00eates parmi les clients&nbsp;<strong>\u00e0 la recherche d\u2019exp\u00e9riences uniques et innovantes<\/strong>&nbsp;: les nuits dans des&nbsp;<strong>tentes lodges<\/strong>&nbsp;avec 2 chambres, un balcon, ou nos&nbsp;<strong>cabanes<\/strong>&nbsp;ont un attrait hors du commun. Nos visiteurs ont la chance de s\u00e9journer dans d\u2019excellents h\u00e9bergements dans les Hautes-Alpes, qui se caract\u00e9risent par la pr\u00e9sence de la nature.<\/p>\n\n\n\n<p>Enfin, notre&nbsp;<strong>camping Rosans<\/strong>&nbsp;est ravi de mettre \u00e0 disposition de nos clients qui pr\u00e9f\u00e8rent passer la nuit sous une tente, de&nbsp;grands emplacements ouverts et sans vis-\u00e0-vis. Pour ceux qui pr\u00e9f\u00e8rent passer la nuit sous la tente, notre camping Le<strong>&nbsp;Domaine des 2 Soleils<\/strong>&nbsp;est situ\u00e9 en pleine nature et vous promet une nuit proche du charme de la nature. Des cong\u00e9lateurs peuvent \u00eatre utilis\u00e9s sans frais ; la location de barbecues ou de planchas est \u00e9galement possible.<\/p>\n\n\n\n<h2 class=\"wp-block-heading\">Profitez de notre espace aquatique<\/h2>\n\n\n\n<p>Nous offrons \u00e0 nos clients un environnement aquatique digne des illustres campings de France.<\/p>\n\n\n\n<p>Quoi de mieux qu\u2019un&nbsp;<strong>camping proche de Rosans<\/strong>&nbsp;avec une&nbsp;piscine&nbsp;pour vos vacances ? Notre espace aquatique est compos\u00e9 d\u2019une&nbsp;<strong>piscine de 140 m2<\/strong>&nbsp;ainsi que d\u2019une&nbsp;<strong>pataugeoire<\/strong>, id\u00e9ale pour les petits enfants car ils peuvent y&nbsp;<strong>jouer en toute s\u00e9curit\u00e9<\/strong>, les parents en sont g\u00e9n\u00e9ralement tr\u00e8s satisfaits ! Le&nbsp;<strong>toboggan<\/strong>&nbsp;situ\u00e9 sous la piscine principale est une attraction qui plaira aux jeunes comme aux moins jeunes.<\/p>\n\n\n\n<p>Le&nbsp;<strong>solarium aux abords de notre piscine<\/strong>&nbsp;avec&nbsp;<strong>chaises longues, transats<\/strong>&nbsp;et&nbsp;<strong>parasols<\/strong>&nbsp;est \u00e0 la disposition de nos vacanciers.<\/p>\n\n\n\n<h2 class=\"wp-block-heading\">QUE VISITER AUX ALENTOURS DE NOTRE CAMPING ?<\/h2>\n\n\n\n<p>Notre&nbsp;<strong>camping Le Domaines Des 2 Soleils<\/strong>&nbsp;se trouve \u00e0&nbsp;Serres, \u00e0 seulement&nbsp;<strong>26 kilom\u00e8tres de Rosans<\/strong>. Cette jolie ville se trouve dans le d\u00e9partement des Hautes-Alpes, en France, et dans la r\u00e9gion Provence-Alpes-C\u00f4te d\u2019Azur. \u00c0 proximit\u00e9, le prieur\u00e9 de <a href=\"\/fr\/decouvrir-hautes-alpes\/saint-andre-de-rosans-et-son-prieure\/\">Saint-Andr\u00e9-de-Rosans<\/a> t\u00e9moigne du riche patrimoine roman de la r\u00e9gion.<\/p>\n\n\n\n<p>Pour d\u00e9couvrir les sites naturels de la Provence et profiter pleinement, il vous faudra s\u00e9journer quelques nuits dans l\u2019un de nos h\u00e9bergements ou emplacements. La r\u00e9gion regorge d\u2019activit\u00e9s : \u00e0 5 minutes du&nbsp;<strong>camping Rosans,<\/strong>&nbsp;rendez-vous \u00e0 la&nbsp;base de loisirs de la Germanette. Vous pourrez profiter de tout ce qu\u2019un lac d\u2019eau douce a \u00e0 offrir : d\u00e9tente au bord du lac,&nbsp;<strong>sports nautiques<\/strong>, p\u00eache, etc. Si l\u2019eau est votre \u00e9l\u00e9ment pr\u00e9f\u00e9r\u00e9, notre camping est le lieu id\u00e9al : Visitez le&nbsp;plan d\u2019eau de Riou&nbsp;pr\u00e8s de&nbsp;<strong>Saint-Genis<\/strong>&nbsp;\u00e0 10 minutes du camping, un lac bleu azur \u00e9poustouflant ou encore les&nbsp;<a href=\"\/fr\/camping-gorges-de-la-meouge\/\">camping proche des gorges de la M\u00e9ouge<\/a>&nbsp;pour faire du canyoning ou simplement profitez de la fra\u00eecheur de l\u2019eau, deux destinations aux allures de carte postales !<\/p>\n\n\n\n<p>Si vous \u00eates plut\u00f4t sorties et visites culturelles, ne manquez pas d\u2019aller visiter&nbsp;Sisteron&nbsp;et sa c\u00e9l\u00e8bre citadelle ou encore le joli village m\u00e9di\u00e9val de&nbsp;Veynes&nbsp;pr\u00e8s de Rosans ! Et enfin, la magnifique&nbsp;<a href=\"\/fr\/decouvrir-hautes-alpes\/abbaye-notre-dame-de-la-misericorde\/\">abbaye Notre-Dame de Mis\u00e9ricorde \u00e0 Rosans<\/a>&nbsp;et son c\u00e9l\u00e8bre artisanat \u00e0 Rosans.<\/p>\n","protected":false},"excerpt":{"rendered":"<p>Les Hautes-Alpes sont une destination qui permet de se ressourcer : repos, convivialit\u00e9 et activit\u00e9s pour tous les \u00e2ges et toutes les pr\u00e9f\u00e9rences ne sont que quelques-unes des choses que vous pouvez attendre en r\u00e9servant au&nbsp;camping dans les Hautes-Alpes. Nous vous proposons&nbsp;plusieurs possibilit\u00e9s d\u2019h\u00e9bergement pour tous les budgets, ainsi que des infrastructures de qualit\u00e9. Notre&nbsp;camping [&hellip;]<\/p>\n","protected":false},"author":1,"featured_media":0,"parent":0,"menu_order":0,"comment_status":"closed","ping_status":"closed","template":"","meta":{"_acf_changed":false,"footnotes":""},"class_list":["post-4559","page","type-page","status-publish","hentry"],"acf":[],"yoast_head":"<!-- This site is optimized with the Yoast SEO plugin v27.3 - https:\/\/yoast.com\/product\/yoast-seo-wordpress\/ -->\n<title>Camping Rosans : s\u00e9jour dans un camping 3 \u00e9toiles en Hautes-Alpes<\/title>\n<meta name=\"robots\" content=\"index, follow, max-snippet:-1, max-image-preview:large, max-video-preview:-1\" \/>\n<link rel=\"canonical\" href=\"https:\/\/www.domaine-2soleils.com\/fr\/camping-rosans\/\" \/>\n<meta property=\"og:locale\" content=\"fr_FR\" \/>\n<meta property=\"og:type\" content=\"article\" \/>\n<meta property=\"og:title\" content=\"Camping Rosans : s\u00e9jour dans un camping 3 \u00e9toiles en Hautes-Alpes\" \/>\n<meta property=\"og:description\" content=\"Les Hautes-Alpes sont une destination qui permet de se ressourcer : repos, convivialit\u00e9 et activit\u00e9s pour tous les \u00e2ges et toutes les pr\u00e9f\u00e9rences ne sont que quelques-unes des choses que vous pouvez attendre en r\u00e9servant au&nbsp;camping dans les Hautes-Alpes. Nous vous proposons&nbsp;plusieurs possibilit\u00e9s d\u2019h\u00e9bergement pour tous les budgets, ainsi que des infrastructures de qualit\u00e9. Notre&nbsp;camping [&hellip;]\" \/>\n<meta property=\"og:url\" content=\"https:\/\/www.domaine-2soleils.com\/fr\/camping-rosans\/\" \/>\n<meta property=\"og:site_name\" content=\"Domaine des 2 soleils\" \/>\n<meta property=\"article:modified_time\" content=\"2026-03-23T13:13:58+00:00\" \/>\n<meta name=\"twitter:card\" content=\"summary_large_image\" \/>\n<meta name=\"twitter:label1\" content=\"Dur\u00e9e de lecture estim\u00e9e\" \/>\n\t<meta name=\"twitter:data1\" content=\"4 minutes\" \/>\n<script type=\"application\/ld+json\" class=\"yoast-schema-graph\">{\"@context\":\"https:\\\/\\\/schema.org\",\"@graph\":[{\"@type\":\"WebPage\",\"@id\":\"https:\\\/\\\/www.domaine-2soleils.com\\\/fr\\\/camping-rosans\\\/\",\"url\":\"https:\\\/\\\/www.domaine-2soleils.com\\\/fr\\\/camping-rosans\\\/\",\"name\":\"Camping Rosans : s\u00e9jour dans un camping 3 \u00e9toiles en Hautes-Alpes\",\"isPartOf\":{\"@id\":\"https:\\\/\\\/www.domaine-2soleils.com\\\/fr\\\/#website\"},\"datePublished\":\"2023-04-20T12:28:55+00:00\",\"dateModified\":\"2026-03-23T13:13:58+00:00\",\"breadcrumb\":{\"@id\":\"https:\\\/\\\/www.domaine-2soleils.com\\\/fr\\\/camping-rosans\\\/#breadcrumb\"},\"inLanguage\":\"fr-FR\",\"potentialAction\":[{\"@type\":\"ReadAction\",\"target\":[\"https:\\\/\\\/www.domaine-2soleils.com\\\/fr\\\/camping-rosans\\\/\"]}]},{\"@type\":\"BreadcrumbList\",\"@id\":\"https:\\\/\\\/www.domaine-2soleils.com\\\/fr\\\/camping-rosans\\\/#breadcrumb\",\"itemListElement\":[{\"@type\":\"ListItem\",\"position\":1,\"name\":\"Camping Hautes-Alpes\",\"item\":\"https:\\\/\\\/www.domaine-2soleils.com\\\/fr\\\/\"},{\"@type\":\"ListItem\",\"position\":2,\"name\":\"CAMPING 3 \u00c9TOILES \u00c0 MOINS DE 30 MIN DE ROSANS\"}]},{\"@type\":\"WebSite\",\"@id\":\"https:\\\/\\\/www.domaine-2soleils.com\\\/fr\\\/#website\",\"url\":\"https:\\\/\\\/www.domaine-2soleils.com\\\/fr\\\/\",\"name\":\"Domaine des 2 soleils\",\"description\":\"\",\"potentialAction\":[{\"@type\":\"SearchAction\",\"target\":{\"@type\":\"EntryPoint\",\"urlTemplate\":\"https:\\\/\\\/www.domaine-2soleils.com\\\/fr\\\/?s={search_term_string}\"},\"query-input\":{\"@type\":\"PropertyValueSpecification\",\"valueRequired\":true,\"valueName\":\"search_term_string\"}}],\"inLanguage\":\"fr-FR\"}]}<\/script>\n<!-- \/ Yoast SEO plugin. -->","yoast_head_json":{"title":"Camping Rosans : s\u00e9jour dans un camping 3 \u00e9toiles en Hautes-Alpes","robots":{"index":"index","follow":"follow","max-snippet":"max-snippet:-1","max-image-preview":"max-image-preview:large","max-video-preview":"max-video-preview:-1"},"canonical":"https:\/\/www.domaine-2soleils.com\/fr\/camping-rosans\/","og_locale":"fr_FR","og_type":"article","og_title":"Camping Rosans : s\u00e9jour dans un camping 3 \u00e9toiles en Hautes-Alpes","og_description":"Les Hautes-Alpes sont une destination qui permet de se ressourcer : repos, convivialit\u00e9 et activit\u00e9s pour tous les \u00e2ges et toutes les pr\u00e9f\u00e9rences ne sont que quelques-unes des choses que vous pouvez attendre en r\u00e9servant au&nbsp;camping dans les Hautes-Alpes. Nous vous proposons&nbsp;plusieurs possibilit\u00e9s d\u2019h\u00e9bergement pour tous les budgets, ainsi que des infrastructures de qualit\u00e9. Notre&nbsp;camping [&hellip;]","og_url":"https:\/\/www.domaine-2soleils.com\/fr\/camping-rosans\/","og_site_name":"Domaine des 2 soleils","article_modified_time":"2026-03-23T13:13:58+00:00","twitter_card":"summary_large_image","twitter_misc":{"Dur\u00e9e de lecture estim\u00e9e":"4 minutes"},"schema":{"@context":"https:\/\/schema.org","@graph":[{"@type":"WebPage","@id":"https:\/\/www.domaine-2soleils.com\/fr\/camping-rosans\/","url":"https:\/\/www.domaine-2soleils.com\/fr\/camping-rosans\/","name":"Camping Rosans : s\u00e9jour dans un camping 3 \u00e9toiles en Hautes-Alpes","isPartOf":{"@id":"https:\/\/www.domaine-2soleils.com\/fr\/#website"},"datePublished":"2023-04-20T12:28:55+00:00","dateModified":"2026-03-23T13:13:58+00:00","breadcrumb":{"@id":"https:\/\/www.domaine-2soleils.com\/fr\/camping-rosans\/#breadcrumb"},"inLanguage":"fr-FR","potentialAction":[{"@type":"ReadAction","target":["https:\/\/www.domaine-2soleils.com\/fr\/camping-rosans\/"]}]},{"@type":"BreadcrumbList","@id":"https:\/\/www.domaine-2soleils.com\/fr\/camping-rosans\/#breadcrumb","itemListElement":[{"@type":"ListItem","position":1,"name":"Camping Hautes-Alpes","item":"https:\/\/www.domaine-2soleils.com\/fr\/"},{"@type":"ListItem","position":2,"name":"CAMPING 3 \u00c9TOILES \u00c0 MOINS DE 30 MIN DE ROSANS"}]},{"@type":"WebSite","@id":"https:\/\/www.domaine-2soleils.com\/fr\/#website","url":"https:\/\/www.domaine-2soleils.com\/fr\/","name":"Domaine des 2 soleils","description":"","potentialAction":[{"@type":"SearchAction","target":{"@type":"EntryPoint","urlTemplate":"https:\/\/www.domaine-2soleils.com\/fr\/?s={search_term_string}"},"query-input":{"@type":"PropertyValueSpecification","valueRequired":true,"valueName":"search_term_string"}}],"inLanguage":"fr-FR"}]}},"_links":{"self":[{"href":"https:\/\/www.domaine-2soleils.com\/fr\/wp-json\/wp\/v2\/pages\/4559","targetHints":{"allow":["GET"]}}],"collection":[{"href":"https:\/\/www.domaine-2soleils.com\/fr\/wp-json\/wp\/v2\/pages"}],"about":[{"href":"https:\/\/www.domaine-2soleils.com\/fr\/wp-json\/wp\/v2\/types\/page"}],"author":[{"embeddable":true,"href":"https:\/\/www.domaine-2soleils.com\/fr\/wp-json\/wp\/v2\/users\/1"}],"replies":[{"embeddable":true,"href":"https:\/\/www.domaine-2soleils.com\/fr\/wp-json\/wp\/v2\/comments?post=4559"}],"version-history":[{"count":13,"href":"https:\/\/www.domaine-2soleils.com\/fr\/wp-json\/wp\/v2\/pages\/4559\/revisions"}],"predecessor-version":[{"id":556188,"href":"https:\/\/www.domaine-2soleils.com\/fr\/wp-json\/wp\/v2\/pages\/4559\/revisions\/556188"}],"wp:attachment":[{"href":"https:\/\/www.domaine-2soleils.com\/fr\/wp-json\/wp\/v2\/media?parent=4559"}],"curies":[{"name":"wp","href":"https:\/\/api.w.org\/{rel}","templated":true}]}}