{"id":4337,"date":"2023-04-20T09:11:07","date_gmt":"2023-04-20T07:11:07","guid":{"rendered":"https:\/\/www.domaine-2soleils.com\/?page_id=4337"},"modified":"2026-03-23T09:12:55","modified_gmt":"2026-03-23T08:12:55","slug":"carte-des-campings","status":"publish","type":"page","link":"https:\/\/www.domaine-2soleils.com\/fr\/carte-des-campings\/","title":{"rendered":"Passez des vacances de r\u00eave en France, dans un des campings du groupe d\u2019h\u00f4tellerie de plein air haut de gamme Ciela Village\u00a0"},"content":{"rendered":"\n<p>Passez des vacances de r\u00eave en France, dans un des campings du groupe d\u2019h\u00f4tellerie de plein air haut de gamme Ciela Village.\u00a0<\/p>\n\n\n\n<div>\n<p>Venez vivre des vacances sur mesure en famille dans un camping du groupe d\u2019h\u00f4tellerie de plein air Ciela Village en France&nbsp;!<\/p>\n<p>\u00c0 vous de choisir la destination de vos r\u00eaves parmi les plus belles r\u00e9gions de France&nbsp;: Verdon, Ard\u00e8che, Landes, Vaucluse, etc. Vous appr\u00e9cierez l\u2019environnement privil\u00e9gi\u00e9 de nos campings pendant votre s\u00e9jour qui permet de conjuguer \u00e0 la fois nature et confort pour ses vacances en camping&nbsp;!<\/p>\n<p>En plus du cadre d\u2019exception, nos campings \u00e9toil\u00e9s offrent un large panel de services \u00e0 la carte ainsi que de nombreuses animations et activit\u00e9s sportives, aquatiques et festives pour tous les \u00e2ges. C\u2019est le secret de vacances r\u00e9ussies au camping&nbsp;!<\/p>\n<p>Pour choisir le camping o\u00f9 vous passerez vos futures vacances, c\u2019est simple, retrouvez toutes les informations sur notre <a href=\"https:\/\/cielavillage.fr\" target=\"_blank\" rel=\"noopener\"><u>site internet Ciela Village<\/u><\/a>.<\/p>\n<\/div>\n\n\n\n<h2 class=\"wp-block-heading\">Nos campings en France<\/h2>\n","protected":false},"excerpt":{"rendered":"<p>Passez des vacances de r\u00eave en France, dans un des campings du groupe d\u2019h\u00f4tellerie de plein air haut de gamme Ciela Village.\u00a0 Venez vivre des vacances sur mesure en famille dans un camping du groupe d\u2019h\u00f4tellerie de plein air Ciela Village en France&nbsp;! \u00c0 vous de choisir la destination de vos r\u00eaves parmi les plus [&hellip;]<\/p>\n","protected":false},"author":1,"featured_media":0,"parent":0,"menu_order":0,"comment_status":"closed","ping_status":"closed","template":"templates\/template-carte.php","meta":{"_acf_changed":false,"footnotes":""},"class_list":["post-4337","page","type-page","status-publish","hentry"],"acf":[],"yoast_head":"<!-- This site is optimized with the Yoast SEO plugin v27.3 - https:\/\/yoast.com\/product\/yoast-seo-wordpress\/ -->\n<title>Carte des campings \u2013 Camping Les 2 Soleils Hautes-Alpes<\/title>\n<meta name=\"robots\" content=\"index, follow, max-snippet:-1, max-image-preview:large, max-video-preview:-1\" \/>\n<link rel=\"canonical\" href=\"https:\/\/www.domaine-2soleils.com\/fr\/carte-des-campings\/\" \/>\n<meta property=\"og:locale\" content=\"fr_FR\" \/>\n<meta property=\"og:type\" content=\"article\" \/>\n<meta property=\"og:title\" content=\"Carte des campings \u2013 Camping Les 2 Soleils Hautes-Alpes\" \/>\n<meta property=\"og:description\" content=\"Passez des vacances de r\u00eave en France, dans un des campings du groupe d\u2019h\u00f4tellerie de plein air haut de gamme Ciela Village.\u00a0 Venez vivre des vacances sur mesure en famille dans un camping du groupe d\u2019h\u00f4tellerie de plein air Ciela Village en France&nbsp;! \u00c0 vous de choisir la destination de vos r\u00eaves parmi les plus [&hellip;]\" \/>\n<meta property=\"og:url\" content=\"https:\/\/www.domaine-2soleils.com\/fr\/carte-des-campings\/\" \/>\n<meta property=\"og:site_name\" content=\"Domaine des 2 soleils\" \/>\n<meta property=\"article:modified_time\" content=\"2026-03-23T08:12:55+00:00\" \/>\n<meta name=\"twitter:card\" content=\"summary_large_image\" \/>\n<meta name=\"twitter:label1\" content=\"Dur\u00e9e de lecture estim\u00e9e\" \/>\n\t<meta name=\"twitter:data1\" content=\"1 minute\" \/>\n<script type=\"application\/ld+json\" class=\"yoast-schema-graph\">{\"@context\":\"https:\\\/\\\/schema.org\",\"@graph\":[{\"@type\":\"WebPage\",\"@id\":\"https:\\\/\\\/www.domaine-2soleils.com\\\/fr\\\/carte-des-campings\\\/\",\"url\":\"https:\\\/\\\/www.domaine-2soleils.com\\\/fr\\\/carte-des-campings\\\/\",\"name\":\"Carte des campings \u2013 Camping Les 2 Soleils Hautes-Alpes\",\"isPartOf\":{\"@id\":\"https:\\\/\\\/www.domaine-2soleils.com\\\/fr\\\/#website\"},\"datePublished\":\"2023-04-20T07:11:07+00:00\",\"dateModified\":\"2026-03-23T08:12:55+00:00\",\"breadcrumb\":{\"@id\":\"https:\\\/\\\/www.domaine-2soleils.com\\\/fr\\\/carte-des-campings\\\/#breadcrumb\"},\"inLanguage\":\"fr-FR\",\"potentialAction\":[{\"@type\":\"ReadAction\",\"target\":[\"https:\\\/\\\/www.domaine-2soleils.com\\\/fr\\\/carte-des-campings\\\/\"]}]},{\"@type\":\"BreadcrumbList\",\"@id\":\"https:\\\/\\\/www.domaine-2soleils.com\\\/fr\\\/carte-des-campings\\\/#breadcrumb\",\"itemListElement\":[{\"@type\":\"ListItem\",\"position\":1,\"name\":\"Camping Hautes-Alpes\",\"item\":\"https:\\\/\\\/www.domaine-2soleils.com\\\/fr\\\/\"},{\"@type\":\"ListItem\",\"position\":2,\"name\":\"Passez des vacances de r\u00eave en France, dans un des campings du groupe d\u2019h\u00f4tellerie de plein air haut de gamme Ciela Village\u00a0\"}]},{\"@type\":\"WebSite\",\"@id\":\"https:\\\/\\\/www.domaine-2soleils.com\\\/fr\\\/#website\",\"url\":\"https:\\\/\\\/www.domaine-2soleils.com\\\/fr\\\/\",\"name\":\"Domaine des 2 soleils\",\"description\":\"\",\"potentialAction\":[{\"@type\":\"SearchAction\",\"target\":{\"@type\":\"EntryPoint\",\"urlTemplate\":\"https:\\\/\\\/www.domaine-2soleils.com\\\/fr\\\/?s={search_term_string}\"},\"query-input\":{\"@type\":\"PropertyValueSpecification\",\"valueRequired\":true,\"valueName\":\"search_term_string\"}}],\"inLanguage\":\"fr-FR\"}]}<\/script>\n<!-- \/ Yoast SEO plugin. -->","yoast_head_json":{"title":"Carte des campings \u2013 Camping Les 2 Soleils Hautes-Alpes","robots":{"index":"index","follow":"follow","max-snippet":"max-snippet:-1","max-image-preview":"max-image-preview:large","max-video-preview":"max-video-preview:-1"},"canonical":"https:\/\/www.domaine-2soleils.com\/fr\/carte-des-campings\/","og_locale":"fr_FR","og_type":"article","og_title":"Carte des campings \u2013 Camping Les 2 Soleils Hautes-Alpes","og_description":"Passez des vacances de r\u00eave en France, dans un des campings du groupe d\u2019h\u00f4tellerie de plein air haut de gamme Ciela Village.\u00a0 Venez vivre des vacances sur mesure en famille dans un camping du groupe d\u2019h\u00f4tellerie de plein air Ciela Village en France&nbsp;! \u00c0 vous de choisir la destination de vos r\u00eaves parmi les plus [&hellip;]","og_url":"https:\/\/www.domaine-2soleils.com\/fr\/carte-des-campings\/","og_site_name":"Domaine des 2 soleils","article_modified_time":"2026-03-23T08:12:55+00:00","twitter_card":"summary_large_image","twitter_misc":{"Dur\u00e9e de lecture estim\u00e9e":"1 minute"},"schema":{"@context":"https:\/\/schema.org","@graph":[{"@type":"WebPage","@id":"https:\/\/www.domaine-2soleils.com\/fr\/carte-des-campings\/","url":"https:\/\/www.domaine-2soleils.com\/fr\/carte-des-campings\/","name":"Carte des campings \u2013 Camping Les 2 Soleils Hautes-Alpes","isPartOf":{"@id":"https:\/\/www.domaine-2soleils.com\/fr\/#website"},"datePublished":"2023-04-20T07:11:07+00:00","dateModified":"2026-03-23T08:12:55+00:00","breadcrumb":{"@id":"https:\/\/www.domaine-2soleils.com\/fr\/carte-des-campings\/#breadcrumb"},"inLanguage":"fr-FR","potentialAction":[{"@type":"ReadAction","target":["https:\/\/www.domaine-2soleils.com\/fr\/carte-des-campings\/"]}]},{"@type":"BreadcrumbList","@id":"https:\/\/www.domaine-2soleils.com\/fr\/carte-des-campings\/#breadcrumb","itemListElement":[{"@type":"ListItem","position":1,"name":"Camping Hautes-Alpes","item":"https:\/\/www.domaine-2soleils.com\/fr\/"},{"@type":"ListItem","position":2,"name":"Passez des vacances de r\u00eave en France, dans un des campings du groupe d\u2019h\u00f4tellerie de plein air haut de gamme Ciela Village\u00a0"}]},{"@type":"WebSite","@id":"https:\/\/www.domaine-2soleils.com\/fr\/#website","url":"https:\/\/www.domaine-2soleils.com\/fr\/","name":"Domaine des 2 soleils","description":"","potentialAction":[{"@type":"SearchAction","target":{"@type":"EntryPoint","urlTemplate":"https:\/\/www.domaine-2soleils.com\/fr\/?s={search_term_string}"},"query-input":{"@type":"PropertyValueSpecification","valueRequired":true,"valueName":"search_term_string"}}],"inLanguage":"fr-FR"}]}},"_links":{"self":[{"href":"https:\/\/www.domaine-2soleils.com\/fr\/wp-json\/wp\/v2\/pages\/4337","targetHints":{"allow":["GET"]}}],"collection":[{"href":"https:\/\/www.domaine-2soleils.com\/fr\/wp-json\/wp\/v2\/pages"}],"about":[{"href":"https:\/\/www.domaine-2soleils.com\/fr\/wp-json\/wp\/v2\/types\/page"}],"author":[{"embeddable":true,"href":"https:\/\/www.domaine-2soleils.com\/fr\/wp-json\/wp\/v2\/users\/1"}],"replies":[{"embeddable":true,"href":"https:\/\/www.domaine-2soleils.com\/fr\/wp-json\/wp\/v2\/comments?post=4337"}],"version-history":[{"count":17,"href":"https:\/\/www.domaine-2soleils.com\/fr\/wp-json\/wp\/v2\/pages\/4337\/revisions"}],"predecessor-version":[{"id":556171,"href":"https:\/\/www.domaine-2soleils.com\/fr\/wp-json\/wp\/v2\/pages\/4337\/revisions\/556171"}],"wp:attachment":[{"href":"https:\/\/www.domaine-2soleils.com\/fr\/wp-json\/wp\/v2\/media?parent=4337"}],"curies":[{"name":"wp","href":"https:\/\/api.w.org\/{rel}","templated":true}]}}