{"id":4306,"date":"2023-04-19T18:29:09","date_gmt":"2023-04-19T16:29:09","guid":{"rendered":"https:\/\/www.domaine-2soleils.com\/?page_id=4306"},"modified":"2026-03-23T13:38:56","modified_gmt":"2026-03-23T12:38:56","slug":"location-insolite-hautes-alpes","status":"publish","type":"page","link":"https:\/\/www.domaine-2soleils.com\/fr\/location-insolite-hautes-alpes\/","title":{"rendered":"Nuit Insolite dans les Hautes-Alpes"},"content":{"rendered":"\n<div class=\"wp-block-yootheme-widgetkit\">\n<div class=\" \" uk-slider=\"sets: true\">\n\n    \n    <div class=\"uk-position-relative uk-visible-toggle uk-margin\">\n\n        <ul class=\"uk-slider-items uk-grid uk-grid-match uk-child-width-1-1 uk-child-width-1-2@s uk-child-width-1-4@m uk-grid-small\">\n        \n            <li >\n\n                <div class=\"uk-panel uk-text-center\">\n\n                    \n                    \n                                        <div class=\"uk-text-center uk-margin uk-margin-remove-top\"><img decoding=\"async\" src=\"\/wp-content\/plugins\/widgetkit\/cache\/128-Camping-Location-mobil-home-Hautes-Alpes-Ciela-Nature-2ch-4p-Les-Deux-Soleils-Ciela-Village-b92da7272f62ae920cbc9e0de386e87c.jpg\" class=\" uk-transition-scale-up uk-transition-opaque\" alt=\"nuit insolite hautes-alpes\" width=\"500\" height=\"400\"><\/div>\n                    \n                    \n                        \n                        \n                        \n                        \n                        \n                        \n                        \n                    \n                <\/div>\n\n            <\/li>\n\n        \n            <li >\n\n                <div class=\"uk-panel uk-text-center\">\n\n                    \n                    \n                                        <div class=\"uk-text-center uk-margin uk-margin-remove-top\"><img decoding=\"async\" src=\"\/wp-content\/plugins\/widgetkit\/cache\/232-Camping-Hautes-Alpes-Logement-Insolite-DK-Bane-D-Tente-1ch-2p-Les-Deux-Soleils-Ciela-Village-26d8c0a0bbf845280fd4add48d9903e4.jpg\" class=\" uk-transition-scale-up uk-transition-opaque\" alt=\"h\u00e9bergement insolite hautes-alpes\" width=\"500\" height=\"400\"><\/div>\n                    \n                    \n                        \n                        \n                        \n                        \n                        \n                        \n                        \n                    \n                <\/div>\n\n            <\/li>\n\n        \n            <li >\n\n                <div class=\"uk-panel uk-text-center\">\n\n                    \n                    \n                                        <div class=\"uk-text-center uk-margin uk-margin-remove-top\"><img decoding=\"async\" src=\"\/wp-content\/plugins\/widgetkit\/cache\/144-Camping-Hautes-Alpes-Logement-Insolite-Ciela-Nature-2ch-4p-Les-Deux-Soleils-Ciela-Village-c1bffb529f9f67d439220fb622730490.jpg\" class=\" uk-transition-scale-up uk-transition-opaque\" alt=\"logement insolite hautes-alpes\" width=\"500\" height=\"400\"><\/div>\n                    \n                    \n                        \n                        \n                        \n                        \n                        \n                        \n                        \n                    \n                <\/div>\n\n            <\/li>\n\n        \n            <li >\n\n                <div class=\"uk-panel uk-text-center\">\n\n                    \n                    \n                                        <div class=\"uk-text-center uk-margin uk-margin-remove-top\"><img decoding=\"async\" src=\"\/wp-content\/plugins\/widgetkit\/cache\/249-Camping-Hautes-Alpes-Logement-Insolite-DK-Bane-D-Tente-1ch-2p-Les-Deux-Soleils-Ciela-Village-d52a1ae71f595eb90249b5caefe9315f.jpg\" class=\" uk-transition-scale-up uk-transition-opaque\" alt=\"glamping hautes alpes\" width=\"500\" height=\"400\"><\/div>\n                    \n                    \n                        \n                        \n                        \n                        \n                        \n                        \n                        \n                    \n                <\/div>\n\n            <\/li>\n\n                <\/ul>\n\n        \n            \n                \n                    <a href=\"#\" class=\"uk-position-center-left uk-position-small uk-hidden-hover\" uk-slidenav-previous uk-slider-item=\"previous\"><\/a>\n                    <a href=\"#\" class=\"uk-position-center-right uk-position-small uk-hidden-hover\" uk-slidenav-next uk-slider-item=\"next\"><\/a>\n\n                \n            \n        \n    <\/div>\n\n    \n        <ul class=\"uk-slider-nav uk-dotnav uk-flex-center uk-margin-remove-bottom\"><\/ul>\n    \n    \n<\/div>\n<\/div>\n\n\n\n<p>Envie d\u2019une bulle d\u2019\u00e9vasion ou de changer d\u2019air pour vos prochaines vacances <a href=\"\/fr\/\">camping dans les Hautes-Alpes<\/a> en r\u00e9gion Provence-Alpes-C\u00f4te-d\u2019Azur ? Vous ne souhaitez pas louer un mobil-home, mais r\u00eavez plut\u00f4t d\u2019un h\u00e9bergement insolite en Hautes-Alpes pour vos prochaines vacances ? Le camping Domaine Les 2 Soleils \u00e0 Serres propose la location de cabanes et de tentes et h\u00e9bergements insolites, pour passer un s\u00e9jour dans un cadre chaleureux, entour\u00e9 par la nature entre lac et montagne. Les voyageurs amateurs de glamping appr\u00e9cieront ces h\u00e9bergements bien pens\u00e9s aux tarifs modestes, parfaitement \u00e9quip\u00e9s et confortables pour vivre une nuit insolite dans les Hautes-Alpes, au pied des montagnes.<\/p>\n\n\n\n<script>\nwindow.ctoutvert = {\nid: 2952,\nlang: 'FR',\nurl: 'https:\/\/bookingpremium.secureholiday.net\/widgets\/',\n};\n\n(function (w, d, s, ctv, r, js, fjs) {\nr=new XMLHttpRequest();r.open('GET',w[ctv].url+'js\/src.json');\nr.responseType='json';r.json=true;r.send();\nr.onload=function(){w[ctv].src=r.responseType=='json'?r.response:JSON.parse(r.response);\njs.src=w[ctv].src[0];fjs.parentNode.insertBefore(js, fjs);}\njs=d.createElement(s),fjs=d.getElementsByTagName(s)[0];\njs.id='ctvwidget';js.async=1;\n}(window, document, 'script', 'ctoutvert'));\n<\/script>\n\n<ctv-availability data-product-type='L'><\/ctv-availability>\n\n\n\n<h2 class=\"wp-block-heading\"><strong>Louez un h\u00e9bergement insolite dans les Hautes-Alpes \u00e0 Serres<\/strong><\/h2>\n\n\n\n<p>Pourquoi choisir un logement original comme une cabane plut\u00f4t qu\u2019un mobil-home ou la <a href=\"\/fr\/location-chalet-hautes-alpes\/\">location de chalet dans les Hautes-Alpes<\/a> ? Pour l\u2019exp\u00e9rience d\u2019une nuit insolite dans les Hautes-Alpes bien s\u00fbr ! En choisissant parmi notre offre d\u2019h\u00e9bergements hors du commun \u00e0 Serres, entre Brian\u00e7on et Avignon, vous prenez part \u00e0 une exp\u00e9rience de camping diff\u00e9rente, originale et magique au sein m\u00eame de notre parc arbor\u00e9. Notre camping 3 \u00e9toiles en r\u00e9gion Provence-Alpes-C\u00f4te-d\u2019Azur propose \u00e0 la location des tentes et cabanes originales avec une structure en bois : les tentes lodge Ciela Nature.<\/p>\n\n\n\n<p>La tente lodge a une surface de 37 m\u00b2 et une capacit\u00e9 de 4 ou 5 personnes, parfaite pour une nuit insolite dans les Hautes-Alpes en famille ou entre amis. \u00c0 deux pas, profitez de la <a href=\"\/fr\/camping-piscine-hautes-alpes\/\">piscine de notre camping dans les Hautes-Alpes<\/a>. Tout confort, elle poss\u00e8de 2 chambres, une kitchenette \u00e9quip\u00e9e et une terrasse couverte avec un salon de jardin. La tente lodge pour 5 personnes ne poss\u00e8de pas de sanitaires.<br>Le mod\u00e8le Ciela Nature 1 chambre est un h\u00e9bergement insolite dans les Hautes-Alpes d\u2019une capacit\u00e9 de 2 personnes sur une surface de 20 m\u00b2, avec une chambre, un coin cuisine et un salon de jardin sur une terrasse perch\u00e9e \u00e0 quelques m\u00e8tres de haut, une vraie petite cabane \u00e0 hauteur d\u2019arbres. La terrasse reposant sur des piliers en bois de ce logement est v\u00e9ritablement ce qui donne tout le charme et l\u2019originalit\u00e9 \u00e0 cet h\u00e9bergement et vous garantit une exp\u00e9rience unique, pour passer une nuit insolite en Hautes-Alpes, au c\u0153ur de la nature. Cette cabane permet de profiter d\u2019une vue exceptionnelle sur les environs, au-dessus des arbres, la montagne en fond. La nuit, on peut admirer le ciel \u00e9toil\u00e9\u2026 Ces tentes n\u2019ont toutefois pas de salle d\u2019eau, car il s\u2019agit bien de camping !<\/p>\n\n\n\n<h2 class=\"wp-block-heading\">Une bulle de nature dans les Hautes-Alpes&nbsp;<\/h2>\n\n\n\n<p>En plus de passer une nuit insolite dans les Hautes-Alpes, profitez d&rsquo;une multitude d&rsquo;activit\u00e9s \u00e0 seulement quelques kilom\u00e8tres de votre logement dans notre camping 3 \u00e9toiles. D\u00e9couvrez la r\u00e9gion Provence-Alpes-C\u00f4te d\u2019Azur, visitez le parc naturel r\u00e9gional des Baronnies Proven\u00e7ales et baignez-vous au <a href=\"\/fr\/decouvrir-hautes-alpes\/le-lac-de-serre-poncon\/\">lac de Serre-Pon\u00e7on<\/a> ou au lac du Riou. Explorez les pistes de randonn\u00e9e des Hautes-Alpes et d\u00e9couvrez une vue \u00e0 couper le souffle dans les Gorges de la M\u00e9ouge pendant votre week-end camping. Testez votre adr\u00e9naline avec du parapente, du VTT, ou du rafting pendant votre s\u00e9jour insolite dans ce coin de France.<\/p>\n\n\n\n<h2 class=\"wp-block-heading\">Un s\u00e9jour en glamping dans les Hautes-Alpes<\/h2>\n\n\n\n<p>Depuis quelques ann\u00e9es d\u00e9j\u00e0, le glamping (l\u2019abr\u00e9viation de \u00ab glamour camping \u00bb) conna\u00eet un succ\u00e8s fulgurant, offrant une alternative au camping traditionnel pour passer une nuit insolite en r\u00e9gion Provence-Alpes-C\u00f4te-d\u2019Azur. Plus confortable, plus proche de la nature, le glamping se vit dans un h\u00e9bergement en pleine for\u00eat, au bord d\u2019un lac ou en montagne. En choisissant un h\u00e9bergement au camping Domaine Les 2 Soleils pour une nuit insolite dans les Hautes-Alpes, vous vous offrez des vacances originales en famille sous le signe de la d\u00e9tente, un s\u00e9jour cosy au vert, dans une nature pr\u00e9serv\u00e9e. Les amateurs de sensations fortes profiteront aussi de l\u2019<a href=\"\/fr\/decouvrir-hautes-alpes\/escalade-orpierre\/\">escalade \u00e0 Orpierre<\/a>, haut lieu de la grimpe en France.<\/p>\n\n\n\n<p>Avec une location de logement insolite dans notre camping \u00e9toil\u00e9 \u00e0 Serres, vous pourrez d\u00e9couvrir non seulement les Hautes-Alpes, mais toute la r\u00e9gion Provence-Alpes-C\u00f4te d\u2019Azur. Notre <a href=\"\/fr\/camping-orpierre\/\">camping pr\u00e8s d\u2019Orpierre<\/a> est id\u00e9al pour explorer les villages de caract\u00e8re de la r\u00e9gion. Pour plus d\u2019infos sur nos autres h\u00e9bergements, comme nos chalets, nos mobil-homes ou nos emplacements et nos tarifs par personne pour une nuit, un week-end ou une semaine, ou pour faire une r\u00e9servation, n\u2019h\u00e9sitez pas \u00e0 nous contacter. Ne manquez pas l&rsquo;opportunit\u00e9 de vous \u00e9vader le temps d\u2019une nuit insolite et de vivre des moments inoubliables en pleine nature dans les Hautes-Alpes en famille !&nbsp;<\/p>\n","protected":false},"excerpt":{"rendered":"<p>Envie d\u2019une bulle d\u2019\u00e9vasion ou de changer d\u2019air pour vos prochaines vacances camping dans les Hautes-Alpes en r\u00e9gion Provence-Alpes-C\u00f4te-d\u2019Azur ? Vous ne souhaitez pas louer un mobil-home, mais r\u00eavez plut\u00f4t d\u2019un h\u00e9bergement insolite en Hautes-Alpes pour vos prochaines vacances ? Le camping Domaine Les 2 Soleils \u00e0 Serres propose la location de cabanes et de [&hellip;]<\/p>\n","protected":false},"author":1,"featured_media":0,"parent":0,"menu_order":0,"comment_status":"closed","ping_status":"closed","template":"","meta":{"_acf_changed":false,"footnotes":""},"class_list":["post-4306","page","type-page","status-publish","hentry"],"acf":[],"yoast_head":"<!-- This site is optimized with the Yoast SEO plugin v27.3 - https:\/\/yoast.com\/product\/yoast-seo-wordpress\/ -->\n<title>Nuit insolite Hautes-Alpes : 3 h\u00e9bergements insolites dans les montagnes<\/title>\n<meta name=\"description\" content=\"D\u00e9couvrez nos 3 tentes insolites pour 2 \u00e0 5 personnes : passez une nuit insolite 3dans notre camping dans les Hautes Alpes !\" \/>\n<meta name=\"robots\" content=\"index, follow, max-snippet:-1, max-image-preview:large, max-video-preview:-1\" \/>\n<link rel=\"canonical\" href=\"https:\/\/www.domaine-2soleils.com\/fr\/location-insolite-hautes-alpes\/\" \/>\n<meta property=\"og:locale\" content=\"fr_FR\" \/>\n<meta property=\"og:type\" content=\"article\" \/>\n<meta property=\"og:title\" content=\"Nuit insolite Hautes-Alpes : 3 h\u00e9bergements insolites dans les montagnes\" \/>\n<meta property=\"og:description\" content=\"D\u00e9couvrez nos 3 tentes insolites pour 2 \u00e0 5 personnes : passez une nuit insolite 3dans notre camping dans les Hautes Alpes !\" \/>\n<meta property=\"og:url\" content=\"https:\/\/www.domaine-2soleils.com\/fr\/location-insolite-hautes-alpes\/\" \/>\n<meta property=\"og:site_name\" content=\"Domaine des 2 soleils\" \/>\n<meta property=\"article:modified_time\" content=\"2026-03-23T12:38:56+00:00\" \/>\n<meta name=\"twitter:card\" content=\"summary_large_image\" \/>\n<meta name=\"twitter:label1\" content=\"Dur\u00e9e de lecture estim\u00e9e\" \/>\n\t<meta name=\"twitter:data1\" content=\"4 minutes\" \/>\n<script type=\"application\/ld+json\" class=\"yoast-schema-graph\">{\"@context\":\"https:\\\/\\\/schema.org\",\"@graph\":[{\"@type\":\"WebPage\",\"@id\":\"https:\\\/\\\/www.domaine-2soleils.com\\\/fr\\\/location-insolite-hautes-alpes\\\/\",\"url\":\"https:\\\/\\\/www.domaine-2soleils.com\\\/fr\\\/location-insolite-hautes-alpes\\\/\",\"name\":\"Nuit insolite Hautes-Alpes : 3 h\u00e9bergements insolites dans les montagnes\",\"isPartOf\":{\"@id\":\"https:\\\/\\\/www.domaine-2soleils.com\\\/fr\\\/#website\"},\"datePublished\":\"2023-04-19T16:29:09+00:00\",\"dateModified\":\"2026-03-23T12:38:56+00:00\",\"description\":\"D\u00e9couvrez nos 3 tentes insolites pour 2 \u00e0 5 personnes : passez une nuit insolite 3dans notre camping dans les Hautes Alpes !\",\"breadcrumb\":{\"@id\":\"https:\\\/\\\/www.domaine-2soleils.com\\\/fr\\\/location-insolite-hautes-alpes\\\/#breadcrumb\"},\"inLanguage\":\"fr-FR\",\"potentialAction\":[{\"@type\":\"ReadAction\",\"target\":[\"https:\\\/\\\/www.domaine-2soleils.com\\\/fr\\\/location-insolite-hautes-alpes\\\/\"]}]},{\"@type\":\"BreadcrumbList\",\"@id\":\"https:\\\/\\\/www.domaine-2soleils.com\\\/fr\\\/location-insolite-hautes-alpes\\\/#breadcrumb\",\"itemListElement\":[{\"@type\":\"ListItem\",\"position\":1,\"name\":\"Camping Hautes-Alpes\",\"item\":\"https:\\\/\\\/www.domaine-2soleils.com\\\/fr\\\/\"},{\"@type\":\"ListItem\",\"position\":2,\"name\":\"Nuit Insolite dans les Hautes-Alpes\"}]},{\"@type\":\"WebSite\",\"@id\":\"https:\\\/\\\/www.domaine-2soleils.com\\\/fr\\\/#website\",\"url\":\"https:\\\/\\\/www.domaine-2soleils.com\\\/fr\\\/\",\"name\":\"Domaine des 2 soleils\",\"description\":\"\",\"potentialAction\":[{\"@type\":\"SearchAction\",\"target\":{\"@type\":\"EntryPoint\",\"urlTemplate\":\"https:\\\/\\\/www.domaine-2soleils.com\\\/fr\\\/?s={search_term_string}\"},\"query-input\":{\"@type\":\"PropertyValueSpecification\",\"valueRequired\":true,\"valueName\":\"search_term_string\"}}],\"inLanguage\":\"fr-FR\"}]}<\/script>\n<!-- \/ Yoast SEO plugin. -->","yoast_head_json":{"title":"Nuit insolite Hautes-Alpes : 3 h\u00e9bergements insolites dans les montagnes","description":"D\u00e9couvrez nos 3 tentes insolites pour 2 \u00e0 5 personnes : passez une nuit insolite 3dans notre camping dans les Hautes Alpes !","robots":{"index":"index","follow":"follow","max-snippet":"max-snippet:-1","max-image-preview":"max-image-preview:large","max-video-preview":"max-video-preview:-1"},"canonical":"https:\/\/www.domaine-2soleils.com\/fr\/location-insolite-hautes-alpes\/","og_locale":"fr_FR","og_type":"article","og_title":"Nuit insolite Hautes-Alpes : 3 h\u00e9bergements insolites dans les montagnes","og_description":"D\u00e9couvrez nos 3 tentes insolites pour 2 \u00e0 5 personnes : passez une nuit insolite 3dans notre camping dans les Hautes Alpes !","og_url":"https:\/\/www.domaine-2soleils.com\/fr\/location-insolite-hautes-alpes\/","og_site_name":"Domaine des 2 soleils","article_modified_time":"2026-03-23T12:38:56+00:00","twitter_card":"summary_large_image","twitter_misc":{"Dur\u00e9e de lecture estim\u00e9e":"4 minutes"},"schema":{"@context":"https:\/\/schema.org","@graph":[{"@type":"WebPage","@id":"https:\/\/www.domaine-2soleils.com\/fr\/location-insolite-hautes-alpes\/","url":"https:\/\/www.domaine-2soleils.com\/fr\/location-insolite-hautes-alpes\/","name":"Nuit insolite Hautes-Alpes : 3 h\u00e9bergements insolites dans les montagnes","isPartOf":{"@id":"https:\/\/www.domaine-2soleils.com\/fr\/#website"},"datePublished":"2023-04-19T16:29:09+00:00","dateModified":"2026-03-23T12:38:56+00:00","description":"D\u00e9couvrez nos 3 tentes insolites pour 2 \u00e0 5 personnes : passez une nuit insolite 3dans notre camping dans les Hautes Alpes !","breadcrumb":{"@id":"https:\/\/www.domaine-2soleils.com\/fr\/location-insolite-hautes-alpes\/#breadcrumb"},"inLanguage":"fr-FR","potentialAction":[{"@type":"ReadAction","target":["https:\/\/www.domaine-2soleils.com\/fr\/location-insolite-hautes-alpes\/"]}]},{"@type":"BreadcrumbList","@id":"https:\/\/www.domaine-2soleils.com\/fr\/location-insolite-hautes-alpes\/#breadcrumb","itemListElement":[{"@type":"ListItem","position":1,"name":"Camping Hautes-Alpes","item":"https:\/\/www.domaine-2soleils.com\/fr\/"},{"@type":"ListItem","position":2,"name":"Nuit Insolite dans les Hautes-Alpes"}]},{"@type":"WebSite","@id":"https:\/\/www.domaine-2soleils.com\/fr\/#website","url":"https:\/\/www.domaine-2soleils.com\/fr\/","name":"Domaine des 2 soleils","description":"","potentialAction":[{"@type":"SearchAction","target":{"@type":"EntryPoint","urlTemplate":"https:\/\/www.domaine-2soleils.com\/fr\/?s={search_term_string}"},"query-input":{"@type":"PropertyValueSpecification","valueRequired":true,"valueName":"search_term_string"}}],"inLanguage":"fr-FR"}]}},"_links":{"self":[{"href":"https:\/\/www.domaine-2soleils.com\/fr\/wp-json\/wp\/v2\/pages\/4306","targetHints":{"allow":["GET"]}}],"collection":[{"href":"https:\/\/www.domaine-2soleils.com\/fr\/wp-json\/wp\/v2\/pages"}],"about":[{"href":"https:\/\/www.domaine-2soleils.com\/fr\/wp-json\/wp\/v2\/types\/page"}],"author":[{"embeddable":true,"href":"https:\/\/www.domaine-2soleils.com\/fr\/wp-json\/wp\/v2\/users\/1"}],"replies":[{"embeddable":true,"href":"https:\/\/www.domaine-2soleils.com\/fr\/wp-json\/wp\/v2\/comments?post=4306"}],"version-history":[{"count":5,"href":"https:\/\/www.domaine-2soleils.com\/fr\/wp-json\/wp\/v2\/pages\/4306\/revisions"}],"predecessor-version":[{"id":556181,"href":"https:\/\/www.domaine-2soleils.com\/fr\/wp-json\/wp\/v2\/pages\/4306\/revisions\/556181"}],"wp:attachment":[{"href":"https:\/\/www.domaine-2soleils.com\/fr\/wp-json\/wp\/v2\/media?parent=4306"}],"curies":[{"name":"wp","href":"https:\/\/api.w.org\/{rel}","templated":true}]}}