{"id":4288,"date":"2023-04-19T18:23:08","date_gmt":"2023-04-19T16:23:08","guid":{"rendered":"https:\/\/www.domaine-2soleils.com\/?page_id=4288"},"modified":"2026-03-23T13:33:18","modified_gmt":"2026-03-23T12:33:18","slug":"location-chalet-hautes-alpes","status":"publish","type":"page","link":"https:\/\/www.domaine-2soleils.com\/fr\/location-chalet-hautes-alpes\/","title":{"rendered":"Location Chalets dans les Hautes Alpes \u00e0 Serres"},"content":{"rendered":"\n<div class=\"wp-block-yootheme-widgetkit\">\n<div class=\" \" uk-slider=\"sets: true\">\n\n    \n    <div class=\"uk-position-relative uk-visible-toggle uk-margin\">\n\n        <ul class=\"uk-slider-items uk-grid uk-grid-match uk-child-width-1-1 uk-child-width-1-2@s uk-child-width-1-4@m uk-grid-small\">\n        \n            <li >\n\n                <div class=\"uk-panel uk-text-center\">\n\n                    \n                    \n                                        <div class=\"uk-text-center uk-margin uk-margin-remove-top\"><img decoding=\"async\" src=\"\/wp-content\/plugins\/widgetkit\/cache\/173-Camping-Hautes-Alpes-Ciela-Classic-Chalet-2ch-Les-Deux-Soleils-Ciela-Village-3eda344b42676c9ae7953a4c89fde998.jpg\" class=\" uk-transition-scale-up uk-transition-opaque\" alt=\"location chalet hautes alpes en bois\" width=\"500\" height=\"400\"><\/div>\n                    \n                    \n                        \n                        \n                        \n                        \n                        \n                        \n                        \n                    \n                <\/div>\n\n            <\/li>\n\n        \n            <li >\n\n                <div class=\"uk-panel uk-text-center\">\n\n                    \n                    \n                                        <div class=\"uk-text-center uk-margin uk-margin-remove-top\"><img decoding=\"async\" src=\"\/wp-content\/plugins\/widgetkit\/cache\/183-Camping-Hautes-Alpes-Ciela-Classic-Chalet-2ch-Les-Deux-Soleils-Ciela-Village-4f23d3f1ed031e6576d65a39e24b2db2.jpg\" class=\" uk-transition-scale-up uk-transition-opaque\" alt=\"location chalet hautes alpes montagnes\" width=\"500\" height=\"400\"><\/div>\n                    \n                    \n                        \n                        \n                        \n                        \n                        \n                        \n                        \n                    \n                <\/div>\n\n            <\/li>\n\n        \n            <li >\n\n                <div class=\"uk-panel uk-text-center\">\n\n                    \n                    \n                                        <div class=\"uk-text-center uk-margin uk-margin-remove-top\"><img decoding=\"async\" src=\"\/wp-content\/plugins\/widgetkit\/cache\/271-Camping-Hautes-Alpes-Ciela-Family-Chalet-2ch-5p-Les-Deux-Soleils-Ciela-Village-26c193e2c0ee691faea25de81eb1d979.jpg\" class=\" uk-transition-scale-up uk-transition-opaque\" alt=\"location chalet hautes alpes avec terrasse\" width=\"500\" height=\"400\"><\/div>\n                    \n                    \n                        \n                        \n                        \n                        \n                        \n                        \n                        \n                    \n                <\/div>\n\n            <\/li>\n\n        \n            <li >\n\n                <div class=\"uk-panel uk-text-center\">\n\n                    \n                    \n                                        <div class=\"uk-text-center uk-margin uk-margin-remove-top\"><img decoding=\"async\" src=\"\/wp-content\/plugins\/widgetkit\/cache\/147-Camping-Hautes-Alpes-Ciela-Family-Chalet-Les-Deux-Soleils-Ciela-Village-8a54fd51a28295e1621dd98157a14ae3.jpg\" class=\" uk-transition-scale-up uk-transition-opaque\" alt=\"location chalet hautes alpes nature\" width=\"500\" height=\"400\"><\/div>\n                    \n                    \n                        \n                        \n                        \n                        \n                        \n                        \n                        \n                    \n                <\/div>\n\n            <\/li>\n\n                <\/ul>\n\n        \n            \n                \n                    <a href=\"#\" class=\"uk-position-center-left uk-position-small uk-hidden-hover\" uk-slidenav-previous uk-slider-item=\"previous\"><\/a>\n                    <a href=\"#\" class=\"uk-position-center-right uk-position-small uk-hidden-hover\" uk-slidenav-next uk-slider-item=\"next\"><\/a>\n\n                \n            \n        \n    <\/div>\n\n    \n        <ul class=\"uk-slider-nav uk-dotnav uk-flex-center uk-margin-remove-bottom\"><\/ul>\n    \n    \n<\/div>\n<\/div>\n\n\n\n<p>Situ\u00e9 au centre des Hautes-Alpes, entre Brian\u00e7on et Avignon en r\u00e9gion Provence-Alpes-C\u00f4te d\u2019Azur, le <a href=\"\/fr\/\">camping 3 \u00e9toiles Les 2 Soleils dans les Hautes-Alpes<\/a> propose parmi ses h\u00e9bergements en location une gamme de chalets en bois destin\u00e9s \u00e0 accueillir couples, groupes d\u2019amis et familles avec enfants. Parfaitement \u00e9quip\u00e9, chaque chalet est une occasion unique de se reconnecter \u00e0 la nature le temps d\u2019une nuit et de passer des vacances originales en France, au c\u0153ur de la belle r\u00e9gion des Hautes-Alpes. En plus de la location de chalet dans les Hautes-Alpes, notre camping propose \u00e9galement d\u2019autres h\u00e9bergements comme de confortables mobil-homes, des tentes \u00e9quip\u00e9es ou encore de grands emplacements nus o\u00f9 vous pouvez installer votre tente, caravane ou camping-car. Vous n\u2019avez que l\u2019embarras du choix ! Que pr\u00e9f\u00e9rez-vous ? Le camping traditionnel ou un h\u00e9bergement insolite ?<\/p>\n\n\n\n<script>\nwindow.ctoutvert = {\nid: 2952,\nlang: 'FR',\nurl: 'https:\/\/bookingpremium.secureholiday.net\/widgets\/', \n};\n(function (w, d, s, ctv, r, js, fjs) {\nr=new XMLHttpRequest();r.open('GET',w[ctv].url+'js\/src.json');\nr.responseType='json';r.json=true;r.send();\nr.onload=function(){w[ctv].src=r.responseType=='json'?r.response:JSON.parse(r.response);\njs.src=w[ctv].src[0];fjs.parentNode.insertBefore(js, fjs);}\njs=d.createElement(s),fjs=d.getElementsByTagName(s)[0];\njs.id='ctvwidget';js.async=1;\n}(window, document, 'script', 'ctoutvert'));\n<\/script>\n<ctv-availability data-product-type='L'><\/ctv-availability>\n\n\n\n<h2 class=\"wp-block-heading\">D\u00e9couvrez nos gammes de chalets en location au coeur des Hautes-Alpes&nbsp;&nbsp;<\/h2>\n\n\n\n<p>Nos options de location de chalet dans les Hautes-Alpes sont vari\u00e9es et s\u2019adaptent \u00e0 toutes vos envies et \u00e0 tous les budgets de vacances. Nous proposons 2 gammes de chalets en bois en location pour nos clients, la gamme Chalet Ciela Classic et la gamme Chalet Ciela Family. Faisant de 22 m\u00b2 \u00e0 38 m\u00b2, chaque chalet en location poss\u00e8de jusqu\u2019\u00e0 3 chambres avec 2 \u00e0 6 couchages, certains ayant des chambres r\u00e9serv\u00e9es aux parents et aux enfants o\u00f9 vous pourrez passer vos nuits, un coin cuisine \u00e9quip\u00e9, un s\u00e9jour, une salle de bain et une petite terrasse am\u00e9nag\u00e9e pour y prendre ses repas en famille.&nbsp;<\/p>\n\n\n\n<p>Tous nos chalets en location dans les Hautes-Alpes sont \u00e9quip\u00e9s en gaz, eau et \u00e9lectricit\u00e9. Certains de nos chalets poss\u00e8dent en plus des toilettes s\u00e9par\u00e9es de la salle de bain, un t\u00e9l\u00e9viseur. L\u2019\u00e9quipe de notre r\u00e9sidence est \u00e0 votre \u00e9coute si vous souhaitez avoir plus d\u2019infos sur nos offres de location de vacances ou sur nos h\u00e9bergements pour votre prochain s\u00e9jour camping en Provence-Alpes-C\u00f4te d\u2019Azur. Il vous suffit de choisir la location de chalet Hautes-Alpes et d\u2019entrer la date d\u2019arriv\u00e9e et la date de d\u00e9part de vos vacances pour voir nos prix selon le nombre de nuits choisies.<\/p>\n\n\n\n<h2 class=\"wp-block-heading\">Les atouts de nos chalets en location au coeur des Hautes-Alpes&nbsp;<\/h2>\n\n\n\n<p>\u00c0 la recherche d\u2019un h\u00e9bergement atypique pour votre s\u00e9jour \u00e0 la montagne en famille ?&nbsp; Notre camping Les 2 Soleils vous propose la location des chalets \u00e0 petit prix pour des vacances r\u00e9ussies \u00e0 la montagne en famille. Nos chalets allient charme traditionnel et confort moderne, offrant un cadre id\u00e9al pour se ressourcer en famille, entre amis, ou en couple. Con\u00e7us pour vous offrir une exp\u00e9rience authentique, nos chalets sont parfaitement int\u00e9gr\u00e9s dans leur environnement naturel, avec des mat\u00e9riaux locaux, des int\u00e9rieurs chaleureux, et souvent une vue imprenable sur les sommets environnants.<\/p>\n\n\n\n<p>Dans nos chalets \u00e0 l\u2019ambiance chaleureuse avec 1, 2 ou 3 chambres et jusqu\u2019\u00e0 6&nbsp; couchages, vous profiterez aussi d\u2019un bel espace cuisine avec s\u00e9jour, d\u2019une salle de bain parfaitement \u00e9quip\u00e9e et d\u2019une jolie terrasse avec mobilier de jardin, pour vous sentir comme \u00e0 la maison. Vous trouverez tout ce qu\u2019il vous faut dans nos chalets pour passer un week-end ou une semaine de r\u00eave dans notre agr\u00e9able camping dot\u00e9 d\u2019une piscine et d\u2019une magnifique vue sur la montagne.&nbsp;<\/p>\n\n\n\n<h2 class=\"wp-block-heading\">Louez un chalet en bois dans les Hautes Alpes&nbsp;<\/h2>\n\n\n\n<p>Choisir la location d\u2019un chalet en bois dans les Hautes-Alpes pour un s\u00e9jour en camping au c\u0153ur des Hautes-Alpes, c\u2019est faire le choix d\u2019un h\u00e9bergement \u00e9cologique entour\u00e9 par une nature apaisante. Plus authentique qu\u2019un appartement ou un g\u00eete, on ressent d\u2019autant plus cette nature gr\u00e2ce \u00e0 la pr\u00e9sence rassurante du bois. Pour une exp\u00e9rience encore plus originale, optez pour un <a href=\"\/fr\/location-insolite-hautes-alpes\/\">h\u00e9bergement insolite dans les Hautes-Alpes<\/a>.<\/p>\n\n\n\n<p>Plusieurs de nos chalets en location b\u00e9n\u00e9ficient aussi d\u2019un espace vert privatif avec salon de jardin et parasol, d\u2019autres offrent une vue \u00e0 couper le souffle sur les paysages montagneux des Hautes-Alpes. Lorsque vous prenez une location de chalet au c\u0153ur des Hautes-Alpes au Camping Les 2 soleils, il suffit de quelques pas sur un petit sentier pour se retrouver berc\u00e9 par les chants des oiseaux et le bruit du vent dans les arbres.&nbsp;<\/p>\n\n\n\n<p>Cette proximit\u00e9 avec la nature se ressent partout, que ce soit avec la pr\u00e9sence de v\u00e9g\u00e9tation, la proximit\u00e9 d\u2019un lac ou encore les paysages magnifiques de la r\u00e9gion. Pendant votre location de chalet dans les Hautes-Alpes, beaucoup d\u2019activit\u00e9s sont \u00e0 d\u00e9couvrir au sein de notre <a href=\"\/fr\/camping-piscine-hautes-alpes\/\">camping avec piscine dans les Hautes-Alpes<\/a> et vous permettront de passer un excellent s\u00e9jour en famille et de vous divertir comme il se doit.<\/p>\n\n\n\n<h2 class=\"wp-block-heading\">Des vacances authentiques dans les Hautes-Alpes avec une location de chalet&nbsp;<\/h2>\n\n\n\n<figure class=\"wp-block-gallery has-nested-images columns-default is-cropped wp-block-gallery-1 is-layout-flex wp-block-gallery-is-layout-flex\">\n<figure class=\"wp-block-image size-large\"><img decoding=\"async\" width=\"600\" height=\"449\" src=\"https:\/\/www.domaine-2soleils.com\/wp-content\/uploads\/2023\/11\/camping-serres-les-deux-soleils-nature-montagnes.jpg\" alt=\"camping serres les deux soleils nature montagnes\" class=\"wp-image-6488\" srcset=\"https:\/\/www.domaine-2soleils.com\/wp-content\/uploads\/2023\/11\/camping-serres-les-deux-soleils-nature-montagnes.jpg 600w, https:\/\/www.domaine-2soleils.com\/wp-content\/uploads\/2023\/11\/camping-serres-les-deux-soleils-nature-montagnes-300x225.jpg 300w\" sizes=\"(max-width: 600px) 100vw, 600px\" \/><figcaption class=\"wp-element-caption\">Camping Hautes-Alpes Deux Soleils Ciela Village Serres France<\/figcaption><\/figure>\n\n\n\n<figure class=\"wp-block-image size-large\"><img decoding=\"async\" width=\"603\" height=\"401\" src=\"https:\/\/www.domaine-2soleils.com\/wp-content\/uploads\/2023\/11\/camping-hautes-alpes-4-etoiles-location-hebergement-insolite.jpg\" alt=\"camping hautes alpes 4 \u00e9toiles location h\u00e9bergement insolite\" class=\"wp-image-6456\" srcset=\"https:\/\/www.domaine-2soleils.com\/wp-content\/uploads\/2023\/11\/camping-hautes-alpes-4-etoiles-location-hebergement-insolite.jpg 603w, https:\/\/www.domaine-2soleils.com\/wp-content\/uploads\/2023\/11\/camping-hautes-alpes-4-etoiles-location-hebergement-insolite-300x200.jpg 300w\" sizes=\"(max-width: 603px) 100vw, 603px\" \/><figcaption class=\"wp-element-caption\">Camping Hautes-Alpes Deux Soleils Ciela Village Serres France<\/figcaption><\/figure>\n\n\n\n<figure class=\"wp-block-image size-large\"><img decoding=\"async\" width=\"601\" height=\"400\" src=\"https:\/\/www.domaine-2soleils.com\/wp-content\/uploads\/2023\/10\/147-Camping-Hautes-Alpes-Ciela-Family-Chalet-Les-Deux-Soleils-Ciela-Village.jpg\" alt=\"location chalet hautes alpes en bois au c\u0153ur de la nature\" class=\"wp-image-5775\" srcset=\"https:\/\/www.domaine-2soleils.com\/wp-content\/uploads\/2023\/10\/147-Camping-Hautes-Alpes-Ciela-Family-Chalet-Les-Deux-Soleils-Ciela-Village.jpg 601w, https:\/\/www.domaine-2soleils.com\/wp-content\/uploads\/2023\/10\/147-Camping-Hautes-Alpes-Ciela-Family-Chalet-Les-Deux-Soleils-Ciela-Village-300x200.jpg 300w\" sizes=\"(max-width: 601px) 100vw, 601px\" \/><figcaption class=\"wp-element-caption\">Camping Hautes-Alpes Deux Soleils Ciela Village Serres France<\/figcaption><\/figure>\n<\/figure>\n\n\n\n<p>Une location de chalet dans les Hautes-Alpes offre de nombreux avantages pour un s\u00e9jour inoubliable. Vous profiterez d&rsquo;un h\u00e9bergement alliant confort moderne et authenticit\u00e9 alpine, parfaitement int\u00e9gr\u00e9 \u00e0 la montagne environnante. Situ\u00e9s \u00e0 proximit\u00e9 des meilleures stations de ski en hiver et des sentiers de randonn\u00e9e en \u00e9t\u00e9, ces chalets sont id\u00e9aux pour les amateurs de sports de plein air tout au long de l&rsquo;ann\u00e9e. En plus de vous offrir une intimit\u00e9 totale et un cadre paisible, nos chalets vous permettent de d\u00e9couvrir les richesses culturelles et naturelles de la r\u00e9gion, comme les <a href=\"\/fr\/decouvrir-hautes-alpes\/les-gorges-de-la-meouge\/\">gorges de la M\u00e9ouge toutes proches<\/a>, tout en b\u00e9n\u00e9ficiant d&rsquo;un confort haut de gamme, souvent agr\u00e9ment\u00e9 de vues panoramiques exceptionnelles. Que vous voyagiez en couple, en famille, ou entre amis, la location d&rsquo;un chalet dans les Hautes-Alpes vous garantit une exp\u00e9rience authentique et ressour\u00e7ante, au c\u0153ur de l&rsquo;une des plus belles r\u00e9gions de France.<\/p>\n\n\n\n<h2 class=\"wp-block-heading\">Une exp\u00e9rience unique dans les Hautes-Alpes<\/h2>\n\n\n\n<p>Pour prolonger le plaisir des vacances \u00e0 la montagne dans ce cadre idyllique, une location de chalet dans notre camping 3 \u00e9toiles vous permet de d\u00e9couvrir la r\u00e9gion en toute saison. Les Hautes-Alpes sont une destination de choix, offrant une multitude d\u2019activit\u00e9s pour tous les go\u00fbts. En \u00e9t\u00e9, les pistes de ski des Hautes-Alpes se transforment en un terrain de jeu pour les randonneurs, les cyclistes, et les amoureux de la nature. Partez \u00e0 la d\u00e9couverte du D\u00e9voluy, des Orres, du Queyras et de la vall\u00e9e de Serre-Chevalier. Notre <a href=\"\/fr\/camping-orpierre\/\">camping \u00e0 proximit\u00e9 d\u2019Orpierre<\/a> vous ouvre aussi les portes de l\u2019escalade en pleine nature. Louer un chalet en cette saison, c\u2019est avoir un point de d\u00e9part id\u00e9al pour explorer les nombreux sentiers de randonn\u00e9e, d\u00e9couvrir la faune et la flore locales, ou simplement profiter du calme et de la beaut\u00e9 des lieux.<\/p>\n\n\n\n<h2 class=\"wp-block-heading\">Notre camping 3 \u00e9toiles dans les Hautes-Alpes avec chalets<\/h2>\n\n\n\n<p>Le Domaine Les 2 Soleils est un camping \u00e0 l\u2019ambiance chaleureuse et familiale dans un cadre verdoyant, proche de la nature. Nos vacanciers b\u00e9n\u00e9ficient entre autres d\u2019une piscine de 140 m\u00b2, d\u2019un club enfants, d\u2019activit\u00e9s sportives et d\u2019animations pour petits et grands ainsi que de nombreux services dont vous pourrez aussi profiter en choisissant la location d\u2019un chalet au c\u0153ur des Hautes-Alpes. En plus de nos chalets, d\u00e9couvrez aussi notre <a href=\"\/fr\/location-mobil-home-hautes-alpes\/\">location de mobil-home dans les Hautes-Alpes<\/a> pour un s\u00e9jour tout confort. R\u00e9servez votre location de chalet dans les Hautes-Alpes d\u00e8s aujourd\u2019hui et laissez-vous s\u00e9duire par la beaut\u00e9 des montagnes et le charme d\u2019un s\u00e9jour authentique au c\u0153ur de la nature.<\/p>\n","protected":false},"excerpt":{"rendered":"<p>Situ\u00e9 au centre des Hautes-Alpes, entre Brian\u00e7on et Avignon en r\u00e9gion Provence-Alpes-C\u00f4te d\u2019Azur, le camping 3 \u00e9toiles Les 2 Soleils dans les Hautes-Alpes propose parmi ses h\u00e9bergements en location une gamme de chalets en bois destin\u00e9s \u00e0 accueillir couples, groupes d\u2019amis et familles avec enfants. Parfaitement \u00e9quip\u00e9, chaque chalet est une occasion unique de se [&hellip;]<\/p>\n","protected":false},"author":1,"featured_media":0,"parent":0,"menu_order":0,"comment_status":"closed","ping_status":"closed","template":"","meta":{"_acf_changed":false,"footnotes":""},"class_list":["post-4288","page","type-page","status-publish","hentry"],"acf":[],"yoast_head":"<!-- This site is optimized with the Yoast SEO plugin v27.3 - https:\/\/yoast.com\/product\/yoast-seo-wordpress\/ -->\n<title>Location Chalet Hautes-Alpes : Louer un chalet \u00e0 partir de 78\u20ac\/nuit dans les Hautes Alpes<\/title>\n<meta name=\"description\" content=\"D\u00e9couvrez nos chalets en bois au c\u0153ur de la nature, implant\u00e9s sur un camping des Hautes-Alpes et reconnectez vous avec la nature.\" \/>\n<meta name=\"robots\" content=\"index, follow, max-snippet:-1, max-image-preview:large, max-video-preview:-1\" \/>\n<link rel=\"canonical\" href=\"https:\/\/www.domaine-2soleils.com\/fr\/location-chalet-hautes-alpes\/\" \/>\n<meta property=\"og:locale\" content=\"fr_FR\" \/>\n<meta property=\"og:type\" content=\"article\" \/>\n<meta property=\"og:title\" content=\"Location Chalet Hautes-Alpes : Louer un chalet \u00e0 partir de 78\u20ac\/nuit dans les Hautes Alpes\" \/>\n<meta property=\"og:description\" content=\"D\u00e9couvrez nos chalets en bois au c\u0153ur de la nature, implant\u00e9s sur un camping des Hautes-Alpes et reconnectez vous avec la nature.\" \/>\n<meta property=\"og:url\" content=\"https:\/\/www.domaine-2soleils.com\/fr\/location-chalet-hautes-alpes\/\" \/>\n<meta property=\"og:site_name\" content=\"Domaine des 2 soleils\" \/>\n<meta property=\"article:modified_time\" content=\"2026-03-23T12:33:18+00:00\" \/>\n<meta property=\"og:image\" content=\"https:\/\/www.domaine-2soleils.com\/wp-content\/uploads\/2023\/11\/camping-serres-les-deux-soleils-nature-montagnes.jpg\" \/>\n<meta name=\"twitter:card\" content=\"summary_large_image\" \/>\n<meta name=\"twitter:label1\" content=\"Dur\u00e9e de lecture estim\u00e9e\" \/>\n\t<meta name=\"twitter:data1\" content=\"7 minutes\" \/>\n<script type=\"application\/ld+json\" class=\"yoast-schema-graph\">{\"@context\":\"https:\\\/\\\/schema.org\",\"@graph\":[{\"@type\":\"WebPage\",\"@id\":\"https:\\\/\\\/www.domaine-2soleils.com\\\/fr\\\/location-chalet-hautes-alpes\\\/\",\"url\":\"https:\\\/\\\/www.domaine-2soleils.com\\\/fr\\\/location-chalet-hautes-alpes\\\/\",\"name\":\"Location Chalet Hautes-Alpes : Louer un chalet \u00e0 partir de 78\u20ac\\\/nuit dans les Hautes Alpes\",\"isPartOf\":{\"@id\":\"https:\\\/\\\/www.domaine-2soleils.com\\\/fr\\\/#website\"},\"primaryImageOfPage\":{\"@id\":\"https:\\\/\\\/www.domaine-2soleils.com\\\/fr\\\/location-chalet-hautes-alpes\\\/#primaryimage\"},\"image\":{\"@id\":\"https:\\\/\\\/www.domaine-2soleils.com\\\/fr\\\/location-chalet-hautes-alpes\\\/#primaryimage\"},\"thumbnailUrl\":\"https:\\\/\\\/www.domaine-2soleils.com\\\/wp-content\\\/uploads\\\/2023\\\/11\\\/camping-serres-les-deux-soleils-nature-montagnes.jpg\",\"datePublished\":\"2023-04-19T16:23:08+00:00\",\"dateModified\":\"2026-03-23T12:33:18+00:00\",\"description\":\"D\u00e9couvrez nos chalets en bois au c\u0153ur de la nature, implant\u00e9s sur un camping des Hautes-Alpes et reconnectez vous avec la nature.\",\"breadcrumb\":{\"@id\":\"https:\\\/\\\/www.domaine-2soleils.com\\\/fr\\\/location-chalet-hautes-alpes\\\/#breadcrumb\"},\"inLanguage\":\"fr-FR\",\"potentialAction\":[{\"@type\":\"ReadAction\",\"target\":[\"https:\\\/\\\/www.domaine-2soleils.com\\\/fr\\\/location-chalet-hautes-alpes\\\/\"]}]},{\"@type\":\"ImageObject\",\"inLanguage\":\"fr-FR\",\"@id\":\"https:\\\/\\\/www.domaine-2soleils.com\\\/fr\\\/location-chalet-hautes-alpes\\\/#primaryimage\",\"url\":\"https:\\\/\\\/www.domaine-2soleils.com\\\/wp-content\\\/uploads\\\/2023\\\/11\\\/camping-serres-les-deux-soleils-nature-montagnes.jpg\",\"contentUrl\":\"https:\\\/\\\/www.domaine-2soleils.com\\\/wp-content\\\/uploads\\\/2023\\\/11\\\/camping-serres-les-deux-soleils-nature-montagnes.jpg\"},{\"@type\":\"BreadcrumbList\",\"@id\":\"https:\\\/\\\/www.domaine-2soleils.com\\\/fr\\\/location-chalet-hautes-alpes\\\/#breadcrumb\",\"itemListElement\":[{\"@type\":\"ListItem\",\"position\":1,\"name\":\"Camping Hautes-Alpes\",\"item\":\"https:\\\/\\\/www.domaine-2soleils.com\\\/fr\\\/\"},{\"@type\":\"ListItem\",\"position\":2,\"name\":\"Location de chalets dans les Hautes-Alpes\"}]},{\"@type\":\"WebSite\",\"@id\":\"https:\\\/\\\/www.domaine-2soleils.com\\\/fr\\\/#website\",\"url\":\"https:\\\/\\\/www.domaine-2soleils.com\\\/fr\\\/\",\"name\":\"Domaine des 2 soleils\",\"description\":\"\",\"potentialAction\":[{\"@type\":\"SearchAction\",\"target\":{\"@type\":\"EntryPoint\",\"urlTemplate\":\"https:\\\/\\\/www.domaine-2soleils.com\\\/fr\\\/?s={search_term_string}\"},\"query-input\":{\"@type\":\"PropertyValueSpecification\",\"valueRequired\":true,\"valueName\":\"search_term_string\"}}],\"inLanguage\":\"fr-FR\"}]}<\/script>\n<!-- \/ Yoast SEO plugin. -->","yoast_head_json":{"title":"Location Chalet Hautes-Alpes : Louer un chalet \u00e0 partir de 78\u20ac\/nuit dans les Hautes Alpes","description":"D\u00e9couvrez nos chalets en bois au c\u0153ur de la nature, implant\u00e9s sur un camping des Hautes-Alpes et reconnectez vous avec la nature.","robots":{"index":"index","follow":"follow","max-snippet":"max-snippet:-1","max-image-preview":"max-image-preview:large","max-video-preview":"max-video-preview:-1"},"canonical":"https:\/\/www.domaine-2soleils.com\/fr\/location-chalet-hautes-alpes\/","og_locale":"fr_FR","og_type":"article","og_title":"Location Chalet Hautes-Alpes : Louer un chalet \u00e0 partir de 78\u20ac\/nuit dans les Hautes Alpes","og_description":"D\u00e9couvrez nos chalets en bois au c\u0153ur de la nature, implant\u00e9s sur un camping des Hautes-Alpes et reconnectez vous avec la nature.","og_url":"https:\/\/www.domaine-2soleils.com\/fr\/location-chalet-hautes-alpes\/","og_site_name":"Domaine des 2 soleils","article_modified_time":"2026-03-23T12:33:18+00:00","og_image":[{"url":"https:\/\/www.domaine-2soleils.com\/wp-content\/uploads\/2023\/11\/camping-serres-les-deux-soleils-nature-montagnes.jpg","type":"","width":"","height":""}],"twitter_card":"summary_large_image","twitter_misc":{"Dur\u00e9e de lecture estim\u00e9e":"7 minutes"},"schema":{"@context":"https:\/\/schema.org","@graph":[{"@type":"WebPage","@id":"https:\/\/www.domaine-2soleils.com\/fr\/location-chalet-hautes-alpes\/","url":"https:\/\/www.domaine-2soleils.com\/fr\/location-chalet-hautes-alpes\/","name":"Location Chalet Hautes-Alpes : Louer un chalet \u00e0 partir de 78\u20ac\/nuit dans les Hautes Alpes","isPartOf":{"@id":"https:\/\/www.domaine-2soleils.com\/fr\/#website"},"primaryImageOfPage":{"@id":"https:\/\/www.domaine-2soleils.com\/fr\/location-chalet-hautes-alpes\/#primaryimage"},"image":{"@id":"https:\/\/www.domaine-2soleils.com\/fr\/location-chalet-hautes-alpes\/#primaryimage"},"thumbnailUrl":"https:\/\/www.domaine-2soleils.com\/wp-content\/uploads\/2023\/11\/camping-serres-les-deux-soleils-nature-montagnes.jpg","datePublished":"2023-04-19T16:23:08+00:00","dateModified":"2026-03-23T12:33:18+00:00","description":"D\u00e9couvrez nos chalets en bois au c\u0153ur de la nature, implant\u00e9s sur un camping des Hautes-Alpes et reconnectez vous avec la nature.","breadcrumb":{"@id":"https:\/\/www.domaine-2soleils.com\/fr\/location-chalet-hautes-alpes\/#breadcrumb"},"inLanguage":"fr-FR","potentialAction":[{"@type":"ReadAction","target":["https:\/\/www.domaine-2soleils.com\/fr\/location-chalet-hautes-alpes\/"]}]},{"@type":"ImageObject","inLanguage":"fr-FR","@id":"https:\/\/www.domaine-2soleils.com\/fr\/location-chalet-hautes-alpes\/#primaryimage","url":"https:\/\/www.domaine-2soleils.com\/wp-content\/uploads\/2023\/11\/camping-serres-les-deux-soleils-nature-montagnes.jpg","contentUrl":"https:\/\/www.domaine-2soleils.com\/wp-content\/uploads\/2023\/11\/camping-serres-les-deux-soleils-nature-montagnes.jpg"},{"@type":"BreadcrumbList","@id":"https:\/\/www.domaine-2soleils.com\/fr\/location-chalet-hautes-alpes\/#breadcrumb","itemListElement":[{"@type":"ListItem","position":1,"name":"Camping Hautes-Alpes","item":"https:\/\/www.domaine-2soleils.com\/fr\/"},{"@type":"ListItem","position":2,"name":"Location de chalets dans les Hautes-Alpes"}]},{"@type":"WebSite","@id":"https:\/\/www.domaine-2soleils.com\/fr\/#website","url":"https:\/\/www.domaine-2soleils.com\/fr\/","name":"Domaine des 2 soleils","description":"","potentialAction":[{"@type":"SearchAction","target":{"@type":"EntryPoint","urlTemplate":"https:\/\/www.domaine-2soleils.com\/fr\/?s={search_term_string}"},"query-input":{"@type":"PropertyValueSpecification","valueRequired":true,"valueName":"search_term_string"}}],"inLanguage":"fr-FR"}]}},"_links":{"self":[{"href":"https:\/\/www.domaine-2soleils.com\/fr\/wp-json\/wp\/v2\/pages\/4288","targetHints":{"allow":["GET"]}}],"collection":[{"href":"https:\/\/www.domaine-2soleils.com\/fr\/wp-json\/wp\/v2\/pages"}],"about":[{"href":"https:\/\/www.domaine-2soleils.com\/fr\/wp-json\/wp\/v2\/types\/page"}],"author":[{"embeddable":true,"href":"https:\/\/www.domaine-2soleils.com\/fr\/wp-json\/wp\/v2\/users\/1"}],"replies":[{"embeddable":true,"href":"https:\/\/www.domaine-2soleils.com\/fr\/wp-json\/wp\/v2\/comments?post=4288"}],"version-history":[{"count":13,"href":"https:\/\/www.domaine-2soleils.com\/fr\/wp-json\/wp\/v2\/pages\/4288\/revisions"}],"predecessor-version":[{"id":556180,"href":"https:\/\/www.domaine-2soleils.com\/fr\/wp-json\/wp\/v2\/pages\/4288\/revisions\/556180"}],"wp:attachment":[{"href":"https:\/\/www.domaine-2soleils.com\/fr\/wp-json\/wp\/v2\/media?parent=4288"}],"curies":[{"name":"wp","href":"https:\/\/api.w.org\/{rel}","templated":true}]}}