{"id":4248,"date":"2023-04-19T18:11:45","date_gmt":"2023-04-19T16:11:45","guid":{"rendered":"https:\/\/www.domaine-2soleils.com\/?page_id=4248"},"modified":"2026-03-23T13:42:28","modified_gmt":"2026-03-23T12:42:28","slug":"emplacement-caravaning-hautes-alpes","status":"publish","type":"page","link":"https:\/\/www.domaine-2soleils.com\/fr\/emplacement-caravaning-hautes-alpes\/","title":{"rendered":"Location emplacements nus dans les Hautes-Alpes \u00a0"},"content":{"rendered":"","protected":false},"excerpt":{"rendered":"","protected":false},"author":1,"featured_media":0,"parent":0,"menu_order":0,"comment_status":"closed","ping_status":"closed","template":"","meta":{"_acf_changed":false,"footnotes":""},"class_list":["post-4248","page","type-page","status-publish","hentry"],"acf":[],"yoast_head":"<!-- This site is optimized with the Yoast SEO plugin v27.3 - https:\/\/yoast.com\/product\/yoast-seo-wordpress\/ -->\n<title>Emplacement Camping Hautes-Alpes : tente, caravane et camping-car \u00e0 Serres<\/title>\n<meta name=\"description\" content=\"D\u00e9couvrez nos emplacements class\u00e9s en 4 cat\u00e9gories selon vos besoins. Notre camping accueille tentes, caravanes et camping-cars.\" \/>\n<meta name=\"robots\" content=\"index, follow, max-snippet:-1, max-image-preview:large, max-video-preview:-1\" \/>\n<link rel=\"canonical\" href=\"https:\/\/www.domaine-2soleils.com\/fr\/emplacement-caravaning-hautes-alpes\/\" \/>\n<meta property=\"og:locale\" content=\"fr_FR\" \/>\n<meta property=\"og:type\" content=\"article\" \/>\n<meta property=\"og:title\" content=\"Emplacement Camping Hautes-Alpes : tente, caravane et camping-car \u00e0 Serres\" \/>\n<meta property=\"og:description\" content=\"D\u00e9couvrez nos emplacements class\u00e9s en 4 cat\u00e9gories selon vos besoins. Notre camping accueille tentes, caravanes et camping-cars.\" \/>\n<meta property=\"og:url\" content=\"https:\/\/www.domaine-2soleils.com\/fr\/emplacement-caravaning-hautes-alpes\/\" \/>\n<meta property=\"og:site_name\" content=\"Domaine des 2 soleils\" \/>\n<meta property=\"article:modified_time\" content=\"2026-03-23T12:42:28+00:00\" \/>\n<meta name=\"twitter:card\" content=\"summary_large_image\" \/>\n<script type=\"application\/ld+json\" class=\"yoast-schema-graph\">{\"@context\":\"https:\\\/\\\/schema.org\",\"@graph\":[{\"@type\":\"WebPage\",\"@id\":\"https:\\\/\\\/www.domaine-2soleils.com\\\/fr\\\/emplacement-caravaning-hautes-alpes\\\/\",\"url\":\"https:\\\/\\\/www.domaine-2soleils.com\\\/fr\\\/emplacement-caravaning-hautes-alpes\\\/\",\"name\":\"Emplacement Camping Hautes-Alpes : tente, caravane et camping-car \u00e0 Serres\",\"isPartOf\":{\"@id\":\"https:\\\/\\\/www.domaine-2soleils.com\\\/fr\\\/#website\"},\"datePublished\":\"2023-04-19T16:11:45+00:00\",\"dateModified\":\"2026-03-23T12:42:28+00:00\",\"description\":\"D\u00e9couvrez nos emplacements class\u00e9s en 4 cat\u00e9gories selon vos besoins. Notre camping accueille tentes, caravanes et camping-cars.\",\"breadcrumb\":{\"@id\":\"https:\\\/\\\/www.domaine-2soleils.com\\\/fr\\\/emplacement-caravaning-hautes-alpes\\\/#breadcrumb\"},\"inLanguage\":\"fr-FR\",\"potentialAction\":[{\"@type\":\"ReadAction\",\"target\":[\"https:\\\/\\\/www.domaine-2soleils.com\\\/fr\\\/emplacement-caravaning-hautes-alpes\\\/\"]}]},{\"@type\":\"BreadcrumbList\",\"@id\":\"https:\\\/\\\/www.domaine-2soleils.com\\\/fr\\\/emplacement-caravaning-hautes-alpes\\\/#breadcrumb\",\"itemListElement\":[{\"@type\":\"ListItem\",\"position\":1,\"name\":\"Camping Hautes-Alpes\",\"item\":\"https:\\\/\\\/www.domaine-2soleils.com\\\/fr\\\/\"},{\"@type\":\"ListItem\",\"position\":2,\"name\":\"Location emplacements nus dans les Hautes-Alpes \u00a0\"}]},{\"@type\":\"WebSite\",\"@id\":\"https:\\\/\\\/www.domaine-2soleils.com\\\/fr\\\/#website\",\"url\":\"https:\\\/\\\/www.domaine-2soleils.com\\\/fr\\\/\",\"name\":\"Domaine des 2 soleils\",\"description\":\"\",\"potentialAction\":[{\"@type\":\"SearchAction\",\"target\":{\"@type\":\"EntryPoint\",\"urlTemplate\":\"https:\\\/\\\/www.domaine-2soleils.com\\\/fr\\\/?s={search_term_string}\"},\"query-input\":{\"@type\":\"PropertyValueSpecification\",\"valueRequired\":true,\"valueName\":\"search_term_string\"}}],\"inLanguage\":\"fr-FR\"}]}<\/script>\n<!-- \/ Yoast SEO plugin. -->","yoast_head_json":{"title":"Emplacement Camping Hautes-Alpes : tente, caravane et camping-car \u00e0 Serres","description":"D\u00e9couvrez nos emplacements class\u00e9s en 4 cat\u00e9gories selon vos besoins. Notre camping accueille tentes, caravanes et camping-cars.","robots":{"index":"index","follow":"follow","max-snippet":"max-snippet:-1","max-image-preview":"max-image-preview:large","max-video-preview":"max-video-preview:-1"},"canonical":"https:\/\/www.domaine-2soleils.com\/fr\/emplacement-caravaning-hautes-alpes\/","og_locale":"fr_FR","og_type":"article","og_title":"Emplacement Camping Hautes-Alpes : tente, caravane et camping-car \u00e0 Serres","og_description":"D\u00e9couvrez nos emplacements class\u00e9s en 4 cat\u00e9gories selon vos besoins. Notre camping accueille tentes, caravanes et camping-cars.","og_url":"https:\/\/www.domaine-2soleils.com\/fr\/emplacement-caravaning-hautes-alpes\/","og_site_name":"Domaine des 2 soleils","article_modified_time":"2026-03-23T12:42:28+00:00","twitter_card":"summary_large_image","schema":{"@context":"https:\/\/schema.org","@graph":[{"@type":"WebPage","@id":"https:\/\/www.domaine-2soleils.com\/fr\/emplacement-caravaning-hautes-alpes\/","url":"https:\/\/www.domaine-2soleils.com\/fr\/emplacement-caravaning-hautes-alpes\/","name":"Emplacement Camping Hautes-Alpes : tente, caravane et camping-car \u00e0 Serres","isPartOf":{"@id":"https:\/\/www.domaine-2soleils.com\/fr\/#website"},"datePublished":"2023-04-19T16:11:45+00:00","dateModified":"2026-03-23T12:42:28+00:00","description":"D\u00e9couvrez nos emplacements class\u00e9s en 4 cat\u00e9gories selon vos besoins. Notre camping accueille tentes, caravanes et camping-cars.","breadcrumb":{"@id":"https:\/\/www.domaine-2soleils.com\/fr\/emplacement-caravaning-hautes-alpes\/#breadcrumb"},"inLanguage":"fr-FR","potentialAction":[{"@type":"ReadAction","target":["https:\/\/www.domaine-2soleils.com\/fr\/emplacement-caravaning-hautes-alpes\/"]}]},{"@type":"BreadcrumbList","@id":"https:\/\/www.domaine-2soleils.com\/fr\/emplacement-caravaning-hautes-alpes\/#breadcrumb","itemListElement":[{"@type":"ListItem","position":1,"name":"Camping Hautes-Alpes","item":"https:\/\/www.domaine-2soleils.com\/fr\/"},{"@type":"ListItem","position":2,"name":"Location emplacements nus dans les Hautes-Alpes \u00a0"}]},{"@type":"WebSite","@id":"https:\/\/www.domaine-2soleils.com\/fr\/#website","url":"https:\/\/www.domaine-2soleils.com\/fr\/","name":"Domaine des 2 soleils","description":"","potentialAction":[{"@type":"SearchAction","target":{"@type":"EntryPoint","urlTemplate":"https:\/\/www.domaine-2soleils.com\/fr\/?s={search_term_string}"},"query-input":{"@type":"PropertyValueSpecification","valueRequired":true,"valueName":"search_term_string"}}],"inLanguage":"fr-FR"}]}},"_links":{"self":[{"href":"https:\/\/www.domaine-2soleils.com\/fr\/wp-json\/wp\/v2\/pages\/4248","targetHints":{"allow":["GET"]}}],"collection":[{"href":"https:\/\/www.domaine-2soleils.com\/fr\/wp-json\/wp\/v2\/pages"}],"about":[{"href":"https:\/\/www.domaine-2soleils.com\/fr\/wp-json\/wp\/v2\/types\/page"}],"author":[{"embeddable":true,"href":"https:\/\/www.domaine-2soleils.com\/fr\/wp-json\/wp\/v2\/users\/1"}],"replies":[{"embeddable":true,"href":"https:\/\/www.domaine-2soleils.com\/fr\/wp-json\/wp\/v2\/comments?post=4248"}],"version-history":[{"count":22,"href":"https:\/\/www.domaine-2soleils.com\/fr\/wp-json\/wp\/v2\/pages\/4248\/revisions"}],"predecessor-version":[{"id":556182,"href":"https:\/\/www.domaine-2soleils.com\/fr\/wp-json\/wp\/v2\/pages\/4248\/revisions\/556182"}],"wp:attachment":[{"href":"https:\/\/www.domaine-2soleils.com\/fr\/wp-json\/wp\/v2\/media?parent=4248"}],"curies":[{"name":"wp","href":"https:\/\/api.w.org\/{rel}","templated":true}]}}