{"id":4232,"date":"2023-04-19T17:56:36","date_gmt":"2023-04-19T15:56:36","guid":{"rendered":"https:\/\/www.domaine-2soleils.com\/?page_id=4232"},"modified":"2026-03-23T12:26:02","modified_gmt":"2026-03-23T11:26:02","slug":"location-mobil-home-hautes-alpes","status":"publish","type":"page","link":"https:\/\/www.domaine-2soleils.com\/fr\/location-mobil-home-hautes-alpes\/","title":{"rendered":"Location de mobil-homes dans notre camping dans les Hautes-Alpes"},"content":{"rendered":"\n<p><\/p>\n\n\n\n<p><\/p>\n","protected":false},"excerpt":{"rendered":"","protected":false},"author":1,"featured_media":0,"parent":0,"menu_order":0,"comment_status":"closed","ping_status":"closed","template":"","meta":{"_acf_changed":false,"footnotes":""},"class_list":["post-4232","page","type-page","status-publish","hentry"],"acf":[],"yoast_head":"<!-- This site is optimized with the Yoast SEO plugin v27.3 - https:\/\/yoast.com\/product\/yoast-seo-wordpress\/ -->\n<title>Location mobil-home Hautes Alpes : 6 mod\u00e8les de mobil-homes<\/title>\n<meta name=\"description\" content=\"Au coeur des montagnes des Hautes-Alpes, d\u00e9couvrez nos mobil-homes jusqu&#039;\u00e0 3 chambres\" \/>\n<meta name=\"robots\" content=\"index, follow, max-snippet:-1, max-image-preview:large, max-video-preview:-1\" \/>\n<link rel=\"canonical\" href=\"https:\/\/www.domaine-2soleils.com\/fr\/location-mobil-home-hautes-alpes\/\" \/>\n<meta property=\"og:locale\" content=\"fr_FR\" \/>\n<meta property=\"og:type\" content=\"article\" \/>\n<meta property=\"og:title\" content=\"Location mobil-home Hautes Alpes : 6 mod\u00e8les de mobil-homes\" \/>\n<meta property=\"og:description\" content=\"Au coeur des montagnes des Hautes-Alpes, d\u00e9couvrez nos mobil-homes jusqu&#039;\u00e0 3 chambres\" \/>\n<meta property=\"og:url\" content=\"https:\/\/www.domaine-2soleils.com\/fr\/location-mobil-home-hautes-alpes\/\" \/>\n<meta property=\"og:site_name\" content=\"Domaine des 2 soleils\" \/>\n<meta property=\"article:modified_time\" content=\"2026-03-23T11:26:02+00:00\" \/>\n<meta name=\"twitter:card\" content=\"summary_large_image\" \/>\n<script type=\"application\/ld+json\" class=\"yoast-schema-graph\">{\"@context\":\"https:\\\/\\\/schema.org\",\"@graph\":[{\"@type\":\"WebPage\",\"@id\":\"https:\\\/\\\/www.domaine-2soleils.com\\\/fr\\\/location-mobil-home-hautes-alpes\\\/\",\"url\":\"https:\\\/\\\/www.domaine-2soleils.com\\\/fr\\\/location-mobil-home-hautes-alpes\\\/\",\"name\":\"Location mobil-home Hautes Alpes : 6 mod\u00e8les de mobil-homes\",\"isPartOf\":{\"@id\":\"https:\\\/\\\/www.domaine-2soleils.com\\\/fr\\\/#website\"},\"datePublished\":\"2023-04-19T15:56:36+00:00\",\"dateModified\":\"2026-03-23T11:26:02+00:00\",\"description\":\"Au coeur des montagnes des Hautes-Alpes, d\u00e9couvrez nos mobil-homes jusqu'\u00e0 3 chambres\",\"breadcrumb\":{\"@id\":\"https:\\\/\\\/www.domaine-2soleils.com\\\/fr\\\/location-mobil-home-hautes-alpes\\\/#breadcrumb\"},\"inLanguage\":\"fr-FR\",\"potentialAction\":[{\"@type\":\"ReadAction\",\"target\":[\"https:\\\/\\\/www.domaine-2soleils.com\\\/fr\\\/location-mobil-home-hautes-alpes\\\/\"]}]},{\"@type\":\"BreadcrumbList\",\"@id\":\"https:\\\/\\\/www.domaine-2soleils.com\\\/fr\\\/location-mobil-home-hautes-alpes\\\/#breadcrumb\",\"itemListElement\":[{\"@type\":\"ListItem\",\"position\":1,\"name\":\"Camping Hautes-Alpes\",\"item\":\"https:\\\/\\\/www.domaine-2soleils.com\\\/fr\\\/\"},{\"@type\":\"ListItem\",\"position\":2,\"name\":\"Location de mobil-homes dans notre camping dans les Hautes-Alpes\"}]},{\"@type\":\"WebSite\",\"@id\":\"https:\\\/\\\/www.domaine-2soleils.com\\\/fr\\\/#website\",\"url\":\"https:\\\/\\\/www.domaine-2soleils.com\\\/fr\\\/\",\"name\":\"Domaine des 2 soleils\",\"description\":\"\",\"potentialAction\":[{\"@type\":\"SearchAction\",\"target\":{\"@type\":\"EntryPoint\",\"urlTemplate\":\"https:\\\/\\\/www.domaine-2soleils.com\\\/fr\\\/?s={search_term_string}\"},\"query-input\":{\"@type\":\"PropertyValueSpecification\",\"valueRequired\":true,\"valueName\":\"search_term_string\"}}],\"inLanguage\":\"fr-FR\"}]}<\/script>\n<!-- \/ Yoast SEO plugin. -->","yoast_head_json":{"title":"Location mobil-home Hautes Alpes : 6 mod\u00e8les de mobil-homes","description":"Au coeur des montagnes des Hautes-Alpes, d\u00e9couvrez nos mobil-homes jusqu'\u00e0 3 chambres","robots":{"index":"index","follow":"follow","max-snippet":"max-snippet:-1","max-image-preview":"max-image-preview:large","max-video-preview":"max-video-preview:-1"},"canonical":"https:\/\/www.domaine-2soleils.com\/fr\/location-mobil-home-hautes-alpes\/","og_locale":"fr_FR","og_type":"article","og_title":"Location mobil-home Hautes Alpes : 6 mod\u00e8les de mobil-homes","og_description":"Au coeur des montagnes des Hautes-Alpes, d\u00e9couvrez nos mobil-homes jusqu'\u00e0 3 chambres","og_url":"https:\/\/www.domaine-2soleils.com\/fr\/location-mobil-home-hautes-alpes\/","og_site_name":"Domaine des 2 soleils","article_modified_time":"2026-03-23T11:26:02+00:00","twitter_card":"summary_large_image","schema":{"@context":"https:\/\/schema.org","@graph":[{"@type":"WebPage","@id":"https:\/\/www.domaine-2soleils.com\/fr\/location-mobil-home-hautes-alpes\/","url":"https:\/\/www.domaine-2soleils.com\/fr\/location-mobil-home-hautes-alpes\/","name":"Location mobil-home Hautes Alpes : 6 mod\u00e8les de mobil-homes","isPartOf":{"@id":"https:\/\/www.domaine-2soleils.com\/fr\/#website"},"datePublished":"2023-04-19T15:56:36+00:00","dateModified":"2026-03-23T11:26:02+00:00","description":"Au coeur des montagnes des Hautes-Alpes, d\u00e9couvrez nos mobil-homes jusqu'\u00e0 3 chambres","breadcrumb":{"@id":"https:\/\/www.domaine-2soleils.com\/fr\/location-mobil-home-hautes-alpes\/#breadcrumb"},"inLanguage":"fr-FR","potentialAction":[{"@type":"ReadAction","target":["https:\/\/www.domaine-2soleils.com\/fr\/location-mobil-home-hautes-alpes\/"]}]},{"@type":"BreadcrumbList","@id":"https:\/\/www.domaine-2soleils.com\/fr\/location-mobil-home-hautes-alpes\/#breadcrumb","itemListElement":[{"@type":"ListItem","position":1,"name":"Camping Hautes-Alpes","item":"https:\/\/www.domaine-2soleils.com\/fr\/"},{"@type":"ListItem","position":2,"name":"Location de mobil-homes dans notre camping dans les Hautes-Alpes"}]},{"@type":"WebSite","@id":"https:\/\/www.domaine-2soleils.com\/fr\/#website","url":"https:\/\/www.domaine-2soleils.com\/fr\/","name":"Domaine des 2 soleils","description":"","potentialAction":[{"@type":"SearchAction","target":{"@type":"EntryPoint","urlTemplate":"https:\/\/www.domaine-2soleils.com\/fr\/?s={search_term_string}"},"query-input":{"@type":"PropertyValueSpecification","valueRequired":true,"valueName":"search_term_string"}}],"inLanguage":"fr-FR"}]}},"_links":{"self":[{"href":"https:\/\/www.domaine-2soleils.com\/fr\/wp-json\/wp\/v2\/pages\/4232","targetHints":{"allow":["GET"]}}],"collection":[{"href":"https:\/\/www.domaine-2soleils.com\/fr\/wp-json\/wp\/v2\/pages"}],"about":[{"href":"https:\/\/www.domaine-2soleils.com\/fr\/wp-json\/wp\/v2\/types\/page"}],"author":[{"embeddable":true,"href":"https:\/\/www.domaine-2soleils.com\/fr\/wp-json\/wp\/v2\/users\/1"}],"replies":[{"embeddable":true,"href":"https:\/\/www.domaine-2soleils.com\/fr\/wp-json\/wp\/v2\/comments?post=4232"}],"version-history":[{"count":34,"href":"https:\/\/www.domaine-2soleils.com\/fr\/wp-json\/wp\/v2\/pages\/4232\/revisions"}],"predecessor-version":[{"id":556178,"href":"https:\/\/www.domaine-2soleils.com\/fr\/wp-json\/wp\/v2\/pages\/4232\/revisions\/556178"}],"wp:attachment":[{"href":"https:\/\/www.domaine-2soleils.com\/fr\/wp-json\/wp\/v2\/media?parent=4232"}],"curies":[{"name":"wp","href":"https:\/\/api.w.org\/{rel}","templated":true}]}}