{"id":4862,"date":"2023-04-20T09:11:07","date_gmt":"2023-04-20T07:11:07","guid":{"rendered":"https:\/\/www.domaine-2soleils.com\/carte-des-campings\/"},"modified":"2025-09-23T11:33:33","modified_gmt":"2025-09-23T09:33:33","slug":"carte-des-campings","status":"publish","type":"page","link":"https:\/\/www.domaine-2soleils.com\/de\/carte-des-campings\/","title":{"rendered":"Verbringen Sie einen Traumurlaub in Frankreich auf einem der Campingpl\u00e4tze der hochwertigen Freilufthotelgruppe Ciela Village"},"content":{"rendered":"\n<p>Erleben Sie einen ma\u00dfgeschneiderten Familienurlaub auf einem Campingplatz der Freilufthotelgruppe Ciela Village in Frankreich!<\/p>\n\n\n\n<p>W\u00e4hlen Sie ganz einfach Ihr Traumziel aus den sch\u00f6nsten Regionen Frankreichs aus: Verdon, Ard\u00e8che, Landes, Vaucluse und mehr! Sie werden w\u00e4hrend Ihres Aufenthalts die malerische Umgebung unserer Campingpl\u00e4tze zu sch\u00e4tzen wissen, die es Ihnen erm\u00f6glicht, Natur und Komfort w\u00e4hrend Ihres Campingurlaubs miteinander zu verbinden!<\/p>\n\n\n\n<p>Neben der au\u00dfergew\u00f6hnlichen Umgebung bieten unsere Sterne-Campingpl\u00e4tze eine breite Palette an zus\u00e4tzlichen Dienstleistungen sowie zahlreiche Animationen und Freizeitaktivit\u00e4ten im Bereich Sport, Wasser und Unterhaltung f\u00fcr alle Altersgruppen. Dies ist das Geheimnis eines gelungenen Campingurlaubs!<\/p>\n\n\n\n<p>Die Auswahl des Campingplatzes, auf dem Sie Ihren zuk\u00fcnftigen Urlaub verbringen werden, ist ganz einfach. Finden Sie alle Informationen auf unserer <a href=\"https:\/\/cielavillage.fr\/de\/\" target=\"_blank\" rel=\"noreferrer noopener\"><u>Ciela Village-Website<\/u><\/a>.<\/p>\n\n\n\n<h2 class=\"wp-block-heading\">Unsere Campingpl\u00e4tze in Frankreich<\/h2>\n","protected":false},"excerpt":{"rendered":"<p>Erleben Sie einen ma\u00dfgeschneiderten Familienurlaub auf einem Campingplatz der Freilufthotelgruppe Ciela Village in Frankreich! W\u00e4hlen Sie ganz einfach Ihr Traumziel aus den sch\u00f6nsten Regionen Frankreichs aus: Verdon, Ard\u00e8che, Landes, Vaucluse und mehr! Sie werden w\u00e4hrend Ihres Aufenthalts die malerische Umgebung unserer Campingpl\u00e4tze zu sch\u00e4tzen wissen, die es Ihnen erm\u00f6glicht, Natur und Komfort w\u00e4hrend Ihres Campingurlaubs [&hellip;]<\/p>\n","protected":false},"author":1,"featured_media":0,"parent":0,"menu_order":0,"comment_status":"closed","ping_status":"closed","template":"templates\/template-carte.php","meta":{"_acf_changed":false,"footnotes":""},"class_list":["post-4862","page","type-page","status-publish","hentry"],"acf":[],"yoast_head":"<!-- This site is optimized with the Yoast SEO plugin v27.3 - https:\/\/yoast.com\/product\/yoast-seo-wordpress\/ -->\n<title>Karte der Campingpl\u00e4tze \u2013 Camping Les 2 Soleils Hautes-Alpes<\/title>\n<meta name=\"robots\" content=\"index, follow, max-snippet:-1, max-image-preview:large, max-video-preview:-1\" \/>\n<link rel=\"canonical\" href=\"https:\/\/www.domaine-2soleils.com\/de\/carte-des-campings\/\" \/>\n<meta property=\"og:locale\" content=\"de_DE\" \/>\n<meta property=\"og:type\" content=\"article\" \/>\n<meta property=\"og:title\" content=\"Karte der Campingpl\u00e4tze \u2013 Camping Les 2 Soleils Hautes-Alpes\" \/>\n<meta property=\"og:description\" content=\"Erleben Sie einen ma\u00dfgeschneiderten Familienurlaub auf einem Campingplatz der Freilufthotelgruppe Ciela Village in Frankreich! W\u00e4hlen Sie ganz einfach Ihr Traumziel aus den sch\u00f6nsten Regionen Frankreichs aus: Verdon, Ard\u00e8che, Landes, Vaucluse und mehr! Sie werden w\u00e4hrend Ihres Aufenthalts die malerische Umgebung unserer Campingpl\u00e4tze zu sch\u00e4tzen wissen, die es Ihnen erm\u00f6glicht, Natur und Komfort w\u00e4hrend Ihres Campingurlaubs [&hellip;]\" \/>\n<meta property=\"og:url\" content=\"https:\/\/www.domaine-2soleils.com\/de\/carte-des-campings\/\" \/>\n<meta property=\"og:site_name\" content=\"Domaine des 2 soleils\" \/>\n<meta property=\"article:modified_time\" content=\"2025-09-23T09:33:33+00:00\" \/>\n<meta name=\"twitter:card\" content=\"summary_large_image\" \/>\n<meta name=\"twitter:label1\" content=\"Gesch\u00e4tzte Lesezeit\" \/>\n\t<meta name=\"twitter:data1\" content=\"1\u00a0Minute\" \/>\n<script type=\"application\/ld+json\" class=\"yoast-schema-graph\">{\"@context\":\"https:\\\/\\\/schema.org\",\"@graph\":[{\"@type\":\"WebPage\",\"@id\":\"https:\\\/\\\/www.domaine-2soleils.com\\\/de\\\/carte-des-campings\\\/\",\"url\":\"https:\\\/\\\/www.domaine-2soleils.com\\\/de\\\/carte-des-campings\\\/\",\"name\":\"Karte der Campingpl\u00e4tze \u2013 Camping Les 2 Soleils Hautes-Alpes\",\"isPartOf\":{\"@id\":\"https:\\\/\\\/www.domaine-2soleils.com\\\/de\\\/#website\"},\"datePublished\":\"2023-04-20T07:11:07+00:00\",\"dateModified\":\"2025-09-23T09:33:33+00:00\",\"breadcrumb\":{\"@id\":\"https:\\\/\\\/www.domaine-2soleils.com\\\/de\\\/carte-des-campings\\\/#breadcrumb\"},\"inLanguage\":\"de\",\"potentialAction\":[{\"@type\":\"ReadAction\",\"target\":[\"https:\\\/\\\/www.domaine-2soleils.com\\\/de\\\/carte-des-campings\\\/\"]}]},{\"@type\":\"BreadcrumbList\",\"@id\":\"https:\\\/\\\/www.domaine-2soleils.com\\\/de\\\/carte-des-campings\\\/#breadcrumb\",\"itemListElement\":[{\"@type\":\"ListItem\",\"position\":1,\"name\":\"Camping Hautes-Alpes\",\"item\":\"https:\\\/\\\/www.domaine-2soleils.com\\\/de\\\/\"},{\"@type\":\"ListItem\",\"position\":2,\"name\":\"Verbringen Sie einen Traumurlaub in Frankreich auf einem der Campingpl\u00e4tze der hochwertigen Freilufthotelgruppe Ciela Village\"}]},{\"@type\":\"WebSite\",\"@id\":\"https:\\\/\\\/www.domaine-2soleils.com\\\/de\\\/#website\",\"url\":\"https:\\\/\\\/www.domaine-2soleils.com\\\/de\\\/\",\"name\":\"Domaine des 2 soleils\",\"description\":\"\",\"potentialAction\":[{\"@type\":\"SearchAction\",\"target\":{\"@type\":\"EntryPoint\",\"urlTemplate\":\"https:\\\/\\\/www.domaine-2soleils.com\\\/de\\\/?s={search_term_string}\"},\"query-input\":{\"@type\":\"PropertyValueSpecification\",\"valueRequired\":true,\"valueName\":\"search_term_string\"}}],\"inLanguage\":\"de\"}]}<\/script>\n<!-- \/ Yoast SEO plugin. -->","yoast_head_json":{"title":"Karte der Campingpl\u00e4tze \u2013 Camping Les 2 Soleils Hautes-Alpes","robots":{"index":"index","follow":"follow","max-snippet":"max-snippet:-1","max-image-preview":"max-image-preview:large","max-video-preview":"max-video-preview:-1"},"canonical":"https:\/\/www.domaine-2soleils.com\/de\/carte-des-campings\/","og_locale":"de_DE","og_type":"article","og_title":"Karte der Campingpl\u00e4tze \u2013 Camping Les 2 Soleils Hautes-Alpes","og_description":"Erleben Sie einen ma\u00dfgeschneiderten Familienurlaub auf einem Campingplatz der Freilufthotelgruppe Ciela Village in Frankreich! W\u00e4hlen Sie ganz einfach Ihr Traumziel aus den sch\u00f6nsten Regionen Frankreichs aus: Verdon, Ard\u00e8che, Landes, Vaucluse und mehr! Sie werden w\u00e4hrend Ihres Aufenthalts die malerische Umgebung unserer Campingpl\u00e4tze zu sch\u00e4tzen wissen, die es Ihnen erm\u00f6glicht, Natur und Komfort w\u00e4hrend Ihres Campingurlaubs [&hellip;]","og_url":"https:\/\/www.domaine-2soleils.com\/de\/carte-des-campings\/","og_site_name":"Domaine des 2 soleils","article_modified_time":"2025-09-23T09:33:33+00:00","twitter_card":"summary_large_image","twitter_misc":{"Gesch\u00e4tzte Lesezeit":"1\u00a0Minute"},"schema":{"@context":"https:\/\/schema.org","@graph":[{"@type":"WebPage","@id":"https:\/\/www.domaine-2soleils.com\/de\/carte-des-campings\/","url":"https:\/\/www.domaine-2soleils.com\/de\/carte-des-campings\/","name":"Karte der Campingpl\u00e4tze \u2013 Camping Les 2 Soleils Hautes-Alpes","isPartOf":{"@id":"https:\/\/www.domaine-2soleils.com\/de\/#website"},"datePublished":"2023-04-20T07:11:07+00:00","dateModified":"2025-09-23T09:33:33+00:00","breadcrumb":{"@id":"https:\/\/www.domaine-2soleils.com\/de\/carte-des-campings\/#breadcrumb"},"inLanguage":"de","potentialAction":[{"@type":"ReadAction","target":["https:\/\/www.domaine-2soleils.com\/de\/carte-des-campings\/"]}]},{"@type":"BreadcrumbList","@id":"https:\/\/www.domaine-2soleils.com\/de\/carte-des-campings\/#breadcrumb","itemListElement":[{"@type":"ListItem","position":1,"name":"Camping Hautes-Alpes","item":"https:\/\/www.domaine-2soleils.com\/de\/"},{"@type":"ListItem","position":2,"name":"Verbringen Sie einen Traumurlaub in Frankreich auf einem der Campingpl\u00e4tze der hochwertigen Freilufthotelgruppe Ciela Village"}]},{"@type":"WebSite","@id":"https:\/\/www.domaine-2soleils.com\/de\/#website","url":"https:\/\/www.domaine-2soleils.com\/de\/","name":"Domaine des 2 soleils","description":"","potentialAction":[{"@type":"SearchAction","target":{"@type":"EntryPoint","urlTemplate":"https:\/\/www.domaine-2soleils.com\/de\/?s={search_term_string}"},"query-input":{"@type":"PropertyValueSpecification","valueRequired":true,"valueName":"search_term_string"}}],"inLanguage":"de"}]}},"_links":{"self":[{"href":"https:\/\/www.domaine-2soleils.com\/de\/wp-json\/wp\/v2\/pages\/4862","targetHints":{"allow":["GET"]}}],"collection":[{"href":"https:\/\/www.domaine-2soleils.com\/de\/wp-json\/wp\/v2\/pages"}],"about":[{"href":"https:\/\/www.domaine-2soleils.com\/de\/wp-json\/wp\/v2\/types\/page"}],"author":[{"embeddable":true,"href":"https:\/\/www.domaine-2soleils.com\/de\/wp-json\/wp\/v2\/users\/1"}],"replies":[{"embeddable":true,"href":"https:\/\/www.domaine-2soleils.com\/de\/wp-json\/wp\/v2\/comments?post=4862"}],"version-history":[{"count":15,"href":"https:\/\/www.domaine-2soleils.com\/de\/wp-json\/wp\/v2\/pages\/4862\/revisions"}],"predecessor-version":[{"id":351153,"href":"https:\/\/www.domaine-2soleils.com\/de\/wp-json\/wp\/v2\/pages\/4862\/revisions\/351153"}],"wp:attachment":[{"href":"https:\/\/www.domaine-2soleils.com\/de\/wp-json\/wp\/v2\/media?parent=4862"}],"curies":[{"name":"wp","href":"https:\/\/api.w.org\/{rel}","templated":true}]}}