{"id":4858,"date":"2023-04-19T18:29:09","date_gmt":"2023-04-19T16:29:09","guid":{"rendered":"https:\/\/www.domaine-2soleils.com\/location-insolite-hautes-alpes\/"},"modified":"2025-10-29T09:52:42","modified_gmt":"2025-10-29T08:52:42","slug":"ungewoehnliche-vermietung-hautes-alpes","status":"publish","type":"page","link":"https:\/\/www.domaine-2soleils.com\/de\/ungewoehnliche-vermietung-hautes-alpes\/","title":{"rendered":"Ungew\u00f6hnliche Urlaubsunterk\u00fcnfte in den Hautes-Alpes"},"content":{"rendered":"\n<div class=\"wp-block-yootheme-widgetkit\">\n<div class=\" \" uk-slider=\"sets: true\">\n\n    \n    <div class=\"uk-position-relative uk-visible-toggle uk-margin\">\n\n        <ul class=\"uk-slider-items uk-grid uk-grid-match uk-child-width-1-1 uk-child-width-1-2@s uk-child-width-1-4@m uk-grid-small\">\n        \n            <li >\n\n                <div class=\"uk-panel uk-text-center\">\n\n                    \n                    \n                                        <div class=\"uk-text-center uk-margin uk-margin-remove-top\"><img decoding=\"async\" src=\"\/wp-content\/plugins\/widgetkit\/cache\/128-Camping-Location-mobil-home-Hautes-Alpes-Ciela-Nature-2ch-4p-Les-Deux-Soleils-Ciela-Village-b92da7272f62ae920cbc9e0de386e87c.jpg\" class=\" uk-transition-scale-up uk-transition-opaque\" alt=\"nuit insolite hautes-alpes\" width=\"500\" height=\"400\"><\/div>\n                    \n                    \n                        \n                        \n                        \n                        \n                        \n                        \n                        \n                    \n                <\/div>\n\n            <\/li>\n\n        \n            <li >\n\n                <div class=\"uk-panel uk-text-center\">\n\n                    \n                    \n                                        <div class=\"uk-text-center uk-margin uk-margin-remove-top\"><img decoding=\"async\" src=\"\/wp-content\/plugins\/widgetkit\/cache\/232-Camping-Hautes-Alpes-Logement-Insolite-DK-Bane-D-Tente-1ch-2p-Les-Deux-Soleils-Ciela-Village-26d8c0a0bbf845280fd4add48d9903e4.jpg\" class=\" uk-transition-scale-up uk-transition-opaque\" alt=\"h\u00e9bergement insolite hautes-alpes\" width=\"500\" height=\"400\"><\/div>\n                    \n                    \n                        \n                        \n                        \n                        \n                        \n                        \n                        \n                    \n                <\/div>\n\n            <\/li>\n\n        \n            <li >\n\n                <div class=\"uk-panel uk-text-center\">\n\n                    \n                    \n                                        <div class=\"uk-text-center uk-margin uk-margin-remove-top\"><img decoding=\"async\" src=\"\/wp-content\/plugins\/widgetkit\/cache\/144-Camping-Hautes-Alpes-Logement-Insolite-Ciela-Nature-2ch-4p-Les-Deux-Soleils-Ciela-Village-c1bffb529f9f67d439220fb622730490.jpg\" class=\" uk-transition-scale-up uk-transition-opaque\" alt=\"logement insolite hautes-alpes\" width=\"500\" height=\"400\"><\/div>\n                    \n                    \n                        \n                        \n                        \n                        \n                        \n                        \n                        \n                    \n                <\/div>\n\n            <\/li>\n\n        \n            <li >\n\n                <div class=\"uk-panel uk-text-center\">\n\n                    \n                    \n                                        <div class=\"uk-text-center uk-margin uk-margin-remove-top\"><img decoding=\"async\" src=\"\/wp-content\/plugins\/widgetkit\/cache\/249-Camping-Hautes-Alpes-Logement-Insolite-DK-Bane-D-Tente-1ch-2p-Les-Deux-Soleils-Ciela-Village-d52a1ae71f595eb90249b5caefe9315f.jpg\" class=\" uk-transition-scale-up uk-transition-opaque\" alt=\"glamping hautes alpes\" width=\"500\" height=\"400\"><\/div>\n                    \n                    \n                        \n                        \n                        \n                        \n                        \n                        \n                        \n                    \n                <\/div>\n\n            <\/li>\n\n                <\/ul>\n\n        \n            \n                \n                    <a href=\"#\" class=\"uk-position-center-left uk-position-small uk-hidden-hover\" uk-slidenav-previous uk-slider-item=\"previous\"><\/a>\n                    <a href=\"#\" class=\"uk-position-center-right uk-position-small uk-hidden-hover\" uk-slidenav-next uk-slider-item=\"next\"><\/a>\n\n                \n            \n        \n    <\/div>\n\n    \n        <ul class=\"uk-slider-nav uk-dotnav uk-flex-center uk-margin-remove-bottom\"><\/ul>\n    \n    \n<\/div>\n<\/div>\n\n\n\n<p>Sie haben Lust auf eine Auszeit fernab vom Alltag w\u00e4hrend Ihren n\u00e4chsten Campingurlaubs in der Region Provence-Alpes-C\u00f4te-d&#8217;Azur? Sie m\u00f6chten nicht unbedingt ein Mobilheim mieten, sondern w\u00fcnschen sich eine etwas ungew\u00f6hnlichere Unterkunft in Hautes-Alpes f\u00fcr Ihren n\u00e4chsten Urlaub? Auf dem Campingplatz Domaine Les 2 Soleils in Serres k\u00f6nnen Sie H\u00fctten, Zelte und originelle Unterk\u00fcnfte mieten, um einen Aufenthalt in einer gem\u00fctlichen, nat\u00fcrlichen Umgebung zu verbringen. Glamping-Fans werden unsere clever durchdachten Unterk\u00fcnfte zu g\u00fcnstigen Preisen zu sch\u00e4tzen wissen; sie sind perfekt ausgestattet und komfortabel gestaltet, damit Sie eine ungew\u00f6hnliche Nacht in den Hautes-Alpes am Fu\u00dfe der Berge erleben k\u00f6nnen.<\/p>\n\n\n\n<script>\nwindow.ctoutvert = {\nid: 2952,\nlang: 'DE',\nurl: 'https:\/\/bookingpremium.secureholiday.net\/widgets\/',\n};\n\n(function (w, d, s, ctv, r, js, fjs) {\nr=new XMLHttpRequest();r.open('GET',w[ctv].url+'js\/src.json');\nr.responseType='json';r.json=true;r.send();\nr.onload=function(){w[ctv].src=r.responseType=='json'?r.response:JSON.parse(r.response);\njs.src=w[ctv].src[0];fjs.parentNode.insertBefore(js, fjs);}\njs=d.createElement(s),fjs=d.getElementsByTagName(s)[0];\njs.id='ctvwidget';js.async=1;\n}(window, document, 'script', 'ctoutvert'));\n<\/script>\n\n<ctv-availability data-product-type='L'><\/ctv-availability>\n\n\n\n<h2 class=\"wp-block-heading\">Mieten Sie eine ungew\u00f6hnliche Unterkunft f\u00fcr Ihren Urlaub in Serres<\/h2>\n\n\n\n<p>Warum lieber eine&nbsp;<strong>originelle Unterkunft<\/strong>&nbsp;w\u00e4hlen als ein Mobilheim oder&nbsp;<a href=\"https:\/\/www.domaine-2soleils.com\/de\/vermietung-chalet-hautes-alpes\/\">ein Holzchalet<\/a>&nbsp;? F\u00fcr die Erfahrung nat\u00fcrlich! Sich f\u00fcr eine&nbsp;<strong>au\u00dfergew\u00f6hnliche Unterkunft<\/strong>&nbsp;zu entscheiden, bedeutet, sich ein&nbsp;<strong>anderes, originelles und magisches Campingerlebnis<\/strong>&nbsp;in unserem eigenen Park zu g\u00f6nnen. Der Campingplatz bietet originelle Zelte und H\u00fctten mit einer Holzstruktur zum Mieten an: die Lodge-Zelte Ciela Nature. <\/p>\n\n\n\n<p>Das Lodge-Zelt hat eine Fl\u00e4che von 37 m\u00b2 und eine Kapazit\u00e4t von 4 oder 5 Personen. Es ist komfortabel und verf\u00fcgt \u00fcber 2 Schlafzimmer, eine ausgestattete K\u00fcchenzeile und eine \u00fcberdachte Terrasse mit Gartenm\u00f6bel. <\/p>\n\n\n\n<p>Das <strong>Modell Ciela Nature 1 Zimmer <\/strong>ist eine&nbsp;<strong>au\u00dfergew\u00f6hnliche<\/strong> <strong>von unserem Campingplatz Hautes-Alpes-Unterkunft<\/strong>&nbsp;mit einer Kapazit\u00e4t von 2 Personen auf einer Fl\u00e4che von 20 m\u00b2, mit einem Schlafzimmer, einem K\u00fcchenbereich und Gartenm\u00f6beln auf einer wenige Meter hohen Terrasse, ein&nbsp;<strong>echtes H\u00e4uschen<\/strong>. Diese auf Holzpfeilern ruhende Terrasse ist wirklich das, was dieser Unterkunft ihren ganzen Charme und ihre Originalit\u00e4t verleiht und Ihnen ein einzigartiges Erlebnis garantiert, um eine ungew\u00f6hnliche Nacht in den Hautes-Alpes im Herzen der Natur zu verbringen. Es erm\u00f6glicht Ihnen, einen&nbsp;<strong>au\u00dfergew\u00f6hnlichen Blick auf die Umgebung<\/strong>&nbsp;\u00fcber den B\u00e4umen mit dem Berg im Hintergrund zu genie\u00dfen. Nachts k\u00f6nnen Sie den Sternenhimmel bewundern\u2026 Diese Zelte haben jedoch kein Badezimmer, denn es handelt sich tats\u00e4chlich um Camping!<\/p>\n\n\n\n<h2 class=\"wp-block-heading\">Ein glamping-urlaub in Serres <\/h2>\n\n\n\n<p><strong>Glamping<\/strong>&nbsp;(kurz f\u00fcr&nbsp;<strong>Glamour Camping<\/strong>) erfreut sich seit einigen Jahren gro\u00dfer Beliebtheit und bietet eine Alternative zum traditionellen Camping .&nbsp;<strong>komfortabler<\/strong>,&nbsp;<strong>naturnaher<\/strong>, Glamping findet in Unterk\u00fcnften im Herzen des Waldes statt, am Rande des Waldes einem See oder in den Bergen. Wenn Sie sich f\u00fcr eine&nbsp;<strong>au\u00dfergew\u00f6hnliche Unterkunft in den Hautes-Alpes<\/strong>&nbsp;auf dem Campingplatz Domaine Les 2 Soleils entscheiden, g\u00f6nnen Sie sich einen originellen Familienurlaub im Zeichen der Entspannung, einer&nbsp;<strong>cosy green stay<\/strong>, in unber\u00fchrter Natur.<\/p>\n\n\n\n<p>Von unserem Sterne-Campingplatz in Serres aus k\u00f6nnen Sie nicht nur die Hautes-Alpes entdecken, sondern auch Besuchen Sie in der gesamten Region Provence-Alpes-C\u00f4te d\u2019Azur den regionalen Naturpark der Baronnies Proven\u00e7ales und schwimmen Sie darin der Serre-Pon\u00e7on-See. Weitere Informationen zu unseren anderen Unterk\u00fcnften, wie unseren\u00a0<strong>Chalets,<\/strong>\u00a0unserer\u00a0<a href=\"https:\/\/www.domaine-2soleils.com\/de\/miete-mobilheim-hautes-alpes\/\">Mobilheime<\/a>\u00a0oder unser\u00a0<a href=\"https:\/\/www.domaine-2soleils.com\/de\/ungewoehnliche-vermietung-hautes-alpes\/\">Stellplatz<\/a>\u00a0und unsere Preise pro Person und Nacht, ein Wochenende oder eine Woche, oder um eine Reservierung vorzunehmen, z\u00f6gern Sie nicht, uns zu kontaktieren.<\/p>\n","protected":false},"excerpt":{"rendered":"<p>Sie haben Lust auf eine Auszeit fernab vom Alltag w\u00e4hrend Ihren n\u00e4chsten Campingurlaubs in der Region Provence-Alpes-C\u00f4te-d&#8217;Azur? Sie m\u00f6chten nicht unbedingt ein Mobilheim mieten, sondern w\u00fcnschen sich eine etwas ungew\u00f6hnlichere Unterkunft in Hautes-Alpes f\u00fcr Ihren n\u00e4chsten Urlaub? Auf dem Campingplatz Domaine Les 2 Soleils in Serres k\u00f6nnen Sie H\u00fctten, Zelte und originelle Unterk\u00fcnfte mieten, um [&hellip;]<\/p>\n","protected":false},"author":1,"featured_media":0,"parent":0,"menu_order":0,"comment_status":"closed","ping_status":"closed","template":"","meta":{"_acf_changed":false,"footnotes":""},"class_list":["post-4858","page","type-page","status-publish","hentry"],"acf":[],"yoast_head":"<!-- This site is optimized with the Yoast SEO plugin v27.3 - https:\/\/yoast.com\/product\/yoast-seo-wordpress\/ -->\n<title>Ungew\u00f6hnliche Nacht Hautes-Alpes: 3 ungew\u00f6hnliche Unterk\u00fcnfte in den Bergen<\/title>\n<meta name=\"description\" content=\"Am Fu\u00dfe der Berge, in Serres, entdecken Sie unsere 3 ungew\u00f6hnlichen Zelte f\u00fcr 2 bis 5 Personen.\" \/>\n<meta name=\"robots\" content=\"index, follow, max-snippet:-1, max-image-preview:large, max-video-preview:-1\" \/>\n<link rel=\"canonical\" href=\"https:\/\/www.domaine-2soleils.com\/de\/ungewoehnliche-vermietung-hautes-alpes\/\" \/>\n<meta property=\"og:locale\" content=\"de_DE\" \/>\n<meta property=\"og:type\" content=\"article\" \/>\n<meta property=\"og:title\" content=\"Ungew\u00f6hnliche Nacht Hautes-Alpes: 3 ungew\u00f6hnliche Unterk\u00fcnfte in den Bergen\" \/>\n<meta property=\"og:description\" content=\"Am Fu\u00dfe der Berge, in Serres, entdecken Sie unsere 3 ungew\u00f6hnlichen Zelte f\u00fcr 2 bis 5 Personen.\" \/>\n<meta property=\"og:url\" content=\"https:\/\/www.domaine-2soleils.com\/de\/ungewoehnliche-vermietung-hautes-alpes\/\" \/>\n<meta property=\"og:site_name\" content=\"Domaine des 2 soleils\" \/>\n<meta property=\"article:modified_time\" content=\"2025-10-29T08:52:42+00:00\" \/>\n<meta name=\"twitter:card\" content=\"summary_large_image\" \/>\n<meta name=\"twitter:label1\" content=\"Gesch\u00e4tzte Lesezeit\" \/>\n\t<meta name=\"twitter:data1\" content=\"3\u00a0Minuten\" \/>\n<script type=\"application\/ld+json\" class=\"yoast-schema-graph\">{\"@context\":\"https:\\\/\\\/schema.org\",\"@graph\":[{\"@type\":\"WebPage\",\"@id\":\"https:\\\/\\\/www.domaine-2soleils.com\\\/de\\\/ungewoehnliche-vermietung-hautes-alpes\\\/\",\"url\":\"https:\\\/\\\/www.domaine-2soleils.com\\\/de\\\/ungewoehnliche-vermietung-hautes-alpes\\\/\",\"name\":\"Ungew\u00f6hnliche Nacht Hautes-Alpes: 3 ungew\u00f6hnliche Unterk\u00fcnfte in den Bergen\",\"isPartOf\":{\"@id\":\"https:\\\/\\\/www.domaine-2soleils.com\\\/de\\\/#website\"},\"datePublished\":\"2023-04-19T16:29:09+00:00\",\"dateModified\":\"2025-10-29T08:52:42+00:00\",\"description\":\"Am Fu\u00dfe der Berge, in Serres, entdecken Sie unsere 3 ungew\u00f6hnlichen Zelte f\u00fcr 2 bis 5 Personen.\",\"breadcrumb\":{\"@id\":\"https:\\\/\\\/www.domaine-2soleils.com\\\/de\\\/ungewoehnliche-vermietung-hautes-alpes\\\/#breadcrumb\"},\"inLanguage\":\"de\",\"potentialAction\":[{\"@type\":\"ReadAction\",\"target\":[\"https:\\\/\\\/www.domaine-2soleils.com\\\/de\\\/ungewoehnliche-vermietung-hautes-alpes\\\/\"]}]},{\"@type\":\"BreadcrumbList\",\"@id\":\"https:\\\/\\\/www.domaine-2soleils.com\\\/de\\\/ungewoehnliche-vermietung-hautes-alpes\\\/#breadcrumb\",\"itemListElement\":[{\"@type\":\"ListItem\",\"position\":1,\"name\":\"Camping Hautes-Alpes\",\"item\":\"https:\\\/\\\/www.domaine-2soleils.com\\\/de\\\/\"},{\"@type\":\"ListItem\",\"position\":2,\"name\":\"Ungew\u00f6hnliche Urlaubsunterk\u00fcnfte in den Hautes-Alpes\"}]},{\"@type\":\"WebSite\",\"@id\":\"https:\\\/\\\/www.domaine-2soleils.com\\\/de\\\/#website\",\"url\":\"https:\\\/\\\/www.domaine-2soleils.com\\\/de\\\/\",\"name\":\"Domaine des 2 soleils\",\"description\":\"\",\"potentialAction\":[{\"@type\":\"SearchAction\",\"target\":{\"@type\":\"EntryPoint\",\"urlTemplate\":\"https:\\\/\\\/www.domaine-2soleils.com\\\/de\\\/?s={search_term_string}\"},\"query-input\":{\"@type\":\"PropertyValueSpecification\",\"valueRequired\":true,\"valueName\":\"search_term_string\"}}],\"inLanguage\":\"de\"}]}<\/script>\n<!-- \/ Yoast SEO plugin. -->","yoast_head_json":{"title":"Ungew\u00f6hnliche Nacht Hautes-Alpes: 3 ungew\u00f6hnliche Unterk\u00fcnfte in den Bergen","description":"Am Fu\u00dfe der Berge, in Serres, entdecken Sie unsere 3 ungew\u00f6hnlichen Zelte f\u00fcr 2 bis 5 Personen.","robots":{"index":"index","follow":"follow","max-snippet":"max-snippet:-1","max-image-preview":"max-image-preview:large","max-video-preview":"max-video-preview:-1"},"canonical":"https:\/\/www.domaine-2soleils.com\/de\/ungewoehnliche-vermietung-hautes-alpes\/","og_locale":"de_DE","og_type":"article","og_title":"Ungew\u00f6hnliche Nacht Hautes-Alpes: 3 ungew\u00f6hnliche Unterk\u00fcnfte in den Bergen","og_description":"Am Fu\u00dfe der Berge, in Serres, entdecken Sie unsere 3 ungew\u00f6hnlichen Zelte f\u00fcr 2 bis 5 Personen.","og_url":"https:\/\/www.domaine-2soleils.com\/de\/ungewoehnliche-vermietung-hautes-alpes\/","og_site_name":"Domaine des 2 soleils","article_modified_time":"2025-10-29T08:52:42+00:00","twitter_card":"summary_large_image","twitter_misc":{"Gesch\u00e4tzte Lesezeit":"3\u00a0Minuten"},"schema":{"@context":"https:\/\/schema.org","@graph":[{"@type":"WebPage","@id":"https:\/\/www.domaine-2soleils.com\/de\/ungewoehnliche-vermietung-hautes-alpes\/","url":"https:\/\/www.domaine-2soleils.com\/de\/ungewoehnliche-vermietung-hautes-alpes\/","name":"Ungew\u00f6hnliche Nacht Hautes-Alpes: 3 ungew\u00f6hnliche Unterk\u00fcnfte in den Bergen","isPartOf":{"@id":"https:\/\/www.domaine-2soleils.com\/de\/#website"},"datePublished":"2023-04-19T16:29:09+00:00","dateModified":"2025-10-29T08:52:42+00:00","description":"Am Fu\u00dfe der Berge, in Serres, entdecken Sie unsere 3 ungew\u00f6hnlichen Zelte f\u00fcr 2 bis 5 Personen.","breadcrumb":{"@id":"https:\/\/www.domaine-2soleils.com\/de\/ungewoehnliche-vermietung-hautes-alpes\/#breadcrumb"},"inLanguage":"de","potentialAction":[{"@type":"ReadAction","target":["https:\/\/www.domaine-2soleils.com\/de\/ungewoehnliche-vermietung-hautes-alpes\/"]}]},{"@type":"BreadcrumbList","@id":"https:\/\/www.domaine-2soleils.com\/de\/ungewoehnliche-vermietung-hautes-alpes\/#breadcrumb","itemListElement":[{"@type":"ListItem","position":1,"name":"Camping Hautes-Alpes","item":"https:\/\/www.domaine-2soleils.com\/de\/"},{"@type":"ListItem","position":2,"name":"Ungew\u00f6hnliche Urlaubsunterk\u00fcnfte in den Hautes-Alpes"}]},{"@type":"WebSite","@id":"https:\/\/www.domaine-2soleils.com\/de\/#website","url":"https:\/\/www.domaine-2soleils.com\/de\/","name":"Domaine des 2 soleils","description":"","potentialAction":[{"@type":"SearchAction","target":{"@type":"EntryPoint","urlTemplate":"https:\/\/www.domaine-2soleils.com\/de\/?s={search_term_string}"},"query-input":{"@type":"PropertyValueSpecification","valueRequired":true,"valueName":"search_term_string"}}],"inLanguage":"de"}]}},"_links":{"self":[{"href":"https:\/\/www.domaine-2soleils.com\/de\/wp-json\/wp\/v2\/pages\/4858","targetHints":{"allow":["GET"]}}],"collection":[{"href":"https:\/\/www.domaine-2soleils.com\/de\/wp-json\/wp\/v2\/pages"}],"about":[{"href":"https:\/\/www.domaine-2soleils.com\/de\/wp-json\/wp\/v2\/types\/page"}],"author":[{"embeddable":true,"href":"https:\/\/www.domaine-2soleils.com\/de\/wp-json\/wp\/v2\/users\/1"}],"replies":[{"embeddable":true,"href":"https:\/\/www.domaine-2soleils.com\/de\/wp-json\/wp\/v2\/comments?post=4858"}],"version-history":[{"count":4,"href":"https:\/\/www.domaine-2soleils.com\/de\/wp-json\/wp\/v2\/pages\/4858\/revisions"}],"predecessor-version":[{"id":415799,"href":"https:\/\/www.domaine-2soleils.com\/de\/wp-json\/wp\/v2\/pages\/4858\/revisions\/415799"}],"wp:attachment":[{"href":"https:\/\/www.domaine-2soleils.com\/de\/wp-json\/wp\/v2\/media?parent=4858"}],"curies":[{"name":"wp","href":"https:\/\/api.w.org\/{rel}","templated":true}]}}