{"id":4781,"date":"2023-04-20T14:10:07","date_gmt":"2023-04-20T12:10:07","guid":{"rendered":"https:\/\/www.domaine-2soleils.com\/avoir-afaire-paca\/"},"modified":"2023-05-05T11:27:28","modified_gmt":"2023-05-05T09:27:28","slug":"aktivitaeten-in-der-umgebung-paca","status":"publish","type":"page","link":"https:\/\/www.domaine-2soleils.com\/de\/aktivitaeten-in-der-umgebung-paca\/","title":{"rendered":"Urlaub in Provence-Alpes-C\u00f4te-d&#8217;Azur: Aktivit\u00e4ten \u00a0zut un zu sehen in Serres"},"content":{"rendered":"\n<p>Am Campingplatz Les 2 Soleils zu kommen, ist gleichzusetzen mit dem Entdecken einer Vielzahl an Aktivit\u00e4ten, vom farniente, \u00fcber Sport, die Unumg\u00e4nglichen, ob alleine, in der Familie oder mit Freunden, es ist der Moment um neue Erfahrungen zu sammeln und sch\u00f6ne Erinnerungen im Herzen der Berge in der Provence-Alpes-C\u00f4te-d&#8217;Azur!<\/p>\n\n\n\n<div class=\"wp-block-yootheme-widgetkit\">\n<script type=\"widgetkit\/map\" data-id=\"wk-map6a048dd38b89c\" data-class=\" uk-preserve-width\" data-style=\"width:auto;height:600px;\">\n    {\"width\":\"auto\",\"height\":\"600\",\"maptypeid\":\"roadmap\",\"maptypecontrol\":false,\"mapctrl\":true,\"zoom\":\"10\",\"marker\":\"2\",\"marker_icon\":\"\\\/wp-content\\\/uploads\\\/graphisme\\\/icon-marker.svg\",\"markercluster\":false,\"popup_max_width\":300,\"zoomwheel\":false,\"draggable\":true,\"directions\":false,\"disabledefaultui\":false,\"styler_invert_lightness\":false,\"styler_hue\":\"\",\"styler_saturation\":\"-50\",\"styler_lightness\":0,\"styler_gamma\":0,\"media\":true,\"image_width\":\"auto\",\"image_height\":\"auto\",\"media_align\":\"top\",\"media_width\":\"1-2\",\"media_breakpoint\":\"m\",\"media_border\":\"none\",\"media_overlay\":\"icon\",\"overlay_animation\":\"fade\",\"media_animation\":\"scale-up\",\"title\":true,\"content\":true,\"social_buttons\":true,\"title_size\":\"h3\",\"title_element\":\"h3\",\"text_align\":\"left\",\"link\":true,\"link_style\":\"primary\",\"link_text\":\"Lire la suite\",\"link_target\":false,\"class\":\"\",\"markers\":[{\"lat\":44.53588598515118,\"lng\":6.061946223649364,\"icon\":\"\",\"title\":\"Guides des 2 Vall\\u00e9es\",\"content\":\"\\n<div class=\\\"uk-text-left\\\">\\n\\n        <div class=\\\"uk-margin uk-text-center\\\"><img src=\\\"\\\/wp-content\\\/uploads\\\/2023\\\/04\\\/activites-pres-du-camping-hautes-alpes-3.jpg\\\" class=\\\"uk-responsive-width  uk-transition-scale-up uk-transition-opaque\\\" alt=\\\"Guides des 2 Vall\\u00e9es\\\"><\\\/div>\\n    \\n    \\n        <h3 class=\\\"uk-h3 uk-margin-remove-top\\\">Guides des 2 Vall\\u00e9es<\\\/h3>\\n    \\n    \\n    \\n    \\n    \\n    \\n<\\\/div>\\n\"},{\"lat\":44.40771539634082,\"lng\":5.72575653176566,\"icon\":\"\",\"title\":\"Base de loisirs de la Germanette\",\"content\":\"\\n<div class=\\\"uk-text-left\\\">\\n\\n        <div class=\\\"uk-margin uk-text-center\\\"><img src=\\\"\\\/wp-content\\\/uploads\\\/2023\\\/04\\\/camping-Base-de-loisirs-de-la-Germanette-hautes-alpes.jpg\\\" class=\\\"uk-responsive-width  uk-transition-scale-up uk-transition-opaque\\\" alt=\\\"Base de loisirs de la Germanette\\\"><\\\/div>\\n    \\n    \\n        <h3 class=\\\"uk-h3 uk-margin-remove-top\\\">Base de loisirs de la Germanette<\\\/h3>\\n    \\n    \\n    \\n    \\n    \\n    \\n<\\\/div>\\n\"},{\"lat\":44.36547882800071,\"lng\":5.767562886129236,\"icon\":\"\",\"title\":\"Plan d\\u2019eau du Riou\",\"content\":\"\\n<div class=\\\"uk-text-left\\\">\\n\\n        <div class=\\\"uk-margin uk-text-center\\\"><img src=\\\"\\\/wp-content\\\/uploads\\\/2023\\\/04\\\/plan-deau-du-riou-hautes-alpes.jpg\\\" class=\\\"uk-responsive-width  uk-transition-scale-up uk-transition-opaque\\\" alt=\\\"Plan d\\u2019eau du Riou\\\"><\\\/div>\\n    \\n    \\n        <h3 class=\\\"uk-h3 uk-margin-remove-top\\\">Plan d\\u2019eau du Riou<\\\/h3>\\n    \\n    \\n    \\n    \\n    \\n    \\n<\\\/div>\\n\"},{\"lat\":44.3966908303859,\"lng\":6.487693262769348,\"icon\":\"\",\"title\":\"Allo Rafting Ubaye\",\"content\":\"\\n<div class=\\\"uk-text-left\\\">\\n\\n        <div class=\\\"uk-margin uk-text-center\\\"><img src=\\\"\\\/wp-content\\\/uploads\\\/2023\\\/04\\\/activites-hautes-alpes-3.jpg\\\" class=\\\"uk-responsive-width  uk-transition-scale-up uk-transition-opaque\\\" alt=\\\"Allo Rafting Ubaye\\\"><\\\/div>\\n    \\n    \\n        <h3 class=\\\"uk-h3 uk-margin-remove-top\\\">Allo Rafting Ubaye<\\\/h3>\\n    \\n    \\n    \\n    \\n    \\n    \\n<\\\/div>\\n\"},{\"lat\":44.34066118655501,\"lng\":5.756108641530191,\"icon\":\"\",\"title\":\"Les Chevaux de Lagrand\",\"content\":\"\\n<div class=\\\"uk-text-left\\\">\\n\\n        <div class=\\\"uk-margin uk-text-center\\\"><img src=\\\"\\\/wp-content\\\/uploads\\\/2023\\\/04\\\/Balade-a-cheval.jpg\\\" class=\\\"uk-responsive-width  uk-transition-scale-up uk-transition-opaque\\\" alt=\\\"Les Chevaux de Lagrand\\\"><\\\/div>\\n    \\n    \\n        <h3 class=\\\"uk-h3 uk-margin-remove-top\\\">Les Chevaux de Lagrand<\\\/h3>\\n    \\n    \\n    \\n    \\n    \\n    \\n<\\\/div>\\n\"},{\"lat\":44.42982693027411,\"lng\":5.718004856609405,\"icon\":\"\",\"title\":\"Sp\\u00e9l\\u00e9ologie Hautes-Alpes\",\"content\":\"\\n<div class=\\\"uk-text-left\\\">\\n\\n        <div class=\\\"uk-margin uk-text-center\\\"><img src=\\\"\\\/wp-content\\\/uploads\\\/2023\\\/10\\\/speleologie-camping-serres-hautes-alpes.jpg\\\" class=\\\"uk-responsive-width  uk-transition-scale-up uk-transition-opaque\\\" alt=\\\"Sp\\u00e9l\\u00e9ologie Hautes-Alpes\\\"><\\\/div>\\n    \\n    \\n        <h3 class=\\\"uk-h3 uk-margin-remove-top\\\">Sp\\u00e9l\\u00e9ologie Hautes-Alpes<\\\/h3>\\n    \\n    \\n    \\n    \\n    \\n    \\n<\\\/div>\\n\"}],\"directionsText\":\"Get Directions\"}<\/script>\n<\/div>\n\n\n\n<h2 class=\"wp-block-heading\">Wassersport in der Region PACA<\/h2>\n\n\n\n<p>Genie\u00dfen Sie mit Ihrer Familie jede Menge Badespa\u00df in der <strong>Freizeitanlage La Germanette<\/strong>! <strong><\/strong><\/p>\n\n\n\n<p>Die Freizeitbasis der Germanette erm\u00f6glicht es Ihnen, w\u00e4hrend Ihres Aufenthalts alle Freuden rund ums Wasser zu genie\u00dfen, aber nicht nur ein Bereich des Gew\u00e4ssers ist ganz dem Angeln im S\u00fc\u00dfwasser und das ganze Jahr \u00fcber gewidmet. Der Badesee des Riou, nur 10 Minuten vom Campingplatz gelegen, zwischen Eyguians und Saint-Genis, wird Naturliebhaber verzaubern. Der See l\u00e4dt Sie den ganzen Sommer \u00fcber zum Schwimmen und Wassersport ein.<\/p>\n\n\n\n<h2 class=\"wp-block-heading\">Die unumg\u00e4nglichen&nbsp;: &nbsp;Gorges de la M\u00e9ouge<\/h2>\n\n\n\n<p><a href=\"https:\/\/www.sisteron-buech.fr\/de\/ich-liebe-die-provence\/ich-besuche-6-wunder\/gorges-meouge\" target=\"_blank\" rel=\"noreferrer noopener\">Die Gorges de la M\u00e9ouge<\/a>&nbsp;sind einfach wundersch\u00f6n und als Natura 2000-Gebiet klassifiziert. Die Gorges befinden sich 25 Minuten vom Campingplatz entfernt im Herzen des Naturparks Baronnies Proven\u00e7ales.<br>Das t\u00fcrkisfarbene Wasser, das als Wunder der Hautes-Alpes bezeichnet wird, ist ein Paradies f\u00fcr Liebhaber des farniente am Wasser.<\/p>\n\n\n\n<p>Diese Seite bietet auch Wandertouren, ganz nach Ihrem Niveau und Ihren W\u00fcnschen, an.<\/p>\n\n\n\n<div class=\"wp-block-yootheme-widgetkit\">\n<div class=\" \" uk-slider=\"sets: true\">\n\n    \n    <div class=\"uk-position-relative uk-visible-toggle uk-margin\">\n\n        <ul class=\"uk-slider-items uk-grid uk-grid-match uk-child-width-1-1 uk-child-width-1-2@s uk-child-width-1-4@m uk-grid-small\">\n        \n            <li >\n\n                <div class=\"uk-panel uk-text-center\">\n\n                    \n                    \n                                        <div class=\"uk-text-center uk-margin uk-margin-remove-top\"><img decoding=\"async\" src=\"\/wp-content\/plugins\/widgetkit\/cache\/activites-hautes-alpes2-6e586a98a11c86252950820ada22de37.jpg\" class=\" uk-transition-scale-up uk-transition-opaque\" alt=\"Camping Hautes Alpes serres\" width=\"500\" height=\"400\"><\/div>\n                    \n                    \n                        \n                        \n                        \n                        \n                        \n                        \n                        \n                    \n                <\/div>\n\n            <\/li>\n\n        \n            <li >\n\n                <div class=\"uk-panel uk-text-center\">\n\n                    \n                    \n                                        <div class=\"uk-text-center uk-margin uk-margin-remove-top\"><img decoding=\"async\" src=\"\/wp-content\/plugins\/widgetkit\/cache\/activites-hautes-alpes-d413395c57842e252cee9c76272f5ad2.jpg\" class=\" uk-transition-scale-up uk-transition-opaque\" alt=\"Camping Hautes Alpes serres\" width=\"500\" height=\"400\"><\/div>\n                    \n                    \n                        \n                        \n                        \n                        \n                        \n                        \n                        \n                    \n                <\/div>\n\n            <\/li>\n\n        \n            <li >\n\n                <div class=\"uk-panel uk-text-center\">\n\n                    \n                    \n                                        <div class=\"uk-text-center uk-margin uk-margin-remove-top\"><img decoding=\"async\" src=\"\/wp-content\/plugins\/widgetkit\/cache\/activites-hautes-alpes-2-caea7f26b36edbcab80cd6a49d901a0a.jpg\" class=\" uk-transition-scale-up uk-transition-opaque\" alt=\"Camping Hautes Alpes randon\u00e9e v\u00e9lo\" width=\"500\" height=\"400\"><\/div>\n                    \n                    \n                        \n                        \n                        \n                        \n                        \n                        \n                        \n                    \n                <\/div>\n\n            <\/li>\n\n        \n            <li >\n\n                <div class=\"uk-panel uk-text-center\">\n\n                    \n                    \n                                        <div class=\"uk-text-center uk-margin uk-margin-remove-top\"><img decoding=\"async\" src=\"\/wp-content\/plugins\/widgetkit\/cache\/activites-hautes-alpes-1-3b06ec434696d1b2ac944c350eb528af.jpg\" class=\" uk-transition-scale-up uk-transition-opaque\" alt=\"Camping Hautes Alpes sisteron\" width=\"500\" height=\"400\"><\/div>\n                    \n                    \n                        \n                        \n                        \n                        \n                        \n                        \n                        \n                    \n                <\/div>\n\n            <\/li>\n\n                <\/ul>\n\n        \n            \n                \n                    <a href=\"#\" class=\"uk-position-center-left uk-position-small uk-hidden-hover\" uk-slidenav-previous uk-slider-item=\"previous\"><\/a>\n                    <a href=\"#\" class=\"uk-position-center-right uk-position-small uk-hidden-hover\" uk-slidenav-next uk-slider-item=\"next\"><\/a>\n\n                \n            \n        \n    <\/div>\n\n    \n        <ul class=\"uk-slider-nav uk-dotnav uk-flex-center uk-margin-remove-bottom\"><\/ul>\n    \n    \n<\/div>\n<\/div>\n\n\n\n<h2 class=\"wp-block-heading\">Familienfreundliche Freizeitaktivit\u00e4ten in Hautes-Alpes<\/h2>\n\n\n\n<div class=\"wp-block-yootheme-widgetkit\">\n<ul class=\"uk-accordion uk-text-left \" uk-accordion=\"\">\n\n        <li >\n\n    \n\n<h3 href class=\"uk-accordion-title\">Guides des 2 vall\u00e9es<\/h3>\n\n\n\n            \n\n        <div class=\"uk-accordion-content\">\n\n            \n            \n            \n                        <div class=\"uk-margin\"><p>Mit dem Fremdenf&uuml;hrerb&uuml;ro guides des 2 Vall&eacute;es steht Ihnen ein Team staatlich gepr&uuml;fter Fachleute zur Verf&uuml;gung, die Sie bei Aktivit&auml;ten im Hoch- und Mittelgebirge unterst&uuml;tzen : Canyoning, Klettern und Via Ferrata.<\/p>\n<p>F&uuml;r weitere Informationen treffen Sie Gwen sonntags bei unseren Pots d'accueil oder besuchen Sie uns auf <a href=\"https:\/\/guide2vallees.com\/\" target=\"_blank\" rel=\"noopener\">https:\/\/guide2vallees.com\/<\/a>.<\/p><\/div>\n            \n            \n            \n            \n        <\/div>\n\n    <\/li>\n        <li >\n\n    \n\n<h3 href class=\"uk-accordion-title\">Freizeitzentrum La Germanette<\/h3>\n\n\n\n            \n\n        <div class=\"uk-accordion-content\">\n\n            \n            \n            \n                        <div class=\"uk-margin\"><p>Ein einzigartiges 15 Hektar gro&szlig;es Anwesen in den S&uuml;dalpen, das Sie w&auml;hrend der gesamten Sommersaison in einer entspannten und famili&auml;ren Atmosph&auml;re empf&auml;ngt.<\/p>\n<p>Das Freizeitzentrum bietet verschiedene Aktivit&auml;ten, bei denen sich Jung und Alt wiederfinden.<\/p>\n<p>Wenn Sie auf der Suche nach einer Unterkunft sind, dann entdecken Sie den Campingplatz Domaine Les 2 Soleils in Rosans, der ideal im Herzen der wichtigsten Sehensw&uuml;rdigkeiten der Region liegt.<\/p>\n<p>Mehr Informationen: <a href=\"https:\/\/www.sisteron-buech.fr\/fr\/equipement\/base-loisirs-germanette\" target=\"_blank\" rel=\"noopener\">https:\/\/www.sisteron-buech.fr\/fr\/equipement\/base-loisirs-germanette<\/a><\/p><\/div>\n            \n            \n            \n            \n        <\/div>\n\n    <\/li>\n        <li >\n\n    \n\n<h3 href class=\"uk-accordion-title\">EVP \u2013 Allo Rafting Ubaye<\/h3>\n\n\n\n            \n\n        <div class=\"uk-accordion-content\">\n\n            \n            \n            \n                        <div class=\"uk-margin\"><p>Eau Vive Passion hei&szlig;t Sie t&auml;glich vom 1. April bis 1. Oktober von 8 bis 20 Uhr willkommen, um den Fluss Ubaye zu entdecken, der als einer der sch&ouml;nsten Orte Frankreichs f&uuml;r Rafting, Hot Dog und Wassersport gilt, Hydrospeed und Canyoning.<\/p>\n<p>Mehr Informationen : <a href=\"https:\/\/allo-rafting-ubaye.com\/\" target=\"_blank\" rel=\"noopener\">https:\/\/allo-rafting-ubaye.com\/<\/a><\/p><\/div>\n            \n            \n            \n            \n        <\/div>\n\n    <\/li>\n        <li >\n\n    \n\n<h3 href class=\"uk-accordion-title\">Die pferde von Lagrand<\/h3>\n\n\n\n            \n\n        <div class=\"uk-accordion-content\">\n\n            \n            \n            \n                        <div class=\"uk-margin\"><p>Samantha bietet Ihnen Ausritte in Form von Eskapaden rund um das Dorf Lagrand oder Galoppaden auf den Wanderwegen an, aber auch Baden zu Pferd, n&auml;chtliche Ausritte oder Malworkshops auf ihren Pferden, damit die Kinder eine Verbindung zu diesen gro&szlig;en Tieren aufbauen k&ouml;nnen. In jedem Fall ist es die Freude an der Begegnung und am Austausch, die Samantha leitet. Sie werden sie sicherlich bei unseren sonnt&auml;glichen Willkommenst&ouml;pfen treffen k&ouml;nnen.<\/p>\n<p>Weitere Informationen: <a href=\"https:\/\/www.sisteron-buech.fr\/de\/node\/216082\">https:\/\/www.sisteron-buech.fr\/de\/node\/216082<\/a>&nbsp;<\/p><\/div>\n            \n            \n            \n            \n        <\/div>\n\n    <\/li>\n        <li >\n\n    \n\n<h3 href class=\"uk-accordion-title\">H\u00f6hlenforschung Hautes-Alpes<\/h3>\n\n\n\n            \n\n        <div class=\"uk-accordion-content\">\n\n            \n            \n            \n                        <div class=\"uk-margin\"><p>Lust auf eine erfrischende Abk&uuml;hlung? Begeben Sie sich mit einem F&uuml;hrer, der sich an das Niveau jedes Einzelnen anpasst, in die Tiefen der Erde. Spielen Sie mit der ganzen Familie ab 5 Jahren in einer H&ouml;hle Entdecker. Das ist sportlich, spielerisch, lehrreich und voller &Uuml;berraschungen. Mit den Gr&ouml;&szlig;eren, ab 10 Jahren, erleben Sie ein zeitloses Abenteuer in neuen Landschaften. Selbst&uuml;berwindung und Nervenkitzel sind garantiert.<\/p>\n<p>Treffen Sie Marc bei unseren sonnt&auml;glichen Empfangstrinken wieder, und wenn er nicht da ist, fragen Sie an der Rezeption nach.<\/p>\n<p>Weitere Informationen:<a href=\"https:\/\/www.speleologie-hautes-alpes.fr\/\"> https:\/\/www.speleologie-hautes-alpes.fr\/<\/a><\/p><\/div>\n            \n            \n            \n            \n        <\/div>\n\n    <\/li>\n    \n<\/ul>\n<\/div>\n","protected":false},"excerpt":{"rendered":"<p>Am Campingplatz Les 2 Soleils zu kommen, ist gleichzusetzen mit dem Entdecken einer Vielzahl an Aktivit\u00e4ten, vom farniente, \u00fcber Sport, die Unumg\u00e4nglichen, ob alleine, in der Familie oder mit Freunden, es ist der Moment um neue Erfahrungen zu sammeln und sch\u00f6ne Erinnerungen im Herzen der Berge in der Provence-Alpes-C\u00f4te-d&#8217;Azur! Wassersport in der Region PACA Genie\u00dfen [&hellip;]<\/p>\n","protected":false},"author":1,"featured_media":0,"parent":0,"menu_order":0,"comment_status":"closed","ping_status":"closed","template":"","meta":{"_acf_changed":false,"footnotes":""},"class_list":["post-4781","page","type-page","status-publish","hentry"],"acf":[],"yoast_head":"<!-- This site is optimized with the Yoast SEO plugin v27.3 - https:\/\/yoast.com\/product\/yoast-seo-wordpress\/ -->\n<title>Was Sie in PACA unternehmen k\u00f6nnen Was man in Provence Alpes C\u00f4te d&#039;Azur getan haben muss<\/title>\n<meta name=\"robots\" content=\"index, follow, max-snippet:-1, max-image-preview:large, max-video-preview:-1\" \/>\n<link rel=\"canonical\" href=\"https:\/\/www.domaine-2soleils.com\/de\/aktivitaeten-in-der-umgebung-paca\/\" \/>\n<meta property=\"og:locale\" content=\"de_DE\" \/>\n<meta property=\"og:type\" content=\"article\" \/>\n<meta property=\"og:title\" content=\"Was Sie in PACA unternehmen k\u00f6nnen Was man in Provence Alpes C\u00f4te d&#039;Azur getan haben muss\" \/>\n<meta property=\"og:description\" content=\"Am Campingplatz Les 2 Soleils zu kommen, ist gleichzusetzen mit dem Entdecken einer Vielzahl an Aktivit\u00e4ten, vom farniente, \u00fcber Sport, die Unumg\u00e4nglichen, ob alleine, in der Familie oder mit Freunden, es ist der Moment um neue Erfahrungen zu sammeln und sch\u00f6ne Erinnerungen im Herzen der Berge in der Provence-Alpes-C\u00f4te-d&#8217;Azur! Wassersport in der Region PACA Genie\u00dfen [&hellip;]\" \/>\n<meta property=\"og:url\" content=\"https:\/\/www.domaine-2soleils.com\/de\/aktivitaeten-in-der-umgebung-paca\/\" \/>\n<meta property=\"og:site_name\" content=\"Domaine des 2 soleils\" \/>\n<meta property=\"article:modified_time\" content=\"2023-05-05T09:27:28+00:00\" \/>\n<meta name=\"twitter:card\" content=\"summary_large_image\" \/>\n<meta name=\"twitter:label1\" content=\"Gesch\u00e4tzte Lesezeit\" \/>\n\t<meta name=\"twitter:data1\" content=\"2\u00a0Minuten\" \/>\n<script type=\"application\/ld+json\" class=\"yoast-schema-graph\">{\"@context\":\"https:\\\/\\\/schema.org\",\"@graph\":[{\"@type\":\"WebPage\",\"@id\":\"https:\\\/\\\/www.domaine-2soleils.com\\\/de\\\/aktivitaeten-in-der-umgebung-paca\\\/\",\"url\":\"https:\\\/\\\/www.domaine-2soleils.com\\\/de\\\/aktivitaeten-in-der-umgebung-paca\\\/\",\"name\":\"Was Sie in PACA unternehmen k\u00f6nnen Was man in Provence Alpes C\u00f4te d'Azur getan haben muss\",\"isPartOf\":{\"@id\":\"https:\\\/\\\/www.domaine-2soleils.com\\\/de\\\/#website\"},\"datePublished\":\"2023-04-20T12:10:07+00:00\",\"dateModified\":\"2023-05-05T09:27:28+00:00\",\"breadcrumb\":{\"@id\":\"https:\\\/\\\/www.domaine-2soleils.com\\\/de\\\/aktivitaeten-in-der-umgebung-paca\\\/#breadcrumb\"},\"inLanguage\":\"de\",\"potentialAction\":[{\"@type\":\"ReadAction\",\"target\":[\"https:\\\/\\\/www.domaine-2soleils.com\\\/de\\\/aktivitaeten-in-der-umgebung-paca\\\/\"]}]},{\"@type\":\"BreadcrumbList\",\"@id\":\"https:\\\/\\\/www.domaine-2soleils.com\\\/de\\\/aktivitaeten-in-der-umgebung-paca\\\/#breadcrumb\",\"itemListElement\":[{\"@type\":\"ListItem\",\"position\":1,\"name\":\"Camping Hautes-Alpes\",\"item\":\"https:\\\/\\\/www.domaine-2soleils.com\\\/de\\\/\"},{\"@type\":\"ListItem\",\"position\":2,\"name\":\"Urlaub in Provence-Alpes-C\u00f4te-d&#8217;Azur: Aktivit\u00e4ten \u00a0zut un zu sehen in Serres\"}]},{\"@type\":\"WebSite\",\"@id\":\"https:\\\/\\\/www.domaine-2soleils.com\\\/de\\\/#website\",\"url\":\"https:\\\/\\\/www.domaine-2soleils.com\\\/de\\\/\",\"name\":\"Domaine des 2 soleils\",\"description\":\"\",\"potentialAction\":[{\"@type\":\"SearchAction\",\"target\":{\"@type\":\"EntryPoint\",\"urlTemplate\":\"https:\\\/\\\/www.domaine-2soleils.com\\\/de\\\/?s={search_term_string}\"},\"query-input\":{\"@type\":\"PropertyValueSpecification\",\"valueRequired\":true,\"valueName\":\"search_term_string\"}}],\"inLanguage\":\"de\"}]}<\/script>\n<!-- \/ Yoast SEO plugin. -->","yoast_head_json":{"title":"Was Sie in PACA unternehmen k\u00f6nnen Was man in Provence Alpes C\u00f4te d'Azur getan haben muss","robots":{"index":"index","follow":"follow","max-snippet":"max-snippet:-1","max-image-preview":"max-image-preview:large","max-video-preview":"max-video-preview:-1"},"canonical":"https:\/\/www.domaine-2soleils.com\/de\/aktivitaeten-in-der-umgebung-paca\/","og_locale":"de_DE","og_type":"article","og_title":"Was Sie in PACA unternehmen k\u00f6nnen Was man in Provence Alpes C\u00f4te d'Azur getan haben muss","og_description":"Am Campingplatz Les 2 Soleils zu kommen, ist gleichzusetzen mit dem Entdecken einer Vielzahl an Aktivit\u00e4ten, vom farniente, \u00fcber Sport, die Unumg\u00e4nglichen, ob alleine, in der Familie oder mit Freunden, es ist der Moment um neue Erfahrungen zu sammeln und sch\u00f6ne Erinnerungen im Herzen der Berge in der Provence-Alpes-C\u00f4te-d&#8217;Azur! Wassersport in der Region PACA Genie\u00dfen [&hellip;]","og_url":"https:\/\/www.domaine-2soleils.com\/de\/aktivitaeten-in-der-umgebung-paca\/","og_site_name":"Domaine des 2 soleils","article_modified_time":"2023-05-05T09:27:28+00:00","twitter_card":"summary_large_image","twitter_misc":{"Gesch\u00e4tzte Lesezeit":"2\u00a0Minuten"},"schema":{"@context":"https:\/\/schema.org","@graph":[{"@type":"WebPage","@id":"https:\/\/www.domaine-2soleils.com\/de\/aktivitaeten-in-der-umgebung-paca\/","url":"https:\/\/www.domaine-2soleils.com\/de\/aktivitaeten-in-der-umgebung-paca\/","name":"Was Sie in PACA unternehmen k\u00f6nnen Was man in Provence Alpes C\u00f4te d'Azur getan haben muss","isPartOf":{"@id":"https:\/\/www.domaine-2soleils.com\/de\/#website"},"datePublished":"2023-04-20T12:10:07+00:00","dateModified":"2023-05-05T09:27:28+00:00","breadcrumb":{"@id":"https:\/\/www.domaine-2soleils.com\/de\/aktivitaeten-in-der-umgebung-paca\/#breadcrumb"},"inLanguage":"de","potentialAction":[{"@type":"ReadAction","target":["https:\/\/www.domaine-2soleils.com\/de\/aktivitaeten-in-der-umgebung-paca\/"]}]},{"@type":"BreadcrumbList","@id":"https:\/\/www.domaine-2soleils.com\/de\/aktivitaeten-in-der-umgebung-paca\/#breadcrumb","itemListElement":[{"@type":"ListItem","position":1,"name":"Camping Hautes-Alpes","item":"https:\/\/www.domaine-2soleils.com\/de\/"},{"@type":"ListItem","position":2,"name":"Urlaub in Provence-Alpes-C\u00f4te-d&#8217;Azur: Aktivit\u00e4ten \u00a0zut un zu sehen in Serres"}]},{"@type":"WebSite","@id":"https:\/\/www.domaine-2soleils.com\/de\/#website","url":"https:\/\/www.domaine-2soleils.com\/de\/","name":"Domaine des 2 soleils","description":"","potentialAction":[{"@type":"SearchAction","target":{"@type":"EntryPoint","urlTemplate":"https:\/\/www.domaine-2soleils.com\/de\/?s={search_term_string}"},"query-input":{"@type":"PropertyValueSpecification","valueRequired":true,"valueName":"search_term_string"}}],"inLanguage":"de"}]}},"_links":{"self":[{"href":"https:\/\/www.domaine-2soleils.com\/de\/wp-json\/wp\/v2\/pages\/4781","targetHints":{"allow":["GET"]}}],"collection":[{"href":"https:\/\/www.domaine-2soleils.com\/de\/wp-json\/wp\/v2\/pages"}],"about":[{"href":"https:\/\/www.domaine-2soleils.com\/de\/wp-json\/wp\/v2\/types\/page"}],"author":[{"embeddable":true,"href":"https:\/\/www.domaine-2soleils.com\/de\/wp-json\/wp\/v2\/users\/1"}],"replies":[{"embeddable":true,"href":"https:\/\/www.domaine-2soleils.com\/de\/wp-json\/wp\/v2\/comments?post=4781"}],"version-history":[{"count":2,"href":"https:\/\/www.domaine-2soleils.com\/de\/wp-json\/wp\/v2\/pages\/4781\/revisions"}],"predecessor-version":[{"id":4993,"href":"https:\/\/www.domaine-2soleils.com\/de\/wp-json\/wp\/v2\/pages\/4781\/revisions\/4993"}],"wp:attachment":[{"href":"https:\/\/www.domaine-2soleils.com\/de\/wp-json\/wp\/v2\/media?parent=4781"}],"curies":[{"name":"wp","href":"https:\/\/api.w.org\/{rel}","templated":true}]}}